{"id":7379,"date":"2022-02-24T14:00:52","date_gmt":"2022-02-24T14:00:52","guid":{"rendered":"https:\/\/www.bergtecinternational.com\/equipment-water-public-works-industry\/couverture-passerelle\/passerelles\/"},"modified":"2023-10-03T16:32:43","modified_gmt":"2023-10-03T16:32:43","slug":"platform-footbridge","status":"publish","type":"page","link":"https:\/\/www.bergtecinternational.com\/en\/equipment-water-public-works-industry\/flooring-footbridge\/platform-footbridge\/","title":{"rendered":"PLATFORM &#8211; FOOTBRIDGE"},"content":{"rendered":"<div class=\"wpb-content-wrapper\"><p>[vc_row][vc_column][vc_custom_heading text=&#8221;Expert since 1970&#8243; font_container=&#8221;tag:h3|font_size:26|text_align:center|color:%2341b6e6&#8243; use_theme_fonts=&#8221;yes&#8221; el_class=&#8221;our_services_heading1&#8243;][vc_custom_heading text=&#8221;Footbridge&#8221; font_container=&#8221;tag:h2|font_size:38|text_align:center|color:%23000000&#8243; use_theme_fonts=&#8221;yes&#8221; el_class=&#8221;our_services_heading2&#8243; css=&#8221;.vc_custom_1696257744066{margin-bottom: 30px !important;}&#8221;][vc_custom_heading text=&#8221;Acc. to EN ISO 14122-2 and NF E 85-014&#8243; font_container=&#8221;tag:div|font_size:22|text_align:center|color:%23555555&#8243; use_theme_fonts=&#8221;yes&#8221; css=&#8221;.vc_custom_1696350118983{margin-bottom: 40px !important;}&#8221;][\/vc_column][\/vc_row][vc_row][vc_column][vc_tta_tour style=&#8221;modern&#8221; shape=&#8221;square&#8221; color=&#8221;white&#8221; spacing=&#8221;10&#8243; gap=&#8221;30&#8243; active_section=&#8221;1&#8243; no_fill_content_area=&#8221;true&#8221; css=&#8221;.vc_custom_1664632912749{background-color: #ffffff !important;}&#8221;][vc_tta_section i_icon_fontawesome=&#8221;far fa-file-alt&#8221; add_icon=&#8221;true&#8221; title=&#8221;Description&#8221; tab_id=&#8221;description&#8221;][vc_custom_heading text=&#8221;&#8221; font_container=&#8221;tag:h3|font_size:20px|text_align:left&#8221; use_theme_fonts=&#8221;yes&#8221; css=&#8221;.vc_custom_1665340849626{margin-bottom: 20px !important;}&#8221;][vc_column_text css=&#8221;.vc_custom_1696350719072{margin-bottom: 20px !important;}&#8221;]<\/p>\n<p id=\"tw-target-text\" class=\"tw-data-text tw-text-large tw-ta\" dir=\"ltr\" data-placeholder=\"Traduction\" data-ved=\"2ahUKEwjx3e2Kn9qBAxVwhv0HHQ1bDVIQ3ewLegQIBhAQ\"><span class=\"Y2IQFc\" lang=\"en\">Standard manufacturing according to: <\/span><\/p>\n<p class=\"tw-data-text tw-text-large tw-ta\" dir=\"ltr\" data-placeholder=\"Traduction\" data-ved=\"2ahUKEwjx3e2Kn9qBAxVwhv0HHQ1bDVIQ3ewLegQIBhAQ\"><span class=\"Y2IQFc\" lang=\"en\">For a maxi. spread load of 250 kg\/M2<\/span><\/p>\n<p class=\"tw-data-text tw-text-large tw-ta\" dir=\"ltr\" data-placeholder=\"Traduction\" data-ved=\"2ahUKEwjx3e2Kn9qBAxVwhv0HHQ1bDVIQ3ewLegQIBhAQ\"><span class=\"Y2IQFc\" lang=\"en\">Deformation under load of 1\/200th <\/span><\/p>\n<p class=\"tw-data-text tw-text-large tw-ta\" dir=\"ltr\" data-placeholder=\"Traduction\" data-ved=\"2ahUKEwjx3e2Kn9qBAxVwhv0HHQ1bDVIQ3ewLegQIBhAQ\"><span class=\"Y2IQFc\" lang=\"en\">All dimensions available on request and quote.<\/span><\/p>\n<h3><strong>Standard framework high 125 mm or 145 mm<\/strong><\/h3>\n<p><strong>R\u00e9f. 2110\/42<\/strong>\u00a0&#8211; with framework high 125mm and \u00a0perforated flooring high 25mm<\/p>\n<p><strong>R\u00e9f. 2110\/43<\/strong> \u2013 with framework high 125mm and \u00a0perforated flooring high 45mm<\/p>\n<p><strong>R\u00e9f. 2110\/32<\/strong> \u2013 with framework high 125mm and \u00a0non-perforated flooring high 25mm<\/p>\n<p><strong>R\u00e9f. 2110\/33<\/strong> \u2013 with framework high 125mm and \u00a0non-perforated flooring high 45mm<\/p>\n<p><strong>R\u00e9f. 2110\/10<\/strong> \u2013 Platelage en\u00a0 t\u00f4le stri\u00e9e antid\u00e9rapante, \u00e9paisseur 5,4 mm avec \u00e9l\u00e9ments raidisseurs.<\/p>\n<h3><strong>Construction :\u00a0<\/strong><\/h3>\n<p id=\"tw-target-text\" class=\"tw-data-text tw-text-large tw-ta\" dir=\"ltr\" data-placeholder=\"Traduction\" data-ved=\"2ahUKEwjx3e2Kn9qBAxVwhv0HHQ1bDVIQ3ewLegQIBhAQ\"><span class=\"Y2IQFc\" lang=\"en\">The walkways are either fixed to posts or to the wall with strut(s). <\/span><\/p>\n<p class=\"tw-data-text tw-text-large tw-ta\" dir=\"ltr\" data-placeholder=\"Traduction\" data-ved=\"2ahUKEwjx3e2Kn9qBAxVwhv0HHQ1bDVIQ3ewLegQIBhAQ\"><span class=\"Y2IQFc\" lang=\"en\">All necessary cuts for pipe passage or other, can be made on request without weakening the structure.<\/span><\/p>\n<p>[\/vc_column_text][\/vc_tta_section][vc_tta_section i_icon_fontawesome=&#8221;far fa-images&#8221; add_icon=&#8221;true&#8221; title=&#8221;Projects&#8221; tab_id=&#8221;projects&#8221;][vc_custom_heading text=&#8221;&#8221; font_container=&#8221;tag:h3|font_size:20px|text_align:left&#8221; use_theme_fonts=&#8221;yes&#8221; css=&#8221;.vc_custom_1665340835901{padding-bottom: 15px !important;}&#8221;][vc_media_grid gap=&#8221;15&#8243; item=&#8221;mediaGrid_SimpleOverlay&#8221; grid_id=&#8221;vc_gid:1696350097514-5b121b8d-770f-7&#8243; include=&#8221;3669,3671,3673,3675,3679,3681,3683,3685,3687,7525,7522,7519&#8243;][\/vc_tta_section][\/vc_tta_tour][\/vc_column][\/vc_row][vc_row][vc_column][vc_empty_space][\/vc_column][\/vc_row][vc_row full_width=&#8221;stretch_row&#8221; css=&#8221;.vc_custom_1678722809630{padding-top: 30px !important;padding-bottom: 30px !important;background-color: #2c34a4 !important;background-position: center !important;background-repeat: no-repeat !important;background-size: cover !important;}&#8221; el_class=&#8221;home_quote&#8221;][vc_column width=&#8221;3\/4&#8243;][vc_custom_heading text=&#8221;Contact us for a quotation&#8221; font_container=&#8221;tag:div|font_size:32|text_align:left|color:%23ffffff&#8221; use_theme_fonts=&#8221;yes&#8221; css_animation=&#8221;zoomIn&#8221; el_class=&#8221;home_quote_txt&#8221;][vc_column_text css_animation=&#8221;zoomIn&#8221;]<span style=\"color: #ffffff;\">All tailor-made solutions available<\/span>[\/vc_column_text][\/vc_column][vc_column width=&#8221;1\/4&#8243;][vc_empty_space][vc_btn title=&#8221;CONTACT US&#8221; shape=&#8221;square&#8221; align=&#8221;left&#8221; i_align=&#8221;right&#8221; i_icon_fontawesome=&#8221;fas fa-arrow-right&#8221; css_animation=&#8221;slideInRight&#8221; button_block=&#8221;true&#8221; add_icon=&#8221;true&#8221; link=&#8221;url:https%3A%2F%2Fwww.bergtecinternational.com%2Fen%2Fcontact-us%2F|title:Contact-us&#8221; el_class=&#8221;home_quote_btn&#8221;][\/vc_column][\/vc_row]<\/p>\n<\/div>","protected":false},"excerpt":{"rendered":"<p>[vc_row][vc_column][vc_custom_heading text=&#8221;Expert since 1970&#8243; font_container=&#8221;tag:h3|font_size:26|text_align:center|color:%2341b6e6&#8243; use_theme_fonts=&#8221;yes&#8221; el_class=&#8221;our_services_heading1&#8243;][vc_custom_heading text=&#8221;Footbridge&#8221; font_container=&#8221;tag:h2|font_size:38|text_align:center|color:%23000000&#8243; use_theme_fonts=&#8221;yes&#8221; el_class=&#8221;our_services_heading2&#8243; css=&#8221;.vc_custom_1696257744066{margin-bottom: 30px !important;}&#8221;][vc_custom_heading text=&#8221;Acc. to EN ISO 14122-2 and [&hellip;]<\/p>\n","protected":false},"author":2,"featured_media":0,"parent":7374,"menu_order":5,"comment_status":"closed","ping_status":"closed","template":"","meta":{"om_disable_all_campaigns":false,"_monsterinsights_skip_tracking":false,"_monsterinsights_sitenote_active":false,"_monsterinsights_sitenote_note":"","_monsterinsights_sitenote_category":0,"footnotes":""},"class_list":["post-7379","page","type-page","status-publish","hentry"],"aioseo_notices":[],"_links":{"self":[{"href":"https:\/\/www.bergtecinternational.com\/en\/wp-json\/wp\/v2\/pages\/7379","targetHints":{"allow":["GET"]}}],"collection":[{"href":"https:\/\/www.bergtecinternational.com\/en\/wp-json\/wp\/v2\/pages"}],"about":[{"href":"https:\/\/www.bergtecinternational.com\/en\/wp-json\/wp\/v2\/types\/page"}],"author":[{"embeddable":true,"href":"https:\/\/www.bergtecinternational.com\/en\/wp-json\/wp\/v2\/users\/2"}],"replies":[{"embeddable":true,"href":"https:\/\/www.bergtecinternational.com\/en\/wp-json\/wp\/v2\/comments?post=7379"}],"version-history":[{"count":0,"href":"https:\/\/www.bergtecinternational.com\/en\/wp-json\/wp\/v2\/pages\/7379\/revisions"}],"up":[{"embeddable":true,"href":"https:\/\/www.bergtecinternational.com\/en\/wp-json\/wp\/v2\/pages\/7374"}],"wp:attachment":[{"href":"https:\/\/www.bergtecinternational.com\/en\/wp-json\/wp\/v2\/media?parent=7379"}],"curies":[{"name":"wp","href":"https:\/\/api.w.org\/{rel}","templated":true}]}}