{"id":7251,"date":"2022-10-03T18:50:47","date_gmt":"2022-10-03T18:50:47","guid":{"rendered":"https:\/\/www.bergtecinternational.com\/equipment-water-industry-roads\/securisation-acces\/trappe-charge-legere\/"},"modified":"2024-09-21T09:42:03","modified_gmt":"2024-09-21T09:42:03","slug":"light-duty-covers","status":"publish","type":"page","link":"https:\/\/www.bergtecinternational.com\/en\/equipment-water-public-works-industry\/access-security-equipment\/light-duty-covers\/","title":{"rendered":"LIGHT DUTY COVERS"},"content":{"rendered":"<div class=\"wpb-content-wrapper\"><p>[vc_row][vc_column][vc_custom_heading text=&#8221;Expert since 1970&#8243; font_container=&#8221;tag:h3|font_size:26|text_align:center|color:%2341b6e6&#8243; use_theme_fonts=&#8221;yes&#8221; el_class=&#8221;our_services_heading1&#8243;][vc_custom_heading text=&#8221;Cover for duty below B125&#8243; font_container=&#8221;tag:h2|font_size:38|text_align:center|color:%23000000&#8243; use_theme_fonts=&#8221;yes&#8221; css=&#8221;.vc_custom_1694011449600{margin-bottom: 30px !important;}&#8221; el_class=&#8221;our_services_heading2&#8243;][vc_custom_heading text=&#8221;&#8221; font_container=&#8221;tag:div|font_size:22|text_align:center|color:%23555555&#8243; use_theme_fonts=&#8221;yes&#8221; css=&#8221;.vc_custom_1666024447676{margin-bottom: 40px !important;}&#8221;][\/vc_column][\/vc_row][vc_row][vc_column][vc_tta_tour style=&#8221;modern&#8221; shape=&#8221;square&#8221; color=&#8221;white&#8221; spacing=&#8221;10&#8243; gap=&#8221;30&#8243; active_section=&#8221;1&#8243; no_fill_content_area=&#8221;true&#8221; css=&#8221;.vc_custom_1664632912749{background-color: #ffffff !important;}&#8221;][vc_tta_section i_icon_fontawesome=&#8221;far fa-file-alt&#8221; add_icon=&#8221;true&#8221; title=&#8221;Description&#8221; tab_id=&#8221;description&#8221;][vc_row_inner][vc_column_inner][vc_cta h2=&#8221;Cover to be cast in&#8221; h4=&#8221;Complying to INRS ED 6076 :2010&#8243;]<\/p>\n<h3><strong><br \/>\nMati\u00e8re\u00a0: <\/strong><\/h3>\n<p>Aluminium, acier galvanis\u00e9 ou inoxydable, fibre de verre.<\/p>\n<h3><strong>Construction :<\/strong><\/h3>\n<ul>\n<li>Grille anti-chute (r\u00e9sistance au choc de 1200 joules)<\/li>\n<li>D\u00e9formation sous charge de 1\/200\u00e8me de la port\u00e9e<\/li>\n<li>Charge standard d\u2019exploitation 250 kg\/m\u00b2<\/li>\n<li>Toutes surcharges suppl\u00e9mentaires possibles sur demande<\/li>\n<li>T\u00f4le damier antid\u00e9rapante, \u00e9paisseur 3 \u00e0 6 mm<\/li>\n<li>Ex\u00e9cution carr\u00e9e, rectangulaire ou circulaire<\/li>\n<li>Cadre \u00e0 sceller dans r\u00e9servation b\u00e9ton<\/li>\n<\/ul>\n<h3><strong><br \/>\nAnti-chute\u00a0:<\/strong><\/h3>\n<ul>\n<li>Syst\u00e8me avec barreaux antichute reli\u00e9s<\/li>\n<li>Syst\u00e8me avec barreaux antichute ind\u00e9pendants<\/li>\n<li>Syst\u00e8me avec t\u00f4le perfor\u00e9e renforc\u00e9e<\/li>\n<\/ul>\n<p>[\/vc_cta][\/vc_column_inner][\/vc_row_inner][\/vc_tta_section][vc_tta_section i_icon_fontawesome=&#8221;far fa-plus-square&#8221; add_icon=&#8221;true&#8221; title=&#8221;Accessories&#8221; tab_id=&#8221;accessories&#8221;][vc_row_inner][vc_column_inner][vc_cta h2=&#8221;Accessories for light duty cover&#8221; h4=&#8221;Complying to INRS ED 6076 :2010&#8243;]<\/p>\n<ul>\n<li><i class=\"fa fa-angle-double-right\"><\/i>Protruding hinges (for opening angle of the plate up to 180\u00b0)\u00a0o concealed \u00a0hinges with limited opening angle of 90\u00b0)<\/li>\n<li><i class=\"fa fa-angle-double-right\"><\/i>Lifting grip (flat concealed and water tight)<\/li>\n<li><i class=\"fa fa-angle-double-right\"><\/i>\u00a0Manual crutch<\/li>\n<li><i class=\"fa fa-angle-double-right\"><\/i>\u00a0Gas or mechanical struts<\/li>\n<li><i class=\"fa fa-angle-double-right\"><\/i>\u00a0Thermal or phonic insulation<\/li>\n<li><i class=\"fa fa-angle-double-right\"><\/i>\u00a0EPDM sealant gaskets<\/li>\n<li><i class=\"fa fa-angle-double-right\"><\/i>\u00a0Additional compression bolts for upgraded tightness<\/li>\n<li><i class=\"fa fa-angle-double-right\"><\/i>\u00a0Locking with hydrant key or padlock<\/li>\n<li><i class=\"fa fa-angle-double-right\"><\/i>\u00a0Ventilation pipe with mosquito nets<\/li>\n<li><i class=\"fa fa-angle-double-right\"><\/i>\u00a0Fall-arrester screen (stress load 1200 Joules)<\/li>\n<\/ul>\n<p>[\/vc_cta][\/vc_column_inner][\/vc_row_inner][\/vc_tta_section][vc_tta_section i_icon_fontawesome=&#8221;far fa-images&#8221; add_icon=&#8221;true&#8221; title=&#8221;Projects&#8221; tab_id=&#8221;projects&#8221;][vc_custom_heading text=&#8221;LIGHT DUTY COVERS&#8221; font_container=&#8221;tag:h3|font_size:20px|text_align:left&#8221; use_theme_fonts=&#8221;yes&#8221; css=&#8221;.vc_custom_1696257415208{margin-bottom: 20px !important;}&#8221;][vc_media_grid gap=&#8221;15&#8243; item=&#8221;mediaGrid_SimpleOverlay&#8221; css=&#8221;.vc_custom_1726911701043{margin-bottom: 25px !important;}&#8221; grid_id=&#8221;vc_gid:1726911578582-d1c9bfd6-49a3-1&#8243; include=&#8221;6010,6011,6012,7660,7657,7654,7644,10042&#8243;][\/vc_tta_section][\/vc_tta_tour][\/vc_column][\/vc_row][vc_row][vc_column][vc_empty_space][\/vc_column][\/vc_row][vc_row full_width=&#8221;stretch_row&#8221; css=&#8221;.vc_custom_1678722809630{padding-top: 30px !important;padding-bottom: 30px !important;background-color: #2c34a4 !important;background-position: center !important;background-repeat: no-repeat !important;background-size: cover !important;}&#8221; el_class=&#8221;home_quote&#8221;][vc_column width=&#8221;3\/4&#8243;][vc_custom_heading text=&#8221;Contact us for a quotation&#8221; font_container=&#8221;tag:div|font_size:32|text_align:left|color:%23ffffff&#8221; use_theme_fonts=&#8221;yes&#8221; css_animation=&#8221;zoomIn&#8221; el_class=&#8221;home_quote_txt&#8221;][vc_column_text css_animation=&#8221;zoomIn&#8221;]<span style=\"color: #ffffff;\">All tailor-made solutions available<\/span>[\/vc_column_text][\/vc_column][vc_column width=&#8221;1\/4&#8243;][vc_empty_space][vc_btn title=&#8221;CONTACT US&#8221; shape=&#8221;square&#8221; align=&#8221;left&#8221; i_align=&#8221;right&#8221; i_icon_fontawesome=&#8221;fas fa-arrow-right&#8221; css_animation=&#8221;slideInRight&#8221; button_block=&#8221;true&#8221; add_icon=&#8221;true&#8221; link=&#8221;url:https%3A%2F%2Fwww.bergtecinternational.com%2Fen%2Fcontact-us%2F|title:Contact-us&#8221; el_class=&#8221;home_quote_btn&#8221;][\/vc_column][\/vc_row]<\/p>\n<\/div>","protected":false},"excerpt":{"rendered":"<p>[vc_row][vc_column][vc_custom_heading text=&#8221;Expert since 1970&#8243; font_container=&#8221;tag:h3|font_size:26|text_align:center|color:%2341b6e6&#8243; use_theme_fonts=&#8221;yes&#8221; el_class=&#8221;our_services_heading1&#8243;][vc_custom_heading text=&#8221;Cover for duty below B125&#8243; font_container=&#8221;tag:h2|font_size:38|text_align:center|color:%23000000&#8243; use_theme_fonts=&#8221;yes&#8221; css=&#8221;.vc_custom_1694011449600{margin-bottom: 30px !important;}&#8221; el_class=&#8221;our_services_heading2&#8243;][vc_custom_heading text=&#8221;&#8221; font_container=&#8221;tag:div|font_size:22|text_align:center|color:%23555555&#8243; [&hellip;]<\/p>\n","protected":false},"author":2,"featured_media":0,"parent":7244,"menu_order":4,"comment_status":"closed","ping_status":"closed","template":"","meta":{"om_disable_all_campaigns":false,"_monsterinsights_skip_tracking":false,"_monsterinsights_sitenote_active":false,"_monsterinsights_sitenote_note":"","_monsterinsights_sitenote_category":0,"footnotes":""},"class_list":["post-7251","page","type-page","status-publish","hentry"],"aioseo_notices":[],"_links":{"self":[{"href":"https:\/\/www.bergtecinternational.com\/en\/wp-json\/wp\/v2\/pages\/7251","targetHints":{"allow":["GET"]}}],"collection":[{"href":"https:\/\/www.bergtecinternational.com\/en\/wp-json\/wp\/v2\/pages"}],"about":[{"href":"https:\/\/www.bergtecinternational.com\/en\/wp-json\/wp\/v2\/types\/page"}],"author":[{"embeddable":true,"href":"https:\/\/www.bergtecinternational.com\/en\/wp-json\/wp\/v2\/users\/2"}],"replies":[{"embeddable":true,"href":"https:\/\/www.bergtecinternational.com\/en\/wp-json\/wp\/v2\/comments?post=7251"}],"version-history":[{"count":0,"href":"https:\/\/www.bergtecinternational.com\/en\/wp-json\/wp\/v2\/pages\/7251\/revisions"}],"up":[{"embeddable":true,"href":"https:\/\/www.bergtecinternational.com\/en\/wp-json\/wp\/v2\/pages\/7244"}],"wp:attachment":[{"href":"https:\/\/www.bergtecinternational.com\/en\/wp-json\/wp\/v2\/media?parent=7251"}],"curies":[{"name":"wp","href":"https:\/\/api.w.org\/{rel}","templated":true}]}}