{"id":8611,"date":"2021-05-24T19:46:39","date_gmt":"2021-05-24T19:46:39","guid":{"rendered":"https:\/\/www.bergtecinternational.com\/contactez-nous\/"},"modified":"2024-09-18T08:23:13","modified_gmt":"2024-09-18T08:23:13","slug":"kontakt","status":"publish","type":"page","link":"https:\/\/www.bergtecinternational.com\/de\/kontakt\/","title":{"rendered":"Kontaktieren Sie uns"},"content":{"rendered":"<div class=\"wpb-content-wrapper\"><p>[vc_row][vc_column width=&#8220;3\/4&#8243;][vc_custom_heading text=&#8220;Kontaktieren Sie unser Team per E-Mail&#8220; font_container=&#8220;tag:div|font_size:26|text_align:left|color:%23000000&#8243; use_theme_fonts=&#8220;yes&#8220; css=&#8220;.vc_custom_1726647633203{margin-bottom: 20px !important;}&#8220;][vc_column_text css=&#8220;.vc_custom_1709215031484{margin-bottom: 20px !important;}&#8220;]F\u00fcr Ihre Anfragen bez\u00fcglich einer Machbarkeitsstudie oder eines Preises, \u00fcbermitteln Sie uns bitte so viele Informationen wie m\u00f6glich:<\/p>\n<ul>\n<li>Ausschreibungstest &#8211; Listenverzeichnis,<\/li>\n<li>Technische Beschreibung,<\/li>\n<li>Detaillierter Tiefbauplan (Schnitt- und Grundrissansichten ),<\/li>\n<li>Fotos usw.,<\/li>\n<\/ul>\n<p>indem Sie uns direkt an die E-Mail-Adresse: <strong>info @ bergtec.ch<\/strong> schreiben.<\/p>\n<p>F\u00fcr alle anderen Anfragen k\u00f6nnen Sie das untenstehende Formular ausf\u00fcllen.[\/vc_column_text]\n<div class=\"wpcf7 no-js\" id=\"wpcf7-f10008-o1\" lang=\"de-DE\" dir=\"ltr\" data-wpcf7-id=\"10008\">\n<div class=\"screen-reader-response\"><p role=\"status\" aria-live=\"polite\" aria-atomic=\"true\"><\/p> <ul><\/ul><\/div>\n<form action=\"\/de\/wp-json\/wp\/v2\/pages\/8611#wpcf7-f10008-o1\" method=\"post\" class=\"wpcf7-form init\" aria-label=\"Kontaktformular\" novalidate=\"novalidate\" data-status=\"init\">\n<fieldset class=\"hidden-fields-container\"><input type=\"hidden\" name=\"_wpcf7\" value=\"10008\" \/><input type=\"hidden\" name=\"_wpcf7_version\" value=\"6.1.5\" \/><input type=\"hidden\" name=\"_wpcf7_locale\" value=\"de_DE\" \/><input type=\"hidden\" name=\"_wpcf7_unit_tag\" value=\"wpcf7-f10008-o1\" \/><input type=\"hidden\" name=\"_wpcf7_container_post\" value=\"0\" \/><input type=\"hidden\" name=\"_wpcf7_posted_data_hash\" value=\"\" \/><input type=\"hidden\" name=\"_wpcf7_recaptcha_response\" value=\"\" \/>\n<\/fieldset>\n<div class=\"row contact_form2\">\n\t<div class=\"col-md-6\">\n\t\t<p><span class=\"wpcf7-form-control-wrap\" data-name=\"company\"><input size=\"40\" maxlength=\"400\" class=\"wpcf7-form-control wpcf7-text wpcf7-validates-as-required\" aria-required=\"true\" aria-invalid=\"false\" placeholder=\"Name Unternehmen\/Organisation oder Einzelperson*\" value=\"\" type=\"text\" name=\"company\" \/><\/span>\n\t\t<\/p>\n\t<\/div>\n\t<div class=\"col-md-6\">\n\t\t<p><span class=\"wpcf7-form-control-wrap\" data-name=\"your-title\"><select class=\"wpcf7-form-control wpcf7-select wpcf7-validates-as-required\" aria-required=\"true\" aria-invalid=\"false\" name=\"your-title\"><option value=\"\">&#8211; Bitte ausw\u00e4hlen &#8211;<\/option><option value=\"M.\">M.<\/option><option value=\"Frau\">Frau<\/option><option value=\"Ms.\">Ms.<\/option><\/select><\/span>\n\t\t<\/p>\n\t<\/div>\n\t<div class=\"col-md-6\">\n\t\t<p><span class=\"wpcf7-form-control-wrap\" data-name=\"your-name\"><input size=\"40\" maxlength=\"400\" class=\"wpcf7-form-control wpcf7-text wpcf7-validates-as-required\" aria-required=\"true\" aria-invalid=\"false\" placeholder=\"Ihr Vorname*\" value=\"\" type=\"text\" name=\"your-name\" \/><\/span>\n\t\t<\/p>\n\t<\/div>\n\t<div class=\"col-md-6\">\n\t\t<p><span class=\"wpcf7-form-control-wrap\" data-name=\"your-surname\"><input size=\"40\" maxlength=\"400\" class=\"wpcf7-form-control wpcf7-text wpcf7-validates-as-required\" aria-required=\"true\" aria-invalid=\"false\" placeholder=\"Ihr Name*\" value=\"\" type=\"text\" name=\"your-surname\" \/><\/span>\n\t\t<\/p>\n\t<\/div>\n\t<div class=\"col-md-6\">\n\t\t<p><span class=\"wpcf7-form-control-wrap\" data-name=\"your-email\"><input size=\"40\" maxlength=\"400\" class=\"wpcf7-form-control wpcf7-email wpcf7-validates-as-required wpcf7-text wpcf7-validates-as-email\" aria-required=\"true\" aria-invalid=\"false\" placeholder=\"E-mail*\" value=\"\" type=\"email\" name=\"your-email\" \/><\/span>\n\t\t<\/p>\n\t<\/div>\n\t<div class=\"col-md-6\">\n\t\t<p><span class=\"wpcf7-form-control-wrap\" data-name=\"website\"><input size=\"40\" maxlength=\"400\" class=\"wpcf7-form-control wpcf7-text wpcf7-validates-as-required\" aria-required=\"true\" aria-invalid=\"false\" placeholder=\"Website*\" value=\"\" type=\"text\" name=\"website\" \/><\/span>\n\t\t<\/p>\n\t<\/div>\n\t<div class=\"col-md-12\">\n\t\t<p><span class=\"wpcf7-form-control-wrap\" data-name=\"your-message\"><textarea cols=\"40\" rows=\"10\" maxlength=\"2000\" class=\"wpcf7-form-control wpcf7-textarea wpcf7-validates-as-required\" aria-required=\"true\" aria-invalid=\"false\" placeholder=\"Ihre Nachricht*\" name=\"your-message\"><\/textarea><\/span><br \/>\n<input class=\"wpcf7-form-control wpcf7-submit has-spinner\" type=\"submit\" value=\"SENDEN\" \/>\n\t\t<\/p>\n\t<\/div>\n<\/div><div class=\"wpcf7-response-output\" aria-hidden=\"true\"><\/div>\n<\/form>\n<\/div>\n[vc_empty_space height=&#8220;60px&#8220;][\/vc_column][vc_column width=&#8220;1\/4&#8243;][vc_custom_heading text=&#8220;Wo Sie uns finden&#8220; font_container=&#8220;tag:div|font_size:26|text_align:left|color:%23000000&#8243; use_theme_fonts=&#8220;yes&#8220; css=&#8220;.vc_custom_1726647672822{margin-bottom: 20px !important;}&#8220;][vc_single_image image=&#8220;3238&#8243; img_size=&#8220;full&#8220; onclick=&#8220;custom_link&#8220; img_link_target=&#8220;_blank&#8220; css=&#8220;.vc_custom_1664371595130{padding-bottom: 30px !important;}&#8220; link=&#8220;https:\/\/www.google.com\/maps\/place\/Altegghalde+5,+6045+Meggen,+Switzerland\/@47.0461423,8.296132,12z\/data=!4m5!3m4!1s0x478ff96ba2410541:0xd7f47d707f4ef2a4!8m2!3d47.0418105!4d8.3675431&#8243;][vc_raw_html]JTNDcCUzRSUzQ2klMjBjbGFzcyUzRCUyMmZhcyUyMGZhLW1hcC1tYXJrZXIlMjIlM0UlM0MlMkZpJTNFJTIwJTIwQWx0ZWdnaGFsZGUlMjA1JTJDJTIwJTBBQ0gtNjA0NSUyME1lZ2dlbiUyQyUyMFN1aXNzZSUzQyUyRnAlM0UlM0NwJTNFJTNDaSUyMGNsYXNzJTNEJTIyZmElMjBmYS1waG9uZSUyMiUzRSUzQyUyRmklM0UlMjAlMjAlMkI0MSUyRjYxLjIyOC43Ni4wNyUzQyUyRnAlM0U=[\/vc_raw_html][\/vc_column][\/vc_row]<\/p>\n<\/div>","protected":false},"excerpt":{"rendered":"<p>[vc_row][vc_column width=&#8220;3\/4&#8243;][vc_custom_heading text=&#8220;Kontaktieren Sie unser Team per E-Mail&#8220; font_container=&#8220;tag:div|font_size:26|text_align:left|color:%23000000&#8243; use_theme_fonts=&#8220;yes&#8220; css=&#8220;.vc_custom_1726647633203{margin-bottom: 20px !important;}&#8220;][vc_column_text css=&#8220;.vc_custom_1709215031484{margin-bottom: 20px !important;}&#8220;]F\u00fcr Ihre Anfragen bez\u00fcglich einer [&hellip;]<\/p>\n","protected":false},"author":2,"featured_media":0,"parent":0,"menu_order":9,"comment_status":"closed","ping_status":"closed","template":"","meta":{"om_disable_all_campaigns":false,"_monsterinsights_skip_tracking":false,"_monsterinsights_sitenote_active":false,"_monsterinsights_sitenote_note":"","_monsterinsights_sitenote_category":0,"footnotes":""},"class_list":["post-8611","page","type-page","status-publish","hentry"],"aioseo_notices":[],"_links":{"self":[{"href":"https:\/\/www.bergtecinternational.com\/de\/wp-json\/wp\/v2\/pages\/8611","targetHints":{"allow":["GET"]}}],"collection":[{"href":"https:\/\/www.bergtecinternational.com\/de\/wp-json\/wp\/v2\/pages"}],"about":[{"href":"https:\/\/www.bergtecinternational.com\/de\/wp-json\/wp\/v2\/types\/page"}],"author":[{"embeddable":true,"href":"https:\/\/www.bergtecinternational.com\/de\/wp-json\/wp\/v2\/users\/2"}],"replies":[{"embeddable":true,"href":"https:\/\/www.bergtecinternational.com\/de\/wp-json\/wp\/v2\/comments?post=8611"}],"version-history":[{"count":0,"href":"https:\/\/www.bergtecinternational.com\/de\/wp-json\/wp\/v2\/pages\/8611\/revisions"}],"wp:attachment":[{"href":"https:\/\/www.bergtecinternational.com\/de\/wp-json\/wp\/v2\/media?parent=8611"}],"curies":[{"name":"wp","href":"https:\/\/api.w.org\/{rel}","templated":true}]}}