{"id":8608,"date":"2022-02-24T14:00:52","date_gmt":"2022-02-24T14:00:52","guid":{"rendered":"https:\/\/www.bergtecinternational.com\/equipements-eau-industrie-voirie\/couverture-passerelle\/passerelles\/"},"modified":"2024-09-04T21:23:54","modified_gmt":"2024-09-04T21:23:54","slug":"laufsteg-podest","status":"publish","type":"page","link":"https:\/\/www.bergtecinternational.com\/de\/ausrustungen-wasser-hoch-tiefbau-industrie\/abdeckung-abeitstege\/laufsteg-podest\/","title":{"rendered":"ARBEITS-und LAUFSTEG"},"content":{"rendered":"<div class=\"wpb-content-wrapper\"><p>[vc_row][vc_column][vc_custom_heading text=&#8220;Experte seit 1970&#8243; font_container=&#8220;tag:h3|font_size:26|text_align:center|color:%2341b6e6&#8243; use_theme_fonts=&#8220;yes&#8220; el_class=&#8220;our_services_heading1&#8243;][vc_custom_heading text=&#8220;Laufsteg&#8220; font_container=&#8220;tag:h2|font_size:38|text_align:center|color:%23000000&#8243; use_theme_fonts=&#8220;yes&#8220; el_class=&#8220;our_services_heading2&#8243; css=&#8220;.vc_custom_1709213566329{margin-bottom: 30px !important;}&#8220;][vc_custom_heading text=&#8220;Nach Normen EN ISO 14122-2 &amp; NF E 85-014&#8243; font_container=&#8220;tag:div|font_size:22|text_align:center|color:%23555555&#8243; use_theme_fonts=&#8220;yes&#8220; css=&#8220;.vc_custom_1709213584664{margin-bottom: 40px !important;}&#8220;][\/vc_column][\/vc_row][vc_row][vc_column][vc_tta_tour style=&#8220;modern&#8220; shape=&#8220;square&#8220; color=&#8220;white&#8220; spacing=&#8220;10&#8243; gap=&#8220;30&#8243; active_section=&#8220;1&#8243; no_fill_content_area=&#8220;true&#8220; css=&#8220;.vc_custom_1664632912749{background-color: #ffffff !important;}&#8220;][vc_tta_section i_icon_fontawesome=&#8220;far fa-file-alt&#8220; add_icon=&#8220;true&#8220; title=&#8220;Beschreibung&#8220; tab_id=&#8220;description&#8220;][vc_custom_heading text=&#8220;&#8220; font_container=&#8220;tag:h3|font_size:20px|text_align:left&#8220; use_theme_fonts=&#8220;yes&#8220; css=&#8220;.vc_custom_1665340849626{margin-bottom: 20px !important;}&#8220;][vc_column_text css=&#8220;.vc_custom_1709214093429{margin-bottom: 20px !important;}&#8220;]<\/p>\n<h3>Standardkonstruktion :<\/h3>\n<ul>\n<li>Standardverteilungslast von 250 kg\/M2<\/li>\n<li>Max. verformung unter Belastung von 1\/200.<\/li>\n<li>Standardreichweite bei einer Breite von 1000 mm: 3,50m<br \/>\nAlle Gr\u00f6\u00dfen sind auf Anfrage und nach Kostenvoranschlag erh\u00e4ltlich.<\/li>\n<li>Einschl. Unterkonstruktion \/ Rahmen: Profilh\u00f6he 125 mm oder 145 mm.<\/li>\n<\/ul>\n<p><strong>Art.-Nr. 2110\/42: <\/strong>Gelochter Plankenh\u00f6he\u00a025 mm.<\/p>\n<p><strong>Art. -Nr. 2110\/43<\/strong> : Gelochter Plankenh\u00f6he 45 mm.<\/p>\n<p><strong>Art. -Nr.<\/strong>\u00a0<strong>2110\/32<\/strong> \u00a0: Ungelochter Plankenh\u00f6he 25 mm.<\/p>\n<p><strong>Art.-Nr. 2110\/33<\/strong> : Ungelochter Plankenh\u00f6he H\u00f6he 45 mm.<\/p>\n<p><strong>Art.-Nr. 2110\/10<\/strong> : Rutschfeste Riffelblech, St\u00e4rke 5,4 mm mit Versteifungselementen.<\/p>\n<h3>Konstruktion :<\/h3>\n<ul>\n<li>Die Laufstege sind entweder an Pfosten oder an der Wand mit Streben befestigt.<\/li>\n<li>Alle notwendigen Ausschnitte f\u00fcr die Durchf\u00fchrung von Rohren oder \u00c4hnlichem k\u00f6nnen auf Anfrage realisiert werden, ohne die Struktur zu schw\u00e4chen.<\/li>\n<\/ul>\n<p>[\/vc_column_text][\/vc_tta_section][vc_tta_section i_icon_fontawesome=&#8220;far fa-images&#8220; add_icon=&#8220;true&#8220; title=&#8220;Anwendungen&#8220; tab_id=&#8220;realisations&#8220;][vc_custom_heading text=&#8220;&#8220; font_container=&#8220;tag:h3|font_size:20px|text_align:left&#8220; use_theme_fonts=&#8220;yes&#8220; css=&#8220;.vc_custom_1665340835901{padding-bottom: 15px !important;}&#8220;][vc_media_grid gap=&#8220;10&#8243; item=&#8220;mediaGrid_SlideInTitle&#8220; grid_id=&#8220;vc_gid:1709213397354-b86e5700-cb4b-6&#8243; include=&#8220;3669,3671,3673,3675,3679,3681,3683,3685,3687,7525,7522,7519&#8243;][\/vc_tta_section][\/vc_tta_tour][\/vc_column][\/vc_row][vc_row][vc_column][vc_empty_space][\/vc_column][\/vc_row][vc_row full_width=&#8220;stretch_row&#8220; css=&#8220;.vc_custom_1678737710546{padding-top: 30px !important;padding-bottom: 30px !important;background-color: #2c34a4 !important;background-position: center !important;background-repeat: no-repeat !important;background-size: cover !important;}&#8220; el_class=&#8220;home_quote&#8220;][vc_column width=&#8220;3\/4&#8243;][vc_custom_heading text=&#8220;Kontaktieren Sie uns f\u00fcr ein Angebot&#8220; font_container=&#8220;tag:div|font_size:32|text_align:left|color:%23ffffff&#8220; use_theme_fonts=&#8220;yes&#8220; css_animation=&#8220;zoomIn&#8220; el_class=&#8220;home_quote_txt&#8220;][vc_column_text css_animation=&#8220;zoomIn&#8220;]<span style=\"color: #ffffff;\">Toutes solutions sur-mesure disponibles<\/span>[\/vc_column_text][\/vc_column][vc_column width=&#8220;1\/4&#8243;][vc_empty_space][vc_btn title=&#8220;KONTAKT-TASTE&#8220; shape=&#8220;square&#8220; align=&#8220;left&#8220; i_align=&#8220;right&#8220; i_icon_fontawesome=&#8220;fas fa-arrow-right&#8220; css_animation=&#8220;slideInRight&#8220; button_block=&#8220;true&#8220; add_icon=&#8220;true&#8220; link=&#8220;url:https%3A%2F%2Fwww.bergtecinternational.com%2Fcontactez-nous%2F|title:Contactez-Nous&#8220; el_class=&#8220;home_quote_btn&#8220;][\/vc_column][\/vc_row]<\/p>\n<\/div>","protected":false},"excerpt":{"rendered":"<p>[vc_row][vc_column][vc_custom_heading text=&#8220;Experte seit 1970&#8243; font_container=&#8220;tag:h3|font_size:26|text_align:center|color:%2341b6e6&#8243; use_theme_fonts=&#8220;yes&#8220; el_class=&#8220;our_services_heading1&#8243;][vc_custom_heading text=&#8220;Laufsteg&#8220; font_container=&#8220;tag:h2|font_size:38|text_align:center|color:%23000000&#8243; use_theme_fonts=&#8220;yes&#8220; el_class=&#8220;our_services_heading2&#8243; css=&#8220;.vc_custom_1709213566329{margin-bottom: 30px !important;}&#8220;][vc_custom_heading text=&#8220;Nach Normen EN ISO 14122-2 &amp; [&hellip;]<\/p>\n","protected":false},"author":2,"featured_media":0,"parent":8606,"menu_order":5,"comment_status":"closed","ping_status":"closed","template":"","meta":{"om_disable_all_campaigns":false,"_monsterinsights_skip_tracking":false,"_monsterinsights_sitenote_active":false,"_monsterinsights_sitenote_note":"","_monsterinsights_sitenote_category":0,"footnotes":""},"class_list":["post-8608","page","type-page","status-publish","hentry"],"aioseo_notices":[],"_links":{"self":[{"href":"https:\/\/www.bergtecinternational.com\/de\/wp-json\/wp\/v2\/pages\/8608","targetHints":{"allow":["GET"]}}],"collection":[{"href":"https:\/\/www.bergtecinternational.com\/de\/wp-json\/wp\/v2\/pages"}],"about":[{"href":"https:\/\/www.bergtecinternational.com\/de\/wp-json\/wp\/v2\/types\/page"}],"author":[{"embeddable":true,"href":"https:\/\/www.bergtecinternational.com\/de\/wp-json\/wp\/v2\/users\/2"}],"replies":[{"embeddable":true,"href":"https:\/\/www.bergtecinternational.com\/de\/wp-json\/wp\/v2\/comments?post=8608"}],"version-history":[{"count":0,"href":"https:\/\/www.bergtecinternational.com\/de\/wp-json\/wp\/v2\/pages\/8608\/revisions"}],"up":[{"embeddable":true,"href":"https:\/\/www.bergtecinternational.com\/de\/wp-json\/wp\/v2\/pages\/8606"}],"wp:attachment":[{"href":"https:\/\/www.bergtecinternational.com\/de\/wp-json\/wp\/v2\/media?parent=8608"}],"curies":[{"name":"wp","href":"https:\/\/api.w.org\/{rel}","templated":true}]}}