{"id":8607,"date":"2022-10-03T18:49:24","date_gmt":"2022-10-03T18:49:24","guid":{"rendered":"https:\/\/www.bergtecinternational.com\/equipements-eau-industrie-voirie\/couverture-passerelle\/planches-antiderapantes\/"},"modified":"2024-09-04T21:22:21","modified_gmt":"2024-09-04T21:22:21","slug":"rutschfest-abdeckung","status":"publish","type":"page","link":"https:\/\/www.bergtecinternational.com\/de\/ausrustungen-wasser-hoch-tiefbau-industrie\/abdeckung-abeitstege\/rutschfest-abdeckung\/","title":{"rendered":"RUTSCHFEST BEGEHPLANKEN"},"content":{"rendered":"<div class=\"wpb-content-wrapper\"><p>[vc_row][vc_column][vc_custom_heading text=&#8220;Experte seit 1970&#8243; font_container=&#8220;tag:h3|font_size:26|text_align:center|color:%2341b6e6&#8243; use_theme_fonts=&#8220;yes&#8220; el_class=&#8220;our_services_heading1&#8243;][vc_custom_heading text=&#8220;Rutchfest Begehplanken&#8220; font_container=&#8220;tag:h2|font_size:38|text_align:center|color:%23000000&#8243; use_theme_fonts=&#8220;yes&#8220; el_class=&#8220;our_services_heading2&#8243; css=&#8220;.vc_custom_1709211926143{margin-bottom: 30px !important;}&#8220;][vc_custom_heading text=&#8220;&#8220; font_container=&#8220;tag:div|font_size:22|text_align:center|color:%23555555&#8243; use_theme_fonts=&#8220;yes&#8220; css=&#8220;.vc_custom_1709211944959{margin-bottom: 40px !important;}&#8220;][\/vc_column][\/vc_row][vc_row][vc_column][vc_tta_tour style=&#8220;modern&#8220; shape=&#8220;square&#8220; color=&#8220;white&#8220; spacing=&#8220;10&#8243; gap=&#8220;30&#8243; active_section=&#8220;1&#8243; no_fill_content_area=&#8220;true&#8220; css=&#8220;.vc_custom_1664632912749{background-color: #ffffff !important;}&#8220;][vc_tta_section i_icon_fontawesome=&#8220;far fa-file-alt&#8220; add_icon=&#8220;true&#8220; title=&#8220;Beschreibung&#8220; tab_id=&#8220;description&#8220;][vc_row_inner][vc_column_inner width=&#8220;1\/2&#8243;][vc_cta h2=&#8220;RUTSCHFESTER, NICHT DURCHL\u00d6CHERTER ABDECKUNG&#8220;]<\/p>\n<h3>Konstruktion :<\/h3>\n<ul>\n<li>Standardm\u00e4\u00dfig verteilte Last von 250 kg\/m2.<\/li>\n<li>Maxi. durchbiegung bei einer Belastung von 1\/300.<\/li>\n<\/ul>\n<p><strong>Art.-Nr. 1942 Nicht perforiertes rutschfestes Profil.<\/strong><\/p>\n<ul>\n<li>H\u00f6he 25 mm f\u00fcr eine Spannweite ohne Verst\u00e4rkung von max. 1350 mm.<\/li>\n<\/ul>\n<p><strong>Art.-Nr. 1943 Nicht perforiertes rutschfestes Profil<\/strong><\/p>\n<ul>\n<li>H\u00f6he 45 mm f\u00fcr eine Spannweite ohne Verst\u00e4rkung von max. 2150 mm.<\/li>\n<\/ul>\n<p><strong>Profil-Abmessungen:<\/strong> Plankenbreite 100 oder 200 mm.<\/p>\n<p>Alle Ma\u00dfe und Ausf\u00fchrungen nach Ma\u00df, ein- oder mehrteilige Abdeckung, hochklappbar oder nicht.<\/p>\n<p><strong>Optional:<\/strong><\/p>\n<ul>\n<li>Abnehmbare Traverse (bei mehrteiliger Ausf\u00fchrung).<\/li>\n<li>Quadratischer oder runder Ausschnitt mit Abschlussplatte f\u00fcr Rohrdurchf\u00fchrung.<\/li>\n<li>Scharniere aus rostfreiem Stahl<\/li>\n<li>Gasdruckfeder<\/li>\n<li>Dr\u00fccker zur Arretierung in ge\u00f6ffneter Position<\/li>\n<li>Versenkter flacher Griff<\/li>\n<li>Schlie\u00dfsystem mit Dreikantschl\u00fcssel oder Vorh\u00e4ngeschloss<\/li>\n<li>Thermolackierung mit Farbe nach RAL-Farbkarte<\/li>\n<\/ul>\n<p>[\/vc_cta][\/vc_column_inner][vc_column_inner width=&#8220;1\/2&#8243;][vc_cta h2=&#8220;GELOCHTER RUTSCHFEST ABDECKUNG&#8220;]Rutschh\u00e4mmungsklasse R12 nach DIN 51130 und BGR181.<\/p>\n<h3>Konstruktion :<\/h3>\n<ul>\n<li>Standardbetriebslast von 250 kg\/m2.<\/li>\n<li>Max. verformung unter Belastung von 1\/300.<\/li>\n<\/ul>\n<p><strong>Art.-Nr. 1942 Rutschfest gelochtes Profil\u00a0<\/strong><\/p>\n<ul>\n<li>H\u00f6he 25 mm ohne Verst\u00e4rkungen f\u00fcr eine maximale Spannweite von 1350 mm.<\/li>\n<\/ul>\n<p><strong>Art.-Nr. 1943<\/strong> <strong>Rutschfest gelochtes Profil\u00a0<\/strong><\/p>\n<ul>\n<li>H\u00f6he 45 mm ohne Verst\u00e4rkungen f\u00fcr eine maximale Tiefbaubreite von 2150 mm.<\/li>\n<\/ul>\n<p><strong>Option :<\/strong><\/p>\n<ul>\n<li>Abnehmbare Traverse (mehrteilige Ausf\u00fchrung).<\/li>\n<li>Quadratischer oder kreisf\u00f6rmiger Ausschnitt mit Abschlussplatte.<\/li>\n<li>Scharniere aus rostfreiem Stahl<\/li>\n<li>Gasdruckfeder aus rostfreiem Stahl oder<\/li>\n<li>Dr\u00fccker zur Arretierung in ge\u00f6ffneter Position<\/li>\n<li>Flacher, versenkter Griff<\/li>\n<li>Schlie\u00dfsystem mit Dreikantschl\u00fcssel oder Vorh\u00e4ngeschloss<\/li>\n<li>Thermolackierung mit Farbe nach RAL-Palette<\/li>\n<\/ul>\n<p>[\/vc_cta][\/vc_column_inner][\/vc_row_inner][\/vc_tta_section][vc_tta_section i_icon_fontawesome=&#8220;far fa-images&#8220; add_icon=&#8220;true&#8220; title=&#8220;Anwendungen&#8220; tab_id=&#8220;realisations&#8220;][vc_custom_heading text=&#8220;UNGELOCHTER RUSTCHFETS PLANKEN &#8220; font_container=&#8220;tag:h3|font_size:20px|text_align:left&#8220; use_theme_fonts=&#8220;yes&#8220; css=&#8220;.vc_custom_1709212865031{margin-bottom: 20px !important;}&#8220;][vc_media_grid gap=&#8220;10&#8243; item=&#8220;mediaGrid_SlideInTitle&#8220; grid_id=&#8220;vc_gid:1709211839213-6f0e4e2c-2611-3&#8243; include=&#8220;3655,3657,3653,3659&#8243; css=&#8220;.vc_custom_1665499540850{margin-bottom: 25px !important;}&#8220;][vc_custom_heading text=&#8220;RUSTCHFEST GELOCHTER PLANKEN &#8220; font_container=&#8220;tag:h3|font_size:20px|text_align:left&#8220; use_theme_fonts=&#8220;yes&#8220; css=&#8220;.vc_custom_1709213200176{margin-bottom: 20px !important;}&#8220;][vc_media_grid gap=&#8220;10&#8243; item=&#8220;mediaGrid_SlideInTitle&#8220; grid_id=&#8220;vc_gid:1709211839219-80720734-dc3c-0&#8243; include=&#8220;3647,3649,3651&#8243; css=&#8220;.vc_custom_1665499545888{margin-bottom: 25px !important;}&#8220;][\/vc_tta_section][\/vc_tta_tour][\/vc_column][\/vc_row][vc_row][vc_column][vc_empty_space][\/vc_column][\/vc_row][vc_row full_width=&#8220;stretch_row&#8220; css=&#8220;.vc_custom_1678737888347{padding-top: 30px !important;padding-bottom: 30px !important;background-color: #2c34a4 !important;background-position: center !important;background-repeat: no-repeat !important;background-size: cover !important;}&#8220; el_class=&#8220;home_quote&#8220;][vc_column width=&#8220;3\/4&#8243;][vc_custom_heading text=&#8220;Kontaktieren Sie uns f\u00fcr ein Angebot&#8220; font_container=&#8220;tag:div|font_size:32|text_align:left|color:%23ffffff&#8220; use_theme_fonts=&#8220;yes&#8220; css_animation=&#8220;zoomIn&#8220; el_class=&#8220;home_quote_txt&#8220;][vc_column_text css_animation=&#8220;zoomIn&#8220;]<span style=\"color: #ffffff;\">Toutes solutions sur-mesure disponibles<\/span>[\/vc_column_text][\/vc_column][vc_column width=&#8220;1\/4&#8243;][vc_empty_space][vc_btn title=&#8220;KONTAKT-TASTE&#8220; shape=&#8220;square&#8220; align=&#8220;left&#8220; i_align=&#8220;right&#8220; i_icon_fontawesome=&#8220;fas fa-arrow-right&#8220; css_animation=&#8220;slideInRight&#8220; button_block=&#8220;true&#8220; add_icon=&#8220;true&#8220; link=&#8220;url:https%3A%2F%2Fwww.bergtecinternational.com%2Fcontactez-nous%2F|title:Contactez-Nous&#8220; el_class=&#8220;home_quote_btn&#8220;][\/vc_column][\/vc_row]<\/p>\n<\/div>","protected":false},"excerpt":{"rendered":"<p>[vc_row][vc_column][vc_custom_heading text=&#8220;Experte seit 1970&#8243; font_container=&#8220;tag:h3|font_size:26|text_align:center|color:%2341b6e6&#8243; use_theme_fonts=&#8220;yes&#8220; el_class=&#8220;our_services_heading1&#8243;][vc_custom_heading text=&#8220;Rutchfest Begehplanken&#8220; font_container=&#8220;tag:h2|font_size:38|text_align:center|color:%23000000&#8243; use_theme_fonts=&#8220;yes&#8220; el_class=&#8220;our_services_heading2&#8243; css=&#8220;.vc_custom_1709211926143{margin-bottom: 30px !important;}&#8220;][vc_custom_heading text=&#8220;&#8220; font_container=&#8220;tag:div|font_size:22|text_align:center|color:%23555555&#8243; use_theme_fonts=&#8220;yes&#8220; css=&#8220;.vc_custom_1709211944959{margin-bottom: 40px [&hellip;]<\/p>\n","protected":false},"author":2,"featured_media":0,"parent":8606,"menu_order":2,"comment_status":"closed","ping_status":"closed","template":"","meta":{"om_disable_all_campaigns":false,"_monsterinsights_skip_tracking":false,"_monsterinsights_sitenote_active":false,"_monsterinsights_sitenote_note":"","_monsterinsights_sitenote_category":0,"footnotes":""},"class_list":["post-8607","page","type-page","status-publish","hentry"],"aioseo_notices":[],"_links":{"self":[{"href":"https:\/\/www.bergtecinternational.com\/de\/wp-json\/wp\/v2\/pages\/8607","targetHints":{"allow":["GET"]}}],"collection":[{"href":"https:\/\/www.bergtecinternational.com\/de\/wp-json\/wp\/v2\/pages"}],"about":[{"href":"https:\/\/www.bergtecinternational.com\/de\/wp-json\/wp\/v2\/types\/page"}],"author":[{"embeddable":true,"href":"https:\/\/www.bergtecinternational.com\/de\/wp-json\/wp\/v2\/users\/2"}],"replies":[{"embeddable":true,"href":"https:\/\/www.bergtecinternational.com\/de\/wp-json\/wp\/v2\/comments?post=8607"}],"version-history":[{"count":0,"href":"https:\/\/www.bergtecinternational.com\/de\/wp-json\/wp\/v2\/pages\/8607\/revisions"}],"up":[{"embeddable":true,"href":"https:\/\/www.bergtecinternational.com\/de\/wp-json\/wp\/v2\/pages\/8606"}],"wp:attachment":[{"href":"https:\/\/www.bergtecinternational.com\/de\/wp-json\/wp\/v2\/media?parent=8607"}],"curies":[{"name":"wp","href":"https:\/\/api.w.org\/{rel}","templated":true}]}}