{"id":8602,"date":"2022-10-03T19:45:38","date_gmt":"2022-10-03T19:45:38","guid":{"rendered":"https:\/\/www.bergtecinternational.com\/equipements-eau-industrie-voirie\/securisation-acces\/porte\/"},"modified":"2024-09-04T21:54:57","modified_gmt":"2024-09-04T21:54:57","slug":"standard-einbruchsfrei-tur","status":"publish","type":"page","link":"https:\/\/www.bergtecinternational.com\/de\/ausrustungen-wasser-hoch-tiefbau-industrie\/sicherung-zugange-gebauden-bauwerken\/standard-einbruchsfrei-tur\/","title":{"rendered":"T\u00dcREN &#038; TORE"},"content":{"rendered":"<div class=\"wpb-content-wrapper\"><p>[vc_row][vc_column][vc_custom_heading text=&#8220;Experte seit 1970&#8243; font_container=&#8220;tag:h3|font_size:26|text_align:center|color:%2341b6e6&#8243; use_theme_fonts=&#8220;yes&#8220; el_class=&#8220;our_services_heading1&#8243;][vc_custom_heading text=&#8220;Industrielle T\u00fcren&#8220; font_container=&#8220;tag:h2|font_size:38|text_align:center|color:%23000000&#8243; use_theme_fonts=&#8220;yes&#8220; el_class=&#8220;our_services_heading2&#8243; css=&#8220;.vc_custom_1709210277071{margin-bottom: 30px !important;}&#8220;][vc_custom_heading text=&#8220;Nach EN 1627-1630, cl. 2-4 (f\u00fcr die Sicherung des direkten Zugangs zum Wasser)&#8220; font_container=&#8220;tag:div|font_size:22|text_align:center|color:%23555555&#8243; use_theme_fonts=&#8220;yes&#8220; css=&#8220;.vc_custom_1709210323984{margin-bottom: 40px !important;}&#8220;][\/vc_column][\/vc_row][vc_row][vc_column][vc_tta_tour style=&#8220;modern&#8220; shape=&#8220;square&#8220; color=&#8220;white&#8220; spacing=&#8220;10&#8243; gap=&#8220;30&#8243; active_section=&#8220;1&#8243; no_fill_content_area=&#8220;true&#8220; css=&#8220;.vc_custom_1664632912749{background-color: #ffffff !important;}&#8220;][vc_tta_section i_icon_fontawesome=&#8220;far fa-file-alt&#8220; add_icon=&#8220;true&#8220; title=&#8220;Beschreibung&#8220; tab_id=&#8220;description&#8220;][vc_custom_heading text=&#8220;&#8220; font_container=&#8220;tag:h3|font_size:20px|text_align:left&#8220; use_theme_fonts=&#8220;yes&#8220; css=&#8220;.vc_custom_1709210346175{margin-bottom: 20px !important;}&#8220;][vc_column_text css=&#8220;.vc_custom_1709210787051{margin-bottom: 20px !important;}&#8220;]<\/p>\n<h3><strong>Material : <\/strong><\/h3>\n<ul>\n<li>Aluminium,<\/li>\n<li>Stahl S235 metallisiert und pulverbeschichtet (RAL nach Wahl).<\/li>\n<li>Edelstahl 304 oder 316, passiviert und kugelgestrahlt.<\/li>\n<\/ul>\n<p><strong>Optional f\u00fcr Alu-Version<\/strong>: Pulverbeschichtung in allen Farben nach RAL-Farbkarte.<\/p>\n<h3>Konstruktion :<\/h3>\n<ul>\n<li>Mechanisch geschwei\u00dfte Baugruppe aus Glattblech mit einer Dicke von 3-5 mm. Zusammenbau durch TIG-Schwei\u00dfen.<\/li>\n<li>Rahmen zum Aufschrauben oder Einbetonieren ( Breite ca. 60-75 mm).<\/li>\n<li>T\u00fcrfl\u00fcgel, ein- oder doppelh\u00e4utig, aus gebogenem Stahlblech mit geformten R\u00e4ndern und ggf. mit Versteifungen.<\/li>\n<li>\u00d6ffnung nach au\u00dfen oder innen (auf Anfrage).<\/li>\n<li>Verschluss f\u00fcr Schloss mit in die Struktur integriertem Treibriegel und Kanone.<\/li>\n<\/ul>\n<p><strong>Optional:<\/strong><\/p>\n<ul>\n<li>Einbruchschutzklasse je nach Wahl des Schlosses (!).<\/li>\n<li>Doppelhaut Sandwichstruktur mit Isoliermaterial<\/li>\n<li>L\u00fcftungsgitter<\/li>\n<li>Elektrisches Schloss mit Ausweis<\/li>\n<li>Elektromagnetische Saugglocke<\/li>\n<\/ul>\n<h3>Einbruchschutz :<\/h3>\n<ul>\n<li>Sichere, einbruchhemmende Scharniere, die in den Rahmen integriert sind und bei geschlossener T\u00fcr verdeckt sind.<\/li>\n<li>Sichere \u00d6ffnung des\/der Fl\u00fcgel(s) durch Blockiersystem, wenn die T\u00fcr einen Winkel von 90\u00b0 erreicht.<\/li>\n<li>Scharniere, die bei geschlossener T\u00fcr unsichtbar sind und das \u00d6ffnen verhindern, wenn ein Scharnier bricht oder entfernt wird. Alle Befestigungspunkte sind in der Position &#8222;T\u00fcr geschlossen&#8220; unzug\u00e4nglich.<\/li>\n<li>Vorbereitung f\u00fcr das Anbringen von Alarmanlage(n): optional<\/li>\n<li>Vorbereitung f\u00fcr das Anbringen eines &#8222;elektromagnetischen Schlosses&#8220;.<\/li>\n<\/ul>\n<p>[\/vc_column_text][\/vc_tta_section][vc_tta_section i_icon_fontawesome=&#8220;far fa-images&#8220; add_icon=&#8220;true&#8220; title=&#8220;Anwendungen&#8220; tab_id=&#8220;realisations&#8220;][vc_custom_heading text=&#8220;Wasserdichtt\u00fcr&#8220; font_container=&#8220;tag:h3|font_size:20px|text_align:left&#8220; use_theme_fonts=&#8220;yes&#8220; css=&#8220;.vc_custom_1709210834554{margin-bottom: 15px !important;}&#8220;][vc_media_grid gap=&#8220;10&#8243; item=&#8220;mediaGrid_SlideInTitle&#8220; grid_id=&#8220;vc_gid:1709210090271-e0be751a-4a82-2&#8243; css=&#8220;.vc_custom_1665499726591{margin-bottom: 25px !important;}&#8220; include=&#8220;3619,3617&#8243;][vc_custom_heading text=&#8220;Standardt\u00fcr &#8220; font_container=&#8220;tag:h3|font_size:20px|text_align:left&#8220; use_theme_fonts=&#8220;yes&#8220; css=&#8220;.vc_custom_1709210861577{margin-bottom: 15px !important;}&#8220;][vc_media_grid gap=&#8220;10&#8243; item=&#8220;mediaGrid_SlideInTitle&#8220; grid_id=&#8220;vc_gid:1709210090275-99ee628e-df17-6&#8243; css=&#8220;.vc_custom_1665499731622{margin-bottom: 25px !important;}&#8220; include=&#8220;3637,3635,3633,3631,3629,3627,3625,3623,3621&#8243;][vc_custom_heading text=&#8220;Doppelblech T\u00fcr&#8220; font_container=&#8220;tag:h3|font_size:20px|text_align:left&#8220; use_theme_fonts=&#8220;yes&#8220; css=&#8220;.vc_custom_1709210906651{margin-bottom: 15px !important;}&#8220;][vc_media_grid gap=&#8220;10&#8243; item=&#8220;mediaGrid_SlideInTitle&#8220; grid_id=&#8220;vc_gid:1709210090286-a592637b-72b0-9&#8243; include=&#8220;3613,3611,3615&#8243; css=&#8220;.vc_custom_1665499735908{margin-bottom: 20px !important;}&#8220;][\/vc_tta_section][\/vc_tta_tour][\/vc_column][\/vc_row][vc_row][vc_column][vc_empty_space][\/vc_column][\/vc_row][vc_row full_width=&#8220;stretch_row&#8220; css=&#8220;.vc_custom_1678737343192{padding-top: 30px !important;padding-bottom: 30px !important;background-color: #2c34a4 !important;background-position: center !important;background-repeat: no-repeat !important;background-size: cover !important;}&#8220; el_class=&#8220;home_quote&#8220;][vc_column width=&#8220;3\/4&#8243;][vc_custom_heading text=&#8220;Kontaktieren Sie uns f\u00fcr ein Angebot&#8220; font_container=&#8220;tag:div|font_size:32|text_align:left|color:%23ffffff&#8220; use_theme_fonts=&#8220;yes&#8220; css_animation=&#8220;zoomIn&#8220; el_class=&#8220;home_quote_txt&#8220;][vc_column_text css_animation=&#8220;zoomIn&#8220;]<span style=\"color: #ffffff;\">Toutes solutions sur-mesure disponibles<\/span>[\/vc_column_text][\/vc_column][vc_column width=&#8220;1\/4&#8243;][vc_empty_space][vc_btn title=&#8220;KONTAKT-TASTE&#8220; shape=&#8220;square&#8220; align=&#8220;left&#8220; i_align=&#8220;right&#8220; i_icon_fontawesome=&#8220;fas fa-arrow-right&#8220; css_animation=&#8220;slideInRight&#8220; button_block=&#8220;true&#8220; add_icon=&#8220;true&#8220; link=&#8220;url:https%3A%2F%2Fwww.bergtecinternational.com%2Fcontactez-nous%2F|title:Contactez-Nous&#8220; el_class=&#8220;home_quote_btn&#8220;][\/vc_column][\/vc_row]<\/p>\n<\/div>","protected":false},"excerpt":{"rendered":"<p>[vc_row][vc_column][vc_custom_heading text=&#8220;Experte seit 1970&#8243; font_container=&#8220;tag:h3|font_size:26|text_align:center|color:%2341b6e6&#8243; use_theme_fonts=&#8220;yes&#8220; el_class=&#8220;our_services_heading1&#8243;][vc_custom_heading text=&#8220;Industrielle T\u00fcren&#8220; font_container=&#8220;tag:h2|font_size:38|text_align:center|color:%23000000&#8243; use_theme_fonts=&#8220;yes&#8220; el_class=&#8220;our_services_heading2&#8243; css=&#8220;.vc_custom_1709210277071{margin-bottom: 30px !important;}&#8220;][vc_custom_heading text=&#8220;Nach EN 1627-1630, cl. 2-4 [&hellip;]<\/p>\n","protected":false},"author":2,"featured_media":0,"parent":8598,"menu_order":5,"comment_status":"closed","ping_status":"closed","template":"","meta":{"om_disable_all_campaigns":false,"_monsterinsights_skip_tracking":false,"_monsterinsights_sitenote_active":false,"_monsterinsights_sitenote_note":"","_monsterinsights_sitenote_category":0,"footnotes":""},"class_list":["post-8602","page","type-page","status-publish","hentry"],"aioseo_notices":[],"_links":{"self":[{"href":"https:\/\/www.bergtecinternational.com\/de\/wp-json\/wp\/v2\/pages\/8602","targetHints":{"allow":["GET"]}}],"collection":[{"href":"https:\/\/www.bergtecinternational.com\/de\/wp-json\/wp\/v2\/pages"}],"about":[{"href":"https:\/\/www.bergtecinternational.com\/de\/wp-json\/wp\/v2\/types\/page"}],"author":[{"embeddable":true,"href":"https:\/\/www.bergtecinternational.com\/de\/wp-json\/wp\/v2\/users\/2"}],"replies":[{"embeddable":true,"href":"https:\/\/www.bergtecinternational.com\/de\/wp-json\/wp\/v2\/comments?post=8602"}],"version-history":[{"count":0,"href":"https:\/\/www.bergtecinternational.com\/de\/wp-json\/wp\/v2\/pages\/8602\/revisions"}],"up":[{"embeddable":true,"href":"https:\/\/www.bergtecinternational.com\/de\/wp-json\/wp\/v2\/pages\/8598"}],"wp:attachment":[{"href":"https:\/\/www.bergtecinternational.com\/de\/wp-json\/wp\/v2\/media?parent=8602"}],"curies":[{"name":"wp","href":"https:\/\/api.w.org\/{rel}","templated":true}]}}