{"id":8601,"date":"2023-07-24T15:08:55","date_gmt":"2023-07-24T15:08:55","guid":{"rendered":"https:\/\/www.bergtecinternational.com\/equipements-eau-industrie-voirie\/securisation-acces\/trappe-charge-lourde\/"},"modified":"2024-09-24T07:59:36","modified_gmt":"2024-09-24T07:59:36","slug":"schwerlast-abdeckung","status":"publish","type":"page","link":"https:\/\/www.bergtecinternational.com\/de\/ausrustungen-wasser-hoch-tiefbau-industrie\/sicherung-zugange-gebauden-bauwerken\/schwerlast-abdeckung\/","title":{"rendered":"SCHWERLAST SCHACHTABDECKUNG"},"content":{"rendered":"<div class=\"wpb-content-wrapper\"><p>[vc_row][vc_column][vc_custom_heading text=&#8220;&#8220; font_container=&#8220;tag:h3|font_size:26|text_align:center|color:%2341b6e6&#8243; use_theme_fonts=&#8220;yes&#8220; el_class=&#8220;our_services_heading1&#8243;][vc_custom_heading text=&#8220;Schachtabdeckung und Strassen Deckel&#8220; font_container=&#8220;tag:h3|font_size:26|text_align:center|color:%2341b6e6&#8243; use_theme_fonts=&#8220;yes&#8220; el_class=&#8220;our_services_heading1&#8243;][vc_custom_heading text=&#8220;Abdeckung zum einbetonieren&#8220; font_container=&#8220;tag:h2|font_size:38|text_align:center|color:%23000000&#8243; use_theme_fonts=&#8220;yes&#8220; css=&#8220;.vc_custom_1709198053357{margin-bottom: 30px !important;}&#8220; el_class=&#8220;our_services_heading2&#8243;][vc_custom_heading text=&#8220;Schwerlast-Schachtabdeckungen, ein- oder mehrteilig, zum Einbauen.<br \/>\nSie sind leicht von einem einzigen Bediener zu bedienen, gelenkig und mit zertifizierten Diebstahlsicher-Systemen gesichert.<\/p>\n<p>Toutes classes disponibles: B125, C250, D400, E600 et F900&#8243; font_container=&#8220;tag:div|font_size:22|text_align:center|color:%23555555&#8243; use_theme_fonts=&#8220;yes&#8220; css=&#8220;.vc_custom_1709198198375{margin-bottom: 80px !important;}&#8220;][\/vc_column][\/vc_row][vc_row][vc_column][vc_tta_tour style=&#8220;modern&#8220; shape=&#8220;square&#8220; color=&#8220;white&#8220; spacing=&#8220;10&#8243; gap=&#8220;30&#8243; active_section=&#8220;1&#8243; no_fill_content_area=&#8220;true&#8220; css=&#8220;.vc_custom_1694101020496{margin-bottom: 100px !important;background-color: #ffffff !important;}&#8220;][vc_tta_section i_icon_fontawesome=&#8220;far fa-file-alt&#8220; add_icon=&#8220;true&#8220; title=&#8220;Schachtabdeckung, Standardausf\u00fchrung&#8220; tab_id=&#8220;trappe-standard&#8220;][vc_custom_heading text=&#8220;Klicken Sie hier und laden Sie das PDF-Blatt herunter.&#8220; font_container=&#8220;tag:h3|font_size:20px|text_align:left&#8220; use_theme_fonts=&#8220;yes&#8220; css=&#8220;.vc_custom_1709198257262{margin-bottom: 20px !important;}&#8220;][vc_row_inner][vc_column_inner width=&#8220;1\/2&#8243;][vc_cta h2=&#8220;Standardausf\u00fchrung Schachtabdeckung Klasse B125&#8243; add_button=&#8220;bottom&#8220; btn_title=&#8220;T\u00e9l\u00e9charger&#8220; btn_shape=&#8220;square&#8220; btn_color=&#8220;primary&#8220; btn_size=&#8220;lg&#8220; btn_align=&#8220;center&#8220; btn_i_icon_fontawesome=&#8220;far fa-file-pdf&#8220; btn_button_block=&#8220;true&#8220; btn_add_icon=&#8220;true&#8220; btn_link=&#8220;url:https%3A%2F%2Fwww.bergtecinternational.com%2Fbrochures%2Ffr%2Ftrappe-charge-lourde%2Fa-couvercles-standard%2Fcouvercle_de_regard_b125_lt.pdf|target:_blank&#8220;]F\u00fcr rechteckige Sch\u00e4chte, in 1 oder mehreren Teilen (Typ optimum LT)[\/vc_cta][\/vc_column_inner][vc_column_inner width=&#8220;1\/2&#8243;][vc_cta h2=&#8220;Standardausf\u00fchrung Schachtabdeckung Klasse C250&#8243; add_button=&#8220;bottom&#8220; btn_title=&#8220;T\u00e9l\u00e9charger&#8220; btn_shape=&#8220;square&#8220; btn_color=&#8220;primary&#8220; btn_size=&#8220;lg&#8220; btn_align=&#8220;center&#8220; btn_i_icon_fontawesome=&#8220;far fa-file-pdf&#8220; btn_button_block=&#8220;true&#8220; btn_add_icon=&#8220;true&#8220; btn_link=&#8220;url:https%3A%2F%2Fwww.bergtecinternational.com%2Fbrochures%2Ffr%2Ftrappe-charge-lourde%2Fa-couvercles-standard%2Fcouvercle_de_regard_c250_kt.pdf|target:_blank&#8220;]F\u00fcr rechteckige Sch\u00e4chte, in 1 oder mehreren Teilen (Typ optimum PT)[\/vc_cta][\/vc_column_inner][\/vc_row_inner][vc_row_inner][vc_column_inner width=&#8220;1\/2&#8243;][vc_cta h2=&#8220;Scahchtabdeckung Typ Optimum PT &#8211; Klasse C250&#8243; add_button=&#8220;bottom&#8220; btn_title=&#8220;T\u00e9l\u00e9charger&#8220; btn_shape=&#8220;square&#8220; btn_color=&#8220;primary&#8220; btn_size=&#8220;lg&#8220; btn_align=&#8220;center&#8220; btn_i_icon_fontawesome=&#8220;far fa-file-pdf&#8220; btn_button_block=&#8220;true&#8220; btn_add_icon=&#8220;true&#8220; btn_link=&#8220;url:https%3A%2F%2Fwww.bergtecinternational.com%2Fbrochures%2Ffr%2Ftrappe-charge-lourde%2Fa-couvercles-standard%2Fcouvercle_de_regard_c250_pt.pdf|target:_blank&#8220;]F\u00fcr rechteckige Sch\u00e4chte, in 1 oder mehreren Teilen mit Fallschutzgitter (Typ PT)[\/vc_cta][\/vc_column_inner][vc_column_inner width=&#8220;1\/2&#8243;][vc_cta h2=&#8220;Schachtabdeckung mit Fallschutzgitter &#8211; Klasse C250&#8243; add_button=&#8220;bottom&#8220; btn_title=&#8220;T\u00e9l\u00e9charger&#8220; btn_shape=&#8220;square&#8220; btn_color=&#8220;primary&#8220; btn_size=&#8220;lg&#8220; btn_align=&#8220;center&#8220; btn_i_icon_fontawesome=&#8220;far fa-file-pdf&#8220; btn_button_block=&#8220;true&#8220; btn_add_icon=&#8220;true&#8220; btn_link=&#8220;url:https%3A%2F%2Fwww.bergtecinternational.com%2Fbrochures%2Ffr%2Ftrappe-charge-lourde%2Fa-couvercles-standard%2Fcouvercle_de_regard_c250_pt_et_grille.pdf&#8220;]F\u00fcr rechteckige Sch\u00e4chte, mit 1 oder mehreren abgeschr\u00e4gten Teilen (Typ KT)[\/vc_cta][\/vc_column_inner][\/vc_row_inner][vc_row_inner][vc_column_inner width=&#8220;1\/2&#8243;][vc_cta h2=&#8220;Schachtabdeckung Klasse D400&#8243; add_button=&#8220;bottom&#8220; btn_title=&#8220;T\u00e9l\u00e9charger&#8220; btn_shape=&#8220;square&#8220; btn_color=&#8220;primary&#8220; btn_size=&#8220;lg&#8220; btn_align=&#8220;center&#8220; btn_i_icon_fontawesome=&#8220;far fa-file-pdf&#8220; btn_button_block=&#8220;true&#8220; btn_add_icon=&#8220;true&#8220; btn_link=&#8220;url:https%3A%2F%2Fwww.bergtecinternational.com%2Fbrochures%2Ffr%2Ftrappe-charge-lourde%2Fa-couvercles-standard%2Ftrappe_de_regard_d400_pt_traffic_lent.pdf|target:_blank&#8220;]F\u00fcr rechteckige Sch\u00e4chte, mit 1 oder mehreren abgeschr\u00e4gten Teilen (Typ KT) mit oder ohne Fallschutzgitter[\/vc_cta][\/vc_column_inner][vc_column_inner width=&#8220;1\/2&#8243;][vc_cta h2=&#8220;Scahchtabdeckung mit Fallschutzgitter &#8211; Klasse D400&#8243; add_button=&#8220;bottom&#8220; btn_title=&#8220;T\u00e9l\u00e9charger&#8220; btn_shape=&#8220;square&#8220; btn_color=&#8220;primary&#8220; btn_size=&#8220;lg&#8220; btn_align=&#8220;center&#8220; btn_i_icon_fontawesome=&#8220;far fa-file-pdf&#8220; btn_button_block=&#8220;true&#8220; btn_add_icon=&#8220;true&#8220; btn_link=&#8220;url:https%3A%2F%2Fwww.bergtecinternational.com%2Fbrochures%2Ffr%2Ftrappe-charge-lourde%2Fa-couvercles-standard%2Ftrappe_de_regard_400_lc_grille.pdf|target:_blank&#8220;]trappe_de_regard_400_lc_grille[\/vc_cta][\/vc_column_inner][\/vc_row_inner][vc_row_inner][vc_column_inner width=&#8220;1\/2&#8243;][vc_cta h2=&#8220;Schachtabdeckung Klasse E600&#8243; add_button=&#8220;bottom&#8220; btn_title=&#8220;T\u00e9l\u00e9charger&#8220; btn_shape=&#8220;square&#8220; btn_color=&#8220;primary&#8220; btn_size=&#8220;lg&#8220; btn_align=&#8220;center&#8220; btn_i_icon_fontawesome=&#8220;far fa-file-pdf&#8220; btn_button_block=&#8220;true&#8220; btn_add_icon=&#8220;true&#8220; btn_link=&#8220;url:https%3A%2F%2Fwww.bergtecinternational.com%2Fbrochures%2Ffr%2Ftrappe-charge-lourde%2Fa-couvercles-standard%2Ftrappe_de_regard_e600_ke.pdf|target:_blank&#8220;]F\u00fcr rechteckige Sch\u00e4chte, mit 1 oder mehreren abgeschr\u00e4gten Teilen (Typ KE)[\/vc_cta][\/vc_column_inner][vc_column_inner width=&#8220;1\/2&#8243;][\/vc_column_inner][\/vc_row_inner][\/vc_tta_section][vc_tta_section i_icon_fontawesome=&#8220;far fa-file-alt&#8220; add_icon=&#8220;true&#8220; title=&#8220;Schachtabdeckung mit F\u00fcllrahmen&#8220; tab_id=&#8220;trappe-remplir&#8220;][vc_custom_heading text=&#8220;Klicken Sie und laden Sie das Merkblatt als PDF herunter&#8220; font_container=&#8220;tag:h3|font_size:20px|text_align:left&#8220; use_theme_fonts=&#8220;yes&#8220; css=&#8220;.vc_custom_1709199217617{margin-bottom: 20px !important;}&#8220;][vc_row_inner css=&#8220;.vc_custom_1694100931621{margin-bottom: 30px !important;}&#8220;][vc_column_inner width=&#8220;1\/2&#8243;][vc_cta h2=&#8220;Schachtabdeckung mit F\u00fcllrahmen Typ PTR &#8211; Klasse C250&#8243; add_button=&#8220;bottom&#8220; btn_title=&#8220;T\u00e9l\u00e9charger&#8220; btn_shape=&#8220;square&#8220; btn_color=&#8220;primary&#8220; btn_size=&#8220;lg&#8220; btn_align=&#8220;center&#8220; btn_i_icon_fontawesome=&#8220;far fa-file-pdf&#8220; btn_button_block=&#8220;true&#8220; btn_add_icon=&#8220;true&#8220; btn_link=&#8220;url:https%3A%2F%2Fwww.bergtecinternational.com%2Fbrochures%2Ffr%2Ftrappe-charge-lourde%2Fb-trappe-a-remplir%2Ftrappe_a_remplir_c250_ptr.pdf|target:_blank&#8220;]F\u00fcr rechteckige Sch\u00e4chte, ein- oder mehrteilig, mit oder ohne Fallschutzgitter (Typ PTR)[\/vc_cta][\/vc_column_inner][vc_column_inner width=&#8220;1\/2&#8243;][vc_cta h2=&#8220;Schachtabdeckung mit F\u00fcllrahmen und Fallschutzgitter &#8211; Klasse C250&#8243; add_button=&#8220;bottom&#8220; btn_title=&#8220;T\u00e9l\u00e9charger&#8220; btn_shape=&#8220;square&#8220; btn_color=&#8220;primary&#8220; btn_size=&#8220;lg&#8220; btn_align=&#8220;center&#8220; btn_i_icon_fontawesome=&#8220;far fa-file-pdf&#8220; btn_button_block=&#8220;true&#8220; btn_add_icon=&#8220;true&#8220; btn_link=&#8220;url:https%3A%2F%2Fwww.bergtecinternational.com%2Fbrochures%2Ffr%2Ftrappe-charge-lourde%2Fb-trappe-a-remplir%2Ftrappe_a_remplir_c250_ptr_grille.pdf|target:_blank&#8220;]F\u00fcr rechteckige Sch\u00e4chte, ein- oder mehrteilig, mit oder ohne Fallschutzgitter (Typ KCRVAA)[\/vc_cta][\/vc_column_inner][\/vc_row_inner][vc_row_inner css=&#8220;.vc_custom_1694100931621{margin-bottom: 30px !important;}&#8220;][vc_column_inner width=&#8220;1\/2&#8243;][vc_cta h2=&#8220;Schachtabdeckung mit F\u00fcllrahmen und Fallschutzgitter &#8211; 400kN&#8220; add_button=&#8220;bottom&#8220; btn_title=&#8220;T\u00e9l\u00e9charger&#8220; btn_shape=&#8220;square&#8220; btn_color=&#8220;primary&#8220; btn_size=&#8220;lg&#8220; btn_align=&#8220;center&#8220; btn_i_icon_fontawesome=&#8220;far fa-file-pdf&#8220; btn_button_block=&#8220;true&#8220; btn_add_icon=&#8220;true&#8220; btn_link=&#8220;url:https%3A%2F%2Fwww.bergtecinternational.com%2Fbrochures%2Ffr%2Ftrappe-charge-lourde%2Fb-trappe-a-remplir%2Ftrappe_a_remplir_d400_kcr_lent_grille.pdf|target:_blank&#8220;]F\u00fcr rechteckige Sch\u00e4chte, ein- oder mehrteilig, mit oder ohne Fallschutzgitter (Typ PTR)[\/vc_cta][\/vc_column_inner][vc_column_inner width=&#8220;1\/2&#8243;][vc_cta h2=&#8220;Schachtabdeckung mit F\u00fcllrahmen &#8222;slow Traffic&#8222; &#8211; 400kN&#8220; add_button=&#8220;bottom&#8220; btn_title=&#8220;T\u00e9l\u00e9charger&#8220; btn_shape=&#8220;square&#8220; btn_color=&#8220;primary&#8220; btn_size=&#8220;lg&#8220; btn_align=&#8220;center&#8220; btn_i_icon_fontawesome=&#8220;far fa-file-pdf&#8220; btn_button_block=&#8220;true&#8220; btn_add_icon=&#8220;true&#8220; btn_link=&#8220;url:https%3A%2F%2Fwww.bergtecinternational.com%2Fbrochures%2Ffr%2Ftrappe-charge-lourde%2Fb-trappe-a-remplir%2Ftrappe_a_remplir_d400_kcrvaa_traffic_lent.pdf|target:_blank&#8220;]F\u00fcr rechteckige Sch\u00e4chte, ein- oder mehrteilig, mit oder ohne Fallschutzgitter (Typ KCRVAA)[\/vc_cta][\/vc_column_inner][\/vc_row_inner][\/vc_tta_section][vc_tta_section i_icon_fontawesome=&#8220;far fa-file-alt&#8220; add_icon=&#8220;true&#8220; title=&#8220;Schachtabdeckung, verriegelt, gelenkig und gesichert&#8220; tab_id=&#8220;trappe-verrouillee-articulee-securisee&#8220;][vc_custom_heading text=&#8220;Cliquez et t\u00e9l\u00e9chargez la fiche en PDF&#8220; font_container=&#8220;tag:h3|font_size:20px|text_align:left&#8220; use_theme_fonts=&#8220;yes&#8220; css=&#8220;.vc_custom_1694105544077{margin-bottom: 20px !important;}&#8220;][vc_row_inner][vc_column_inner width=&#8220;1\/2&#8243;][vc_cta h2=&#8220;SCHWERLAST ABDECKUNGEN&#8220; add_button=&#8220;bottom&#8220; btn_title=&#8220;Download&#8220; btn_shape=&#8220;square&#8220; btn_color=&#8220;primary&#8220; btn_size=&#8220;lg&#8220; btn_align=&#8220;center&#8220; btn_i_icon_fontawesome=&#8220;far fa-file-pdf&#8220; css=&#8220;&#8220; btn_button_block=&#8220;true&#8220; btn_add_icon=&#8220;true&#8220; btn_link=&#8220;url:https%3A%2F%2Fwww.bergtecinternational.com%2Fbrochures%2Fde%2FSCHWERLAST-ABDECKUNGEN-BROSCHURE.pdf|target:_blank&#8220;]F\u00fcr quadratische\/rechteckige Sch\u00e4chte, Breite 1000mm, ein- oder mehrteilig und mit einer gro\u00dfen Auswahl an Zubeh\u00f6r (Modell Titan)[\/vc_cta][\/vc_column_inner][vc_column_inner width=&#8220;1\/2&#8243;][vc_cta h2=&#8220;Schachtabdeckung, gelenkig, unterst\u00fctzt und verriegelt mit mehrteiligem Gusseisenrahmen &#8211; Klasse D400&#8243; add_button=&#8220;bottom&#8220; btn_title=&#8220;T\u00e9l\u00e9charger&#8220; btn_shape=&#8220;square&#8220; btn_color=&#8220;primary&#8220; btn_size=&#8220;lg&#8220; btn_align=&#8220;center&#8220; btn_i_icon_fontawesome=&#8220;far fa-file-pdf&#8220; btn_button_block=&#8220;true&#8220; btn_add_icon=&#8220;true&#8220; btn_link=&#8220;url:https%3A%2F%2Fwww.bergtecinternational.com%2Fbrochures%2Ffr%2Ftrappe-charge-lourde%2Fc-trappe-verrouillee-articulee-securisee%2Ftrappe_400_kcvaa_fte.pdf|target:_blank&#8220;]F\u00fcr quadratische\/rechteckige Sch\u00e4chte, Breite 1000 oder 1200mm, ein- oder mehrteilig und mit einer gro\u00dfen Auswahl an Zubeh\u00f6r (Titan).<br \/>\n<strong>Option:<\/strong><br \/>\nFallschutzgitter<br \/>\nSAE-patentiertes Verriegelungssystem<br \/>\nwasserdicht<br \/>\nEdelstahlzylinder[\/vc_cta][\/vc_column_inner][\/vc_row_inner][vc_row_inner][vc_column_inner width=&#8220;1\/2&#8243;][vc_cta h2=&#8220;Schachtabdeckung, gelenkig, unterst\u00fctzt und verriegelt &#8211; Breite 1000 Modell Titan &#8211; Klasse D400&#8243; add_button=&#8220;bottom&#8220; btn_title=&#8220;T\u00e9l\u00e9charger&#8220; btn_shape=&#8220;square&#8220; btn_color=&#8220;primary&#8220; btn_size=&#8220;lg&#8220; btn_align=&#8220;center&#8220; btn_i_icon_fontawesome=&#8220;far fa-file-pdf&#8220; btn_button_block=&#8220;true&#8220; btn_add_icon=&#8220;true&#8220; btn_link=&#8220;url:https%3A%2F%2Fwww.bergtecinternational.com%2Fbrochures%2Ffr%2Ftrappe-charge-lourde%2Fc-trappe-verrouillee-articulee-securisee%2Ftrappe_400_titan1000.pdf|target:_blank&#8220;]F\u00fcr quadratische\/rechteckige Sch\u00e4chte, mit einem oder mehreren abgeschr\u00e4gten Teilen Schmetterlings\u00f6ffnung, Rahmen aus Gusseisen oder Stahl nach Norm NF362 (Typ KCVA)[\/vc_cta][\/vc_column_inner][vc_column_inner width=&#8220;1\/2&#8243;][vc_cta h2=&#8220;Schachtabdeckung, gelenkig, unterst\u00fctzt und verriegelt Typ KEVAA &#8211; Klasse E600&#8243; add_button=&#8220;bottom&#8220; btn_title=&#8220;T\u00e9l\u00e9charger&#8220; btn_shape=&#8220;square&#8220; btn_color=&#8220;primary&#8220; btn_size=&#8220;lg&#8220; btn_align=&#8220;center&#8220; btn_i_icon_fontawesome=&#8220;far fa-file-pdf&#8220; btn_button_block=&#8220;true&#8220; btn_add_icon=&#8220;true&#8220; btn_link=&#8220;url:https%3A%2F%2Fwww.bergtecinternational.com%2Fbrochures%2Ffr%2Ftrappe-charge-lourde%2Fc-trappe-verrouillee-articulee-securisee%2Ftrappe_600_keva.pdf|target:_blank&#8220;]F\u00fcr quadratische\/rechteckige Sch\u00e4chte, Breite 750x3000mm \/ 900&#215;900, Guss- oder Stahlrahmen, in 1 oder mehreren geraden oder abgeschr\u00e4gten Teilen (Typ KEVAA \/ Modell Ares)[\/vc_cta][\/vc_column_inner][\/vc_row_inner][vc_row_inner][vc_column_inner width=&#8220;1\/2&#8243;][vc_cta h2=&#8220;Schachtabdeckung, gelenkig, unterst\u00fctzt und verriegelt &#8211; Breite 1000 Modell Titan &#8211; Klasse E600&#8243; add_button=&#8220;bottom&#8220; btn_title=&#8220;T\u00e9l\u00e9charger&#8220; btn_shape=&#8220;square&#8220; btn_color=&#8220;primary&#8220; btn_size=&#8220;lg&#8220; btn_align=&#8220;center&#8220; btn_i_icon_fontawesome=&#8220;far fa-file-pdf&#8220; btn_button_block=&#8220;true&#8220; btn_add_icon=&#8220;true&#8220; btn_link=&#8220;url:https%3A%2F%2Fwww.bergtecinternational.com%2Fbrochures%2Ffr%2Ftrappe-charge-lourde%2Fc-trappe-verrouillee-articulee-securisee%2Ftrappe_600_titan1000.pdf|target:_blank&#8220;]F\u00fcr quadratische\/rechteckige Sch\u00e4chte, Breite 750x3000mm \/ 900&#215;900, Guss- oder Stahlrahmen, in 1 oder mehreren geraden oder abgeschr\u00e4gten Teilen (Typ KEVAA \/ Modell Ares)[\/vc_cta][\/vc_column_inner][vc_column_inner width=&#8220;1\/2&#8243;][vc_cta h2=&#8220;Luke, gelenkig, unterst\u00fctzt und verriegelt Modell Titan &#8211; Klasse F900&#8243; add_button=&#8220;bottom&#8220; btn_title=&#8220;T\u00e9l\u00e9charger&#8220; btn_shape=&#8220;square&#8220; btn_color=&#8220;primary&#8220; btn_size=&#8220;lg&#8220; btn_align=&#8220;center&#8220; btn_i_icon_fontawesome=&#8220;far fa-file-pdf&#8220; btn_button_block=&#8220;true&#8220; btn_add_icon=&#8220;true&#8220; btn_link=&#8220;url:https%3A%2F%2Fwww.bergtecinternational.com%2Fbrochures%2Ffr%2Ftrappe-charge-lourde%2Fc-trappe-verrouillee-articulee-securisee%2Ftrappe_900_kfvaa_fte.pdf|target:_blank&#8220;]F\u00fcr quadratische\/rechteckige Sch\u00e4chte, max. Abmessung 750x250mm, Rahmen aus Gusseisen oder Stahl, in 1 oder mehreren geraden oder abgeschr\u00e4gten Teilen, NF362 (Typ KEVAA \/ KFVAA)[\/vc_cta][\/vc_column_inner][\/vc_row_inner][\/vc_tta_section][vc_tta_section i_icon_fontawesome=&#8220;far fa-file-alt&#8220; add_icon=&#8220;true&#8220; title=&#8220;Modulare Schachtabdeckung \/ mehrteilig&#8220; tab_id=&#8220;trappe-modulaire-multi-tampons&#8220;][vc_custom_heading text=&#8220;Schachtabdeckung ohne oder mit Hebehilfe, Gelenk und Verriegelung&#8220; font_container=&#8220;tag:h3|font_size:20px|text_align:left&#8220; use_theme_fonts=&#8220;yes&#8220; css=&#8220;.vc_custom_1709203170190{margin-bottom: 20px !important;}&#8220;][vc_row_inner][vc_column_inner width=&#8220;1\/2&#8243;][vc_cta h2=&#8220;Schachtabdeckung &#8222;Gro\u00dfe Dimensionen in mehreren Teilen, die hochklappbar, gelenkig und unterst\u00fctzt sind&#8222; &#8211; 250kN&#8220; add_button=&#8220;bottom&#8220; btn_title=&#8220;T\u00e9l\u00e9charger&#8220; btn_shape=&#8220;square&#8220; btn_color=&#8220;primary&#8220; btn_size=&#8220;lg&#8220; btn_align=&#8220;center&#8220; btn_i_icon_fontawesome=&#8220;far fa-file-pdf&#8220; btn_button_block=&#8220;true&#8220; btn_add_icon=&#8220;true&#8220; btn_link=&#8220;url:https%3A%2F%2Fwww.bergtecinternational.com%2Fbrochures%2Ffr%2Ftrappe-charge-lourde%2Fd-trappe-grande-dim-multi-parties%2Ftrappe_modulaire_250kn_2xktvaa_mono.pdf|target:_blank&#8220;]F\u00fcr rechteckige Sch\u00e4chte, 1-, 4- oder 6-teilig mit 1 Mittelsteg, einteiliger Rahmen, langsamer Verkehr (Typ 2xXKTVAA)[\/vc_cta][\/vc_column_inner][vc_column_inner width=&#8220;1\/2&#8243;][vc_cta h2=&#8220;Schachtabdeckung &#8222;Gro\u00dfe Dimensionen in mehreren Teilen, die hochklappbar, gelenkig und unterst\u00fctzt sind&#8222; &#8211; 400kN&#8220; add_button=&#8220;bottom&#8220; btn_title=&#8220;T\u00e9l\u00e9charger&#8220; btn_shape=&#8220;square&#8220; btn_color=&#8220;primary&#8220; btn_size=&#8220;lg&#8220; btn_align=&#8220;center&#8220; btn_i_icon_fontawesome=&#8220;far fa-file-pdf&#8220; btn_button_block=&#8220;true&#8220; btn_add_icon=&#8220;true&#8220; btn_link=&#8220;url:https%3A%2F%2Fwww.bergtecinternational.com%2Fbrochures%2Ffr%2Ftrappe-charge-lourde%2Fd-trappe-grande-dim-multi-parties%2Ftrappe_modulaire_400kn_2xkcvaa.pdf|target:_blank&#8220;]F\u00fcr rechteckige Sch\u00e4chte, 4- oder 6-teilig mit 1 Mittelsteg, einteiliger Rahmen, langsamer Verkehr (Typ 2xXKCVAA)[\/vc_cta][\/vc_column_inner][\/vc_row_inner][vc_row_inner][vc_column_inner width=&#8220;1\/2&#8243;][vc_cta h2=&#8220;Scahchtabdeckung &#8222;Gro\u00dfe Dimensionen&#8222; in mehreren Teilen, die hochklappbar, gelenkig und unterst\u00fctzt sind&#8222; &#8211; Klasse 600kN&#8220; add_button=&#8220;bottom&#8220; btn_title=&#8220;T\u00e9l\u00e9charger&#8220; btn_shape=&#8220;square&#8220; btn_color=&#8220;primary&#8220; btn_size=&#8220;lg&#8220; btn_align=&#8220;center&#8220; btn_i_icon_fontawesome=&#8220;far fa-file-pdf&#8220; btn_button_block=&#8220;true&#8220; btn_add_icon=&#8220;true&#8220; btn_link=&#8220;url:https%3A%2F%2Fwww.bergtecinternational.com%2Fbrochures%2Ffr%2Ftrappe-charge-lourde%2Fd-trappe-grande-dim-multi-parties%2Ftrappe_modulaire_600kn_2xkevaa_mono.pdf|target:_blank&#8220;]F\u00fcr rechteckigen Schacht, 1500x1674mm in 4 Teilen mit 1 zentralen Querbalken, einteiliger Rahmen, &#8222;slow traffic&#8220; (Typ 2xXKEVAA)[\/vc_cta][\/vc_column_inner][vc_column_inner width=&#8220;1\/2&#8243;][\/vc_column_inner][\/vc_row_inner][\/vc_tta_section][\/vc_tta_tour][\/vc_column][\/vc_row][vc_row][vc_column][vc_empty_space height=&#8220;2px&#8220;][\/vc_column][\/vc_row][vc_row full_width=&#8220;stretch_row&#8220; css=&#8220;.vc_custom_1678737311511{padding-top: 30px !important;padding-bottom: 30px !important;background-color: #2c34a4 !important;background-position: center !important;background-repeat: no-repeat !important;background-size: cover !important;}&#8220; el_class=&#8220;home_quote&#8220;][vc_column width=&#8220;3\/4&#8243;][vc_custom_heading text=&#8220;Contactez-nous pour un devis&#8220; font_container=&#8220;tag:div|font_size:32|text_align:left|color:%23ffffff&#8220; use_theme_fonts=&#8220;yes&#8220; css_animation=&#8220;zoomIn&#8220; el_class=&#8220;home_quote_txt&#8220;][vc_column_text css_animation=&#8220;zoomIn&#8220;]<span style=\"color: #ffffff;\">CToutes solutions sur-mesure disponibles<\/span>[\/vc_column_text][\/vc_column][vc_column width=&#8220;1\/4&#8243;][vc_empty_space][vc_btn title=&#8220;KONTAKT-TASTE&#8220; shape=&#8220;square&#8220; align=&#8220;left&#8220; i_align=&#8220;right&#8220; i_icon_fontawesome=&#8220;fas fa-arrow-right&#8220; css_animation=&#8220;slideInRight&#8220; button_block=&#8220;true&#8220; add_icon=&#8220;true&#8220; link=&#8220;url:https%3A%2F%2Fwww.bergtecinternational.com%2Fcontactez-nous%2F|title:Contactez-Nous&#8220; el_class=&#8220;home_quote_btn&#8220;][\/vc_column][\/vc_row]<\/p>\n<\/div>","protected":false},"excerpt":{"rendered":"<p>[vc_row][vc_column][vc_custom_heading text=&#8220;&#8220; font_container=&#8220;tag:h3|font_size:26|text_align:center|color:%2341b6e6&#8243; use_theme_fonts=&#8220;yes&#8220; el_class=&#8220;our_services_heading1&#8243;][vc_custom_heading text=&#8220;Schachtabdeckung und Strassen Deckel&#8220; font_container=&#8220;tag:h3|font_size:26|text_align:center|color:%2341b6e6&#8243; use_theme_fonts=&#8220;yes&#8220; el_class=&#8220;our_services_heading1&#8243;][vc_custom_heading text=&#8220;Abdeckung zum einbetonieren&#8220; font_container=&#8220;tag:h2|font_size:38|text_align:center|color:%23000000&#8243; use_theme_fonts=&#8220;yes&#8220; css=&#8220;.vc_custom_1709198053357{margin-bottom: 30px !important;}&#8220; [&hellip;]<\/p>\n","protected":false},"author":4,"featured_media":0,"parent":8598,"menu_order":3,"comment_status":"closed","ping_status":"closed","template":"","meta":{"om_disable_all_campaigns":false,"_monsterinsights_skip_tracking":false,"_monsterinsights_sitenote_active":false,"_monsterinsights_sitenote_note":"","_monsterinsights_sitenote_category":0,"footnotes":""},"class_list":["post-8601","page","type-page","status-publish","hentry"],"aioseo_notices":[],"_links":{"self":[{"href":"https:\/\/www.bergtecinternational.com\/de\/wp-json\/wp\/v2\/pages\/8601","targetHints":{"allow":["GET"]}}],"collection":[{"href":"https:\/\/www.bergtecinternational.com\/de\/wp-json\/wp\/v2\/pages"}],"about":[{"href":"https:\/\/www.bergtecinternational.com\/de\/wp-json\/wp\/v2\/types\/page"}],"author":[{"embeddable":true,"href":"https:\/\/www.bergtecinternational.com\/de\/wp-json\/wp\/v2\/users\/4"}],"replies":[{"embeddable":true,"href":"https:\/\/www.bergtecinternational.com\/de\/wp-json\/wp\/v2\/comments?post=8601"}],"version-history":[{"count":0,"href":"https:\/\/www.bergtecinternational.com\/de\/wp-json\/wp\/v2\/pages\/8601\/revisions"}],"up":[{"embeddable":true,"href":"https:\/\/www.bergtecinternational.com\/de\/wp-json\/wp\/v2\/pages\/8598"}],"wp:attachment":[{"href":"https:\/\/www.bergtecinternational.com\/de\/wp-json\/wp\/v2\/media?parent=8601"}],"curies":[{"name":"wp","href":"https:\/\/api.w.org\/{rel}","templated":true}]}}