{"id":8599,"date":"2022-02-24T14:00:52","date_gmt":"2022-02-24T14:00:52","guid":{"rendered":"https:\/\/www.bergtecinternational.com\/equipements-eau-industrie-voirie\/securisation-acces\/trappe-eau-potable\/"},"modified":"2024-09-23T19:50:34","modified_gmt":"2024-09-23T19:50:34","slug":"einbruchsfrei-abdeckung-trinkwasserbehalter","status":"publish","type":"page","link":"https:\/\/www.bergtecinternational.com\/de\/ausrustungen-wasser-hoch-tiefbau-industrie\/sicherung-zugange-gebauden-bauwerken\/einbruchsfrei-abdeckung-trinkwasserbehalter\/","title":{"rendered":"ZUGANGSABDECKUNG F\u00dcR &#8222;TRINKWASSER&#8220;"},"content":{"rendered":"<div class=\"wpb-content-wrapper\"><p>[vc_row][vc_column][vc_custom_heading text=&#8220;Experte 1970&#8243; font_container=&#8220;tag:h3|font_size:26|text_align:center|color:%2341b6e6&#8243; use_theme_fonts=&#8220;yes&#8220; el_class=&#8220;our_services_heading1&#8243;][vc_custom_heading text=&#8220;Schachtabdeckung&#8220; font_container=&#8220;tag:h2|font_size:38|text_align:center|color:%23000000&#8243; use_theme_fonts=&#8220;yes&#8220; css=&#8220;.vc_custom_1709130173885{margin-bottom: 30px !important;}&#8220; el_class=&#8220;our_services_heading2&#8243;][vc_custom_heading text=&#8220;Gem\u00e4\u00df der Norm EN 1627-1630 (F\u00fcr Zug\u00e4nge zu Bauwerken, die sich mit Wasser befassen)&#8220; font_container=&#8220;tag:div|font_size:22|text_align:center|color:%23555555&#8243; use_theme_fonts=&#8220;yes&#8220; css=&#8220;.vc_custom_1709130205989{margin-bottom: 40px !important;}&#8220;][\/vc_column][\/vc_row][vc_row][vc_column][vc_tta_tour style=&#8220;modern&#8220; shape=&#8220;square&#8220; color=&#8220;white&#8220; spacing=&#8220;10&#8243; gap=&#8220;30&#8243; active_section=&#8220;1&#8243; no_fill_content_area=&#8220;true&#8220; css=&#8220;.vc_custom_1664632912749{background-color: #ffffff !important;}&#8220;][vc_tta_section i_icon_fontawesome=&#8220;far fa-file-alt&#8220; add_icon=&#8220;true&#8220; title=&#8220;Abdeckung aus Stahl&#8220; tab_id=&#8220;capot-acier&#8220;][vc_custom_heading text=&#8220;SCHACHTABDECKUNG KLASSE 1&#8243; font_container=&#8220;tag:h3|font_size:20px|text_align:left&#8220; use_theme_fonts=&#8220;yes&#8220; css=&#8220;.vc_custom_1726913417234{margin-bottom: 20px !important;}&#8220;][vc_column_text css=&#8220;.vc_custom_1709130401007{margin-bottom: 20px !important;}&#8220;]<\/p>\n<h3><strong>Material: <\/strong><\/h3>\n<ul>\n<li>Stahl S235 verzinkt und lackiert (Farbton nach Wahl) oder<\/li>\n<li>Edelstahl<\/li>\n<\/ul>\n<h3><strong>Konstruktion :<\/strong><\/h3>\n<ul>\n<li>Mechanisch geschwei\u00dfte Einheit aus Glattblech mit einer Mindestdicke von 3-5 mm. Zusammenbau durch TIG-Schwei\u00dfen.<\/li>\n<li>Einteilige (1) oder mehrteilige Haube mit Einzel- oder Doppeldeckel, die mit unsichtbaren Scharnieren hochgeklappt werden k\u00f6nnen.<\/li>\n<li>Hochklappbares Fallschutzgitter, das einem Doppelschlag von 1200 Joule standh\u00e4lt (gem\u00e4\u00df den geltenden Vorschriften).<\/li>\n<\/ul>\n<p>Alle Abmessungen sind auf Anfrage m\u00f6glich.<\/p>\n<h3><strong>Sicherheit:<\/strong><\/h3>\n<ul>\n<li>Sichere, einbruchhemmende Scharniere, die in den Rahmen integriert sind und bei geschlossener T\u00fcr verdeckt sind.<\/li>\n<li>Alle Befestigungspunkte sind in der Position &#8222;T\u00fcr geschlossen&#8220; unzug\u00e4nglich.<\/li>\n<li>Vorbereitung f\u00fcr das Anbringen von Alarmanlage(n): optional<\/li>\n<li>Vorbereitung f\u00fcr die Anbringung eines &#8222;elektromagnetischen Schlosses&#8220;.<\/li>\n<li>Elektronischer Sensor, \u00d6ffnungs- und Sto\u00dfvibrationssensor<\/li>\n<\/ul>\n<p>[\/vc_column_text][vc_custom_heading text=&#8220;Anwendungen&#8220; font_container=&#8220;tag:h3|font_size:20px|text_align:left&#8220; use_theme_fonts=&#8220;yes&#8220; css=&#8220;.vc_custom_1709130414797{margin-bottom: 20px !important;}&#8220;][vc_media_grid gap=&#8220;10&#8243; item=&#8220;mediaGrid_SlideInTitle&#8220; grid_id=&#8220;vc_gid:1727121011209-fb8203f0-5c21-6&#8243; include=&#8220;5358,5356,3604,3606,3608&#8243;][\/vc_tta_section][vc_tta_section i_icon_fontawesome=&#8220;far fa-file-alt&#8220; add_icon=&#8220;true&#8220; title=&#8220;Abdeckung aus Kunstoff&#8220; tab_id=&#8220;capot-composite&#8220;][vc_custom_heading text=&#8220;&#8220; font_container=&#8220;tag:h3|font_size:20px|text_align:left&#8220; use_theme_fonts=&#8220;yes&#8220; css=&#8220;.vc_custom_1665340849626{margin-bottom: 20px !important;}&#8220;][vc_column_text css=&#8220;.vc_custom_1726915393362{margin-bottom: 20px !important;}&#8220;]<\/p>\n<h3><strong>Abdeckung Klasse 1 <\/strong><\/h3>\n<h3><strong>Material : <\/strong><\/h3>\n<p>Deckel und \u00a0Rahmen: Aus Polyester und Glassfaser<\/p>\n<p>Zubeh\u00f6re: Scharnieren, Hebearm, Druckfeder aus Edelstahl<\/p>\n<h3 id=\"tw-target-text\" class=\"tw-data-text tw-text-large tw-ta\" dir=\"ltr\" data-placeholder=\"Traduction\" data-ved=\"2ahUKEwjY3Oys5NOIAxWdU6QEHRupHhIQ3ewLegQICBAU\" aria-label=\"Translated text: Konstruktion : Mechanisch geschwei\u00dfte Baugruppe aus glattem Blech, Mindestst\u00e4rke 3-5 mm. Montage durch WIG-Schwei\u00dfen Die Haube wird in einem (1) oder mehreren Teilen mit einfacher oder doppelter Abdeckung geliefert und l\u00e4sst sich an unsichtbaren Scharnieren anheben Anhebbares Anti-Fall-Gitter, best\u00e4ndig gegen einen doppelten Sto\u00df von 1200 Joule (gem\u00e4\u00df den geltenden Vorschriften). Alle Abmessungen auf Anfrage m\u00f6glich. Beschreibung:\"><span class=\"Y2IQFc\" lang=\"de\" style=\"font-family: georgia, palatino, serif;\">Konstruktion : <\/span><\/h3>\n<p id=\"tw-target-text\" class=\"tw-data-text tw-text-large tw-ta\" dir=\"ltr\" data-placeholder=\"Traduction\" data-ved=\"2ahUKEwjY3Oys5NOIAxWdU6QEHRupHhIQ3ewLegQICBAU\" aria-label=\"Translated text: Zusammenbau der verschiedenen Teile durch Kleben. Die Luke ist in einem (1) oder mehreren Teilen erh\u00e4ltlich, die mit unsichtbaren Scharnieren angehoben werden k\u00f6nnen. Das Hebe-Fallschutzgitter ist normgerecht gegen einen Doppelschlag von 1200 Joule best\u00e4ndig\"><span class=\"Y2IQFc\" lang=\"de\">Zusammenbau der verschiedenen Teile durch Kleben. Die Luke ist in einem (1) oder mehreren Teilen erh\u00e4ltlich, die mit unsichtbaren Scharnieren angehoben werden k\u00f6nnen. <\/span><\/p>\n<p class=\"tw-data-text tw-text-large tw-ta\" dir=\"ltr\" data-placeholder=\"Traduction\" data-ved=\"2ahUKEwjY3Oys5NOIAxWdU6QEHRupHhIQ3ewLegQICBAU\" aria-label=\"Translated text: Zusammenbau der verschiedenen Teile durch Kleben. Die Luke ist in einem (1) oder mehreren Teilen erh\u00e4ltlich, die mit unsichtbaren Scharnieren angehoben werden k\u00f6nnen. Das Hebe-Fallschutzgitter ist normgerecht gegen einen Doppelschlag von 1200 Joule best\u00e4ndig\"><span class=\"Y2IQFc\" lang=\"de\">Das Hebe-Fallschutzgitter ist normgerecht gegen einen Doppelschlag von 1200 Joule best\u00e4ndig<\/span><\/p>\n<p class=\"tw-data-text tw-text-large tw-ta\" dir=\"ltr\" data-placeholder=\"Traduction\" data-ved=\"2ahUKEwjY3Oys5NOIAxWdU6QEHRupHhIQ3ewLegQICBAU\" aria-label=\"Translated text: Konstruktion : Mechanisch geschwei\u00dfte Baugruppe aus glattem Blech, Mindestst\u00e4rke 3-5 mm. Montage durch WIG-Schwei\u00dfen Die Haube wird in einem (1) oder mehreren Teilen mit einfacher oder doppelter Abdeckung geliefert und l\u00e4sst sich an unsichtbaren Scharnieren anheben Anhebbares Anti-Fall-Gitter, best\u00e4ndig gegen einen doppelten Sto\u00df von 1200 Joule (gem\u00e4\u00df den geltenden Vorschriften). Alle Abmessungen auf Anfrage m\u00f6glich. Beschreibung:\"><span class=\"Y2IQFc\" lang=\"de\" style=\"font-family: georgia, palatino, serif;\">(gem\u00e4\u00df den geltenden Vorschriften). <\/span><\/p>\n<p class=\"tw-data-text tw-text-large tw-ta\" dir=\"ltr\" data-placeholder=\"Traduction\" data-ved=\"2ahUKEwjY3Oys5NOIAxWdU6QEHRupHhIQ3ewLegQICBAU\" aria-label=\"Translated text: Konstruktion : Mechanisch geschwei\u00dfte Baugruppe aus glattem Blech, Mindestst\u00e4rke 3-5 mm. Montage durch WIG-Schwei\u00dfen Die Haube wird in einem (1) oder mehreren Teilen mit einfacher oder doppelter Abdeckung geliefert und l\u00e4sst sich an unsichtbaren Scharnieren anheben Anhebbares Anti-Fall-Gitter, best\u00e4ndig gegen einen doppelten Sto\u00df von 1200 Joule (gem\u00e4\u00df den geltenden Vorschriften). Alle Abmessungen auf Anfrage m\u00f6glich. Beschreibung:\"><span class=\"Y2IQFc\" lang=\"de\" style=\"font-family: georgia, palatino, serif;\">Alle Abmessungen auf Anfrage m\u00f6glich.<\/span><\/p>\n<h3 dir=\"ltr\" data-placeholder=\"Traduction\" data-ved=\"2ahUKEwjY3Oys5NOIAxWdU6QEHRupHhIQ3ewLegQICBAU\" aria-label=\"Translated text: Konstruktion : Mechanisch geschwei\u00dfte Baugruppe aus glattem Blech, Mindestst\u00e4rke 3-5 mm. Montage durch WIG-Schwei\u00dfen Die Haube wird in einem (1) oder mehreren Teilen mit einfacher oder doppelter Abdeckung geliefert und l\u00e4sst sich an unsichtbaren Scharnieren anheben Anhebbares Anti-Fall-Gitter, best\u00e4ndig gegen einen doppelten Sto\u00df von 1200 Joule (gem\u00e4\u00df den geltenden Vorschriften). Alle Abmessungen auf Anfrage m\u00f6glich. Beschreibung:\">Sicherheit<\/h3>\n<ul>\n<li><span style=\"font-family: georgia, palatino, serif;\">Sichere, einbruchhemmende Scharniere, die in den Rahmen integriert sind und bei geschlossener T\u00fcr verdeckt sind.<\/span><\/li>\n<li><span style=\"font-family: georgia, palatino, serif;\">Alle Befestigungspunkte sind in der Position &#8222;T\u00fcr geschlossen&#8220; unzug\u00e4nglich.<\/span><\/li>\n<li><span style=\"font-family: georgia, palatino, serif;\">Vorbereitung f\u00fcr das Anbringen von Alarmanlage(n): optional<\/span><\/li>\n<li><span style=\"font-family: georgia, palatino, serif;\">Vorbereitung f\u00fcr die Anbringung eines &#8222;elektromagnetischen Schlosses&#8220;.<\/span><\/li>\n<li><span style=\"font-family: georgia, palatino, serif;\">Elektronischer Sensor, \u00d6ffnungs- und Sto\u00dfvibrationssensor<\/span><\/li>\n<\/ul>\n<p>[\/vc_column_text][vc_media_grid gap=&#8220;10&#8243; item=&#8220;mediaGrid_SlideInTitle&#8220; css=&#8220;&#8220; grid_id=&#8220;vc_gid:1727121015925-9e00f0b2-c74c-4&#8243; include=&#8220;5358,5356&#8243;][\/vc_tta_section][vc_tta_section i_icon_fontawesome=&#8220;far fa-file-alt&#8220; add_icon=&#8220;true&#8220; title=&#8220;Sph\u00e4roguss Abdeckung&#8220; tab_id=&#8220;capot-fonte&#8220;][vc_custom_heading text=&#8220;TRINKWASSER ABDECKUNG AUS GUSS&#8220; font_container=&#8220;tag:h3|font_size:20px|text_align:left&#8220; use_theme_fonts=&#8220;yes&#8220; css=&#8220;.vc_custom_1726913345801{margin-bottom: 20px !important;}&#8220;][vc_column_text css=&#8220;.vc_custom_1695391665175{margin-bottom: 20px !important;}&#8220;][\/vc_column_text][vc_row_inner][vc_column_inner width=&#8220;1\/2&#8243;][vc_cta h2=&#8220;VIGI EINBRUCHSICEHER WASSER ABDECKUNG&#8220; add_button=&#8220;bottom&#8220; btn_title=&#8220;Download&#8220; btn_shape=&#8220;square&#8220; btn_color=&#8220;primary&#8220; btn_size=&#8220;lg&#8220; btn_align=&#8220;center&#8220; btn_i_icon_fontawesome=&#8220;far fa-file-pdf&#8220; css=&#8220;&#8220; btn_button_block=&#8220;true&#8220; btn_add_icon=&#8220;true&#8220; btn_link=&#8220;url:https%3A%2F%2Fwww.bergtecinternational.com%2Fbrochures%2Fde%2FVIGI-EINBRUCHSICEHER-WASSER-ABDECKUNG.pdf|target:_blank&#8220;][\/vc_cta][\/vc_column_inner][vc_column_inner width=&#8220;1\/2&#8243;][\/vc_column_inner][\/vc_row_inner][\/vc_tta_section][\/vc_tta_tour][\/vc_column][\/vc_row][vc_row][vc_column][vc_empty_space][\/vc_column][\/vc_row][vc_row full_width=&#8220;stretch_row&#8220; css=&#8220;.vc_custom_1678737311511{padding-top: 30px !important;padding-bottom: 30px !important;background-color: #2c34a4 !important;background-position: center !important;background-repeat: no-repeat !important;background-size: cover !important;}&#8220; el_class=&#8220;home_quote&#8220;][vc_column width=&#8220;3\/4&#8243;][vc_custom_heading text=&#8220;Kontaktieren Sie uns f\u00fcr ein Angebot&#8220; font_container=&#8220;tag:div|font_size:32|text_align:left|color:%23ffffff&#8220; use_theme_fonts=&#8220;yes&#8220; css_animation=&#8220;zoomIn&#8220; el_class=&#8220;home_quote_txt&#8220;][vc_column_text css_animation=&#8220;zoomIn&#8220;]<span style=\"color: #ffffff;\">CToutes solutions sur-mesure disponibles<\/span>[\/vc_column_text][\/vc_column][vc_column width=&#8220;1\/4&#8243;][vc_empty_space][vc_btn title=&#8220;KONTAKT-TASTE&#8220; shape=&#8220;square&#8220; align=&#8220;left&#8220; i_align=&#8220;right&#8220; i_icon_fontawesome=&#8220;fas fa-arrow-right&#8220; css_animation=&#8220;slideInRight&#8220; button_block=&#8220;true&#8220; add_icon=&#8220;true&#8220; link=&#8220;url:https%3A%2F%2Fwww.bergtecinternational.com%2Fcontactez-nous%2F|title:Contactez-Nous&#8220; el_class=&#8220;home_quote_btn&#8220;][\/vc_column][\/vc_row]<\/p>\n<\/div>","protected":false},"excerpt":{"rendered":"<p>[vc_row][vc_column][vc_custom_heading text=&#8220;Experte 1970&#8243; font_container=&#8220;tag:h3|font_size:26|text_align:center|color:%2341b6e6&#8243; use_theme_fonts=&#8220;yes&#8220; el_class=&#8220;our_services_heading1&#8243;][vc_custom_heading text=&#8220;Schachtabdeckung&#8220; font_container=&#8220;tag:h2|font_size:38|text_align:center|color:%23000000&#8243; use_theme_fonts=&#8220;yes&#8220; css=&#8220;.vc_custom_1709130173885{margin-bottom: 30px !important;}&#8220; el_class=&#8220;our_services_heading2&#8243;][vc_custom_heading text=&#8220;Gem\u00e4\u00df der Norm EN 1627-1630 (F\u00fcr Zug\u00e4nge [&hellip;]<\/p>\n","protected":false},"author":2,"featured_media":0,"parent":8598,"menu_order":1,"comment_status":"closed","ping_status":"closed","template":"","meta":{"om_disable_all_campaigns":false,"_monsterinsights_skip_tracking":false,"_monsterinsights_sitenote_active":false,"_monsterinsights_sitenote_note":"","_monsterinsights_sitenote_category":0,"footnotes":""},"class_list":["post-8599","page","type-page","status-publish","hentry"],"aioseo_notices":[],"_links":{"self":[{"href":"https:\/\/www.bergtecinternational.com\/de\/wp-json\/wp\/v2\/pages\/8599","targetHints":{"allow":["GET"]}}],"collection":[{"href":"https:\/\/www.bergtecinternational.com\/de\/wp-json\/wp\/v2\/pages"}],"about":[{"href":"https:\/\/www.bergtecinternational.com\/de\/wp-json\/wp\/v2\/types\/page"}],"author":[{"embeddable":true,"href":"https:\/\/www.bergtecinternational.com\/de\/wp-json\/wp\/v2\/users\/2"}],"replies":[{"embeddable":true,"href":"https:\/\/www.bergtecinternational.com\/de\/wp-json\/wp\/v2\/comments?post=8599"}],"version-history":[{"count":0,"href":"https:\/\/www.bergtecinternational.com\/de\/wp-json\/wp\/v2\/pages\/8599\/revisions"}],"up":[{"embeddable":true,"href":"https:\/\/www.bergtecinternational.com\/de\/wp-json\/wp\/v2\/pages\/8598"}],"wp:attachment":[{"href":"https:\/\/www.bergtecinternational.com\/de\/wp-json\/wp\/v2\/media?parent=8599"}],"curies":[{"name":"wp","href":"https:\/\/api.w.org\/{rel}","templated":true}]}}