{"id":8589,"date":"2023-06-08T13:16:26","date_gmt":"2023-06-08T13:16:26","guid":{"rendered":"https:\/\/www.bergtecinternational.com\/equipements-eau-industrie-voirie\/acces-protection-batiment-machine\/echelle\/echelle-pour-regard-telecom\/"},"modified":"2024-09-05T16:13:24","modified_gmt":"2024-09-05T16:13:24","slug":"leiter-telekom-arbeitskammer","status":"publish","type":"page","link":"https:\/\/www.bergtecinternational.com\/de\/ausrustungen-wasser-hoch-tiefbau-industrie\/zugang-schutz-gebaude-maschine\/ortsfeste-leitern-zubehor\/leiter-telekom-arbeitskammer\/","title":{"rendered":"LEITER F\u00dcR TELEKOM- ARBEITSKAMMER"},"content":{"rendered":"<div class=\"wpb-content-wrapper\"><p>[vc_row][vc_column][vc_custom_heading text=&#8220;Experte seit 1970&#8243; font_container=&#8220;tag:h3|font_size:26|text_align:center|color:%2341b6e6&#8243; use_theme_fonts=&#8220;yes&#8220; el_class=&#8220;our_services_heading1&#8243;][vc_custom_heading text=&#8220;Zweiteilige Leiter, feststehend und verschiebbar, f\u00fcr Arbeitskammer Art.-Nr. 1113 oder 1118&#8243; font_container=&#8220;tag:h2|font_size:38|text_align:center|color:%23000000&#8243; use_theme_fonts=&#8220;yes&#8220; el_class=&#8220;our_services_heading2&#8243; css=&#8220;.vc_custom_1709108423535{margin-bottom: 30px !important;}&#8220;][vc_custom_heading text=&#8220;Entspricht der Norm EN ISO 14122-4&#8243; font_container=&#8220;tag:div|font_size:22|text_align:center|color:%23555555&#8243; use_theme_fonts=&#8220;yes&#8220; css=&#8220;.vc_custom_1709108480676{margin-bottom: 40px !important;}&#8220;][\/vc_column][\/vc_row][vc_row][vc_column][vc_tta_tour style=&#8220;modern&#8220; shape=&#8220;square&#8220; color=&#8220;white&#8220; spacing=&#8220;10&#8243; gap=&#8220;30&#8243; active_section=&#8220;1&#8243; no_fill_content_area=&#8220;true&#8220; css=&#8220;.vc_custom_1664632912749{background-color: #ffffff !important;}&#8220;][vc_tta_section i_icon_fontawesome=&#8220;far fa-file-alt&#8220; add_icon=&#8220;true&#8220; title=&#8220;Beschreibung&#8220; tab_id=&#8220;description9e5b-b4f7&#8243;][vc_row_inner][vc_column_inner][vc_column_text]<\/p>\n<h3><strong>Material<\/strong><\/h3>\n<p>Aus Aluminiumlegierungen<\/p>\n<h3>Schachteingang: Feste Leiter an der Wand<\/h3>\n<p><strong>Art.-Nr. 1113<\/strong>: Max. L\u00e4nge ca. 400 mm mit 4 Befestigungslaschen, f\u00fcr gerade oder runde W\u00e4nde.<\/p>\n<p><strong>Art.-Nr.<\/strong>1118: Sonderausf\u00fchrung f\u00fcr Schachtkonus unter 400 mm.<\/p>\n<h3><strong>Unterirdische Kammer: Hochklappbare Leiter<\/strong><\/h3>\n<p>Max. L\u00e4nge ca. 2000 mm (Handzugriff auf das Entriegelungssystem des beweglichen Teils).<\/p>\n<h3>Konstruktion<\/h3>\n<ul>\n<li>Ovale Profilholme<\/li>\n<li>Feststehende Leiter: Breite zwischen den Holmen 400 mm<\/li>\n<li>Hochklappbare Leiter: Breite zwischen Holmen 394 mm.<\/li>\n<li>Schiebeleiter mit rutschfesten Pads an der Unterseite<\/li>\n<li>F\u00fchrungsb\u00fcgel der beweglichen Leiter mit Rollen.<\/li>\n<li>Automatisches Blockiersystem mit Haken<\/li>\n<li>Verriegelungs- und Entriegelungssystem f\u00fcr die Schiebeleiter.<\/li>\n<\/ul>\n<h3>Konstruktion-Zusammenbau<\/h3>\n<p>Rutschfeste, geriffelte Sprossen<\/p>\n<p>Holmen aus Oval-Profil<\/p>\n<p>Zusammenbau durch TIG-MIG Schwei\u00dfen.<\/p>\n<h3>Befestigung:<\/h3>\n<p>Im Schachtkonus gegen Betonwand mit M12-A4-D\u00fcbel[\/vc_column_text][\/vc_column_inner][\/vc_row_inner][\/vc_tta_section][vc_tta_section i_icon_fontawesome=&#8220;far fa-images&#8220; add_icon=&#8220;true&#8220; title=&#8220;Anwendungen&#8220; tab_id=&#8220;realisationsb638-9496d4b9-f0b088bf-e20174b0-b02a9e5b-b4f7&#8243;][vc_custom_heading text=&#8220;&#8220; font_container=&#8220;tag:h3|font_size:20px|text_align:left&#8220; use_theme_fonts=&#8220;yes&#8220; css=&#8220;.vc_custom_1665499093625{margin-bottom: 20px !important;}&#8220;][vc_media_grid gap=&#8220;10&#8243; item=&#8220;mediaGrid_SlideInTitle&#8220; grid_id=&#8220;vc_gid:1709109994744-a8ef5fc7-418c-6&#8243; include=&#8220;6533,6536&#8243; css=&#8220;.vc_custom_1686316289925{margin-bottom: 25px !important;}&#8220;][\/vc_tta_section][\/vc_tta_tour][\/vc_column][\/vc_row][vc_row][vc_column][vc_empty_space][\/vc_column][\/vc_row][vc_row full_width=&#8220;stretch_row&#8220; css=&#8220;.vc_custom_1678737996504{padding-top: 30px !important;padding-bottom: 30px !important;background-color: #2c34a4 !important;background-position: center !important;background-repeat: no-repeat !important;background-size: cover !important;}&#8220; el_class=&#8220;home_quote&#8220;][vc_column width=&#8220;3\/4&#8243;][vc_custom_heading text=&#8220;Kontaktieren Sie uns f\u00fcr ein Angebot&#8220; font_container=&#8220;tag:div|font_size:32|text_align:left|color:%23ffffff&#8220; use_theme_fonts=&#8220;yes&#8220; css_animation=&#8220;zoomIn&#8220; el_class=&#8220;home_quote_txt&#8220;][vc_column_text css_animation=&#8220;zoomIn&#8220;]<span style=\"color: #ffffff;\">Toutes solutions sur-mesure disponibles<\/span>[\/vc_column_text][\/vc_column][vc_column width=&#8220;1\/4&#8243;][vc_empty_space][vc_btn title=&#8220;KONTAKT-TASTE&#8220; shape=&#8220;square&#8220; align=&#8220;left&#8220; i_align=&#8220;right&#8220; i_icon_fontawesome=&#8220;fas fa-arrow-right&#8220; css_animation=&#8220;slideInRight&#8220; button_block=&#8220;true&#8220; add_icon=&#8220;true&#8220; link=&#8220;url:https%3A%2F%2Fwww.bergtecinternational.com%2Fcontactez-nous%2F|title:Contactez-Nous&#8220; el_class=&#8220;home_quote_btn&#8220;][\/vc_column][\/vc_row]<\/p>\n<\/div>","protected":false},"excerpt":{"rendered":"<p>[vc_row][vc_column][vc_custom_heading text=&#8220;Experte seit 1970&#8243; font_container=&#8220;tag:h3|font_size:26|text_align:center|color:%2341b6e6&#8243; use_theme_fonts=&#8220;yes&#8220; el_class=&#8220;our_services_heading1&#8243;][vc_custom_heading text=&#8220;Zweiteilige Leiter, feststehend und verschiebbar, f\u00fcr Arbeitskammer Art.-Nr. 1113 oder 1118&#8243; font_container=&#8220;tag:h2|font_size:38|text_align:center|color:%23000000&#8243; use_theme_fonts=&#8220;yes&#8220; [&hellip;]<\/p>\n","protected":false},"author":1,"featured_media":0,"parent":8584,"menu_order":4,"comment_status":"closed","ping_status":"closed","template":"","meta":{"om_disable_all_campaigns":false,"_monsterinsights_skip_tracking":false,"_monsterinsights_sitenote_active":false,"_monsterinsights_sitenote_note":"","_monsterinsights_sitenote_category":0,"footnotes":""},"class_list":["post-8589","page","type-page","status-publish","hentry"],"aioseo_notices":[],"_links":{"self":[{"href":"https:\/\/www.bergtecinternational.com\/de\/wp-json\/wp\/v2\/pages\/8589","targetHints":{"allow":["GET"]}}],"collection":[{"href":"https:\/\/www.bergtecinternational.com\/de\/wp-json\/wp\/v2\/pages"}],"about":[{"href":"https:\/\/www.bergtecinternational.com\/de\/wp-json\/wp\/v2\/types\/page"}],"author":[{"embeddable":true,"href":"https:\/\/www.bergtecinternational.com\/de\/wp-json\/wp\/v2\/users\/1"}],"replies":[{"embeddable":true,"href":"https:\/\/www.bergtecinternational.com\/de\/wp-json\/wp\/v2\/comments?post=8589"}],"version-history":[{"count":0,"href":"https:\/\/www.bergtecinternational.com\/de\/wp-json\/wp\/v2\/pages\/8589\/revisions"}],"up":[{"embeddable":true,"href":"https:\/\/www.bergtecinternational.com\/de\/wp-json\/wp\/v2\/pages\/8584"}],"wp:attachment":[{"href":"https:\/\/www.bergtecinternational.com\/de\/wp-json\/wp\/v2\/media?parent=8589"}],"curies":[{"name":"wp","href":"https:\/\/api.w.org\/{rel}","templated":true}]}}