{"id":8585,"date":"2023-06-08T13:16:25","date_gmt":"2023-06-08T13:16:25","guid":{"rendered":"https:\/\/www.bergtecinternational.com\/equipements-eau-industrie-voirie\/acces-protection-batiment-machine\/echelle\/echelle-fixe-sur-paroi\/"},"modified":"2024-09-05T16:07:39","modified_gmt":"2024-09-05T16:07:39","slug":"wandbefestigte-leiter-ohne-krinoline","status":"publish","type":"page","link":"https:\/\/www.bergtecinternational.com\/de\/ausrustungen-wasser-hoch-tiefbau-industrie\/zugang-schutz-gebaude-maschine\/ortsfeste-leitern-zubehor\/wandbefestigte-leiter-ohne-krinoline\/","title":{"rendered":"ORTFESTE LEITERN OHNE R\u00dcCKENSCHUTZ"},"content":{"rendered":"<div class=\"wpb-content-wrapper\"><p>[vc_row][vc_column][vc_custom_heading text=&#8220;Experte seit 1970&#8243; font_container=&#8220;tag:h3|font_size:26|text_align:center|color:%2341b6e6&#8243; use_theme_fonts=&#8220;yes&#8220; el_class=&#8220;our_services_heading1&#8243;][vc_custom_heading text=&#8220;Ortfeste Leitern orne R\u00fcckenschutz&#8220; font_container=&#8220;tag:h2|font_size:38|text_align:center|color:%23000000&#8243; use_theme_fonts=&#8220;yes&#8220; el_class=&#8220;our_services_heading2&#8243; css=&#8220;.vc_custom_1709047755027{margin-bottom: 30px !important;}&#8220;][vc_custom_heading text=&#8220;&#8220; font_container=&#8220;tag:div|font_size:22|text_align:center|color:%23555555&#8243; use_theme_fonts=&#8220;yes&#8220; css=&#8220;.vc_custom_1666024447676{margin-bottom: 40px !important;}&#8220;][\/vc_column][\/vc_row][vc_row][vc_column][vc_tta_tour style=&#8220;modern&#8220; shape=&#8220;square&#8220; color=&#8220;white&#8220; spacing=&#8220;10&#8243; gap=&#8220;30&#8243; active_section=&#8220;1&#8243; no_fill_content_area=&#8220;true&#8220; css=&#8220;.vc_custom_1664632912749{background-color: #ffffff !important;}&#8220;][vc_tta_section i_icon_fontawesome=&#8220;far fa-file-alt&#8220; add_icon=&#8220;true&#8220; title=&#8220;Beschreibung&#8220; tab_id=&#8220;description&#8220;][vc_row_inner][vc_column_inner width=&#8220;1\/2&#8243;][vc_cta h2=&#8220;Echelle tubulaire r\u00e9f. 1105 pour regard d&#8217;assainissement&#8220;]<\/p>\n<h3><strong>Contruction:<\/strong><\/h3>\n<ul>\n<li>Montants tubulaires\u00a0: \u00d8 30 mm<\/li>\n<li>Barreaux tubulaires stri\u00e9s\u00a0antid\u00e9rapants: \u00d8 20 mm<\/li>\n<li>Largeur entre montants : 300 ou 400 mm<\/li>\n<li>Bride de fixation murale, r\u00e9glable avec douille en PEHD pour paroi circulaire r\u00e9f. 675\/350 ou pour paroi droite r\u00e9f. 675\/351.<\/li>\n<li>Pose : Percer \u00d8 26 mm, profondeur 80 mm, enfoncer les brides au marteau en utilisant un tampon en bois, bloquer les boulons des brides.<\/li>\n<li>Bride r\u00e9glable de fixation avec platine murale, pour paroi droite ou circulaire &amp; goujons M12 , r\u00e9f.670\/525<\/li>\n<\/ul>\n<h3><strong><br \/>\nNombre de brides\u00a0:<\/strong><\/h3>\n<p>4 pi\u00e8ces au minimum et ensuite tous les 1500 mm<\/p>\n<h3><strong>Options\u00a0:<\/strong><\/h3>\n<p>Crosse escamotable brides sur \u00e9chelle, longueur 1450mm r\u00e9f. 1005<\/p>\n<p>Thermo-laquage sur demande avec couleur selon gamme RAL<\/p>\n<ul>\n<li>Pose rapide sans mortier<\/li>\n<li>D\u00e9montable<\/li>\n<li>L\u00e9g\u00e8re et robuste<\/li>\n<\/ul>\n<p>[\/vc_cta][\/vc_column_inner][vc_column_inner width=&#8220;1\/2&#8243;][vc_cta h2=&#8220;Echelle fixe sur paroi sans crinoline r\u00e9f. 1111&#8243; h4=&#8220;Conforme \u00e0 la norme ISO EN 14122-3 et ISO EN 14396&#8243;]<\/p>\n<h3><strong>Application<\/strong><\/h3>\n<p>Echelle d\u2019acc\u00e8s ayant une longueur inf\u00e9rieure \u00e0 3m et fix\u00e9e sur des b\u00e2timent ou dans des regards d\u2019assainissement.<\/p>\n<h3><strong>Mat\u00e9riau\u00a0: <\/strong><\/h3>\n<p><strong>R\u00e9f. 1111\u00a0: <\/strong>Aluminium,<\/p>\n<p><strong>R\u00e9f. 6111\u00a0: <\/strong>Acier inoxydable<\/p>\n<p><strong>R\u00e9f. 9111\u00a0: <\/strong>en composite (arm\u00e9 fibre de verre)<\/p>\n<h3><strong>Construction\u00a0:<\/strong><\/h3>\n<ul>\n<li>Montants de section ovale, rectangulaire ou U<\/li>\n<li>Marche pali\u00e8re<\/li>\n<li>Barreaux tubulaires stri\u00e9s ou marche-pieds antid\u00e9rapant<\/li>\n<li>Espacement\u00a0: 250-300 mm<\/li>\n<li>Largeur entre montants 300, 400 ou 500 mm<\/li>\n<li>Toutes longueurs sur demande (\u00e9clissages pour longueur sup\u00e9rieure \u00e0 6 m)<\/li>\n<li>Assemblage par soudage TIG (alu \/ acier) ou colle pour FDV<\/li>\n<\/ul>\n<p>&nbsp;<\/p>\n<h3><strong>Pattes de fixation<\/strong><\/h3>\n<p>longueur normalis\u00e9e de 200 mm, longueur diff\u00e9rente sur demande.<\/p>\n<ul>\n<li>Ecartement pattes tous les 3000 mm<\/li>\n<li>Pour paroi droite ou circulaire (indiquez le diam\u00e8tre, int\u00e9rieur ou ext\u00e9rieur)<\/li>\n<li>Toute adaptation possible sur demande<\/li>\n<\/ul>\n<p><strong>\u00a0<\/strong><\/p>\n<p>N\u00e9cessaire de fixation par goujons inox A4 TI-M 12 ou ancrage chimique compris dans la fourniture.<\/p>\n<h3><strong>Accessoires<\/strong><\/h3>\n<ul>\n<li>Crosse de s\u00e9curit\u00e9 escamotable, simple montant ou double montant ( R\u00e9f.1005 ou 1009)<\/li>\n<li>Syst\u00e8me anti-chute avec chariot de blocage, rail et harnais de s\u00e9curit\u00e9<\/li>\n<li>Prolongement des montants\u00a0d\u2019\u00e9chelle Type S\/P, S\/R ou C\/R<\/li>\n<li>Portillon \u00e0 fermeture automatique<\/li>\n<li>Palier interm\u00e9diaire, relevable.<\/li>\n<li>Thermolaquage sur demande selon palette couleur RAL ( pour \u00e9chelle en aluminium)<\/li>\n<\/ul>\n<p>[\/vc_cta][\/vc_column_inner][\/vc_row_inner][\/vc_tta_section][vc_tta_section i_icon_fontawesome=&#8220;far fa-images&#8220; add_icon=&#8220;true&#8220; title=&#8220;Anwendungen&#8220; tab_id=&#8220;realisations&#8220;][vc_custom_heading text=&#8220;&#8220; font_container=&#8220;tag:h3|font_size:20px|text_align:left&#8220; use_theme_fonts=&#8220;yes&#8220; css=&#8220;.vc_custom_1665499093625{margin-bottom: 20px !important;}&#8220;][vc_media_grid gap=&#8220;10&#8243; item=&#8220;mediaGrid_SlideInTitle&#8220; grid_id=&#8220;vc_gid:1709047160565-931532e1-a872-9&#8243; include=&#8220;6432,6429,5451,6459,6456,6453,6513,6516&#8243; css=&#8220;.vc_custom_1709047787489{margin-bottom: 25px !important;}&#8220;][\/vc_tta_section][\/vc_tta_tour][\/vc_column][\/vc_row][vc_row][vc_column][vc_empty_space][\/vc_column][\/vc_row][vc_row full_width=&#8220;stretch_row&#8220; css=&#8220;.vc_custom_1678737996504{padding-top: 30px !important;padding-bottom: 30px !important;background-color: #2c34a4 !important;background-position: center !important;background-repeat: no-repeat !important;background-size: cover !important;}&#8220; el_class=&#8220;home_quote&#8220;][vc_column width=&#8220;3\/4&#8243;][vc_custom_heading text=&#8220;Kontaktieren Sie uns f\u00fcr ein Angebot&#8220; font_container=&#8220;tag:div|font_size:32|text_align:left|color:%23ffffff&#8220; use_theme_fonts=&#8220;yes&#8220; css_animation=&#8220;zoomIn&#8220; el_class=&#8220;home_quote_txt&#8220;][vc_column_text css_animation=&#8220;zoomIn&#8220;]<span style=\"color: #ffffff;\">Toutes solutions sur-mesure disponibles<\/span>[\/vc_column_text][\/vc_column][vc_column width=&#8220;1\/4&#8243;][vc_empty_space][vc_btn title=&#8220;KONTAKT-TASTE&#8220; shape=&#8220;square&#8220; align=&#8220;left&#8220; i_align=&#8220;right&#8220; i_icon_fontawesome=&#8220;fas fa-arrow-right&#8220; css_animation=&#8220;slideInRight&#8220; button_block=&#8220;true&#8220; add_icon=&#8220;true&#8220; link=&#8220;url:https%3A%2F%2Fwww.bergtecinternational.com%2Fcontactez-nous%2F|title:Contactez-Nous&#8220; el_class=&#8220;home_quote_btn&#8220;][\/vc_column][\/vc_row]<\/p>\n<\/div>","protected":false},"excerpt":{"rendered":"<p>[vc_row][vc_column][vc_custom_heading text=&#8220;Experte seit 1970&#8243; font_container=&#8220;tag:h3|font_size:26|text_align:center|color:%2341b6e6&#8243; use_theme_fonts=&#8220;yes&#8220; el_class=&#8220;our_services_heading1&#8243;][vc_custom_heading text=&#8220;Ortfeste Leitern orne R\u00fcckenschutz&#8220; font_container=&#8220;tag:h2|font_size:38|text_align:center|color:%23000000&#8243; use_theme_fonts=&#8220;yes&#8220; el_class=&#8220;our_services_heading2&#8243; css=&#8220;.vc_custom_1709047755027{margin-bottom: 30px !important;}&#8220;][vc_custom_heading text=&#8220;&#8220; font_container=&#8220;tag:div|font_size:22|text_align:center|color:%23555555&#8243; use_theme_fonts=&#8220;yes&#8220; [&hellip;]<\/p>\n","protected":false},"author":1,"featured_media":0,"parent":8584,"menu_order":1,"comment_status":"closed","ping_status":"closed","template":"","meta":{"om_disable_all_campaigns":false,"_monsterinsights_skip_tracking":false,"_monsterinsights_sitenote_active":false,"_monsterinsights_sitenote_note":"","_monsterinsights_sitenote_category":0,"footnotes":""},"class_list":["post-8585","page","type-page","status-publish","hentry"],"aioseo_notices":[],"_links":{"self":[{"href":"https:\/\/www.bergtecinternational.com\/de\/wp-json\/wp\/v2\/pages\/8585","targetHints":{"allow":["GET"]}}],"collection":[{"href":"https:\/\/www.bergtecinternational.com\/de\/wp-json\/wp\/v2\/pages"}],"about":[{"href":"https:\/\/www.bergtecinternational.com\/de\/wp-json\/wp\/v2\/types\/page"}],"author":[{"embeddable":true,"href":"https:\/\/www.bergtecinternational.com\/de\/wp-json\/wp\/v2\/users\/1"}],"replies":[{"embeddable":true,"href":"https:\/\/www.bergtecinternational.com\/de\/wp-json\/wp\/v2\/comments?post=8585"}],"version-history":[{"count":0,"href":"https:\/\/www.bergtecinternational.com\/de\/wp-json\/wp\/v2\/pages\/8585\/revisions"}],"up":[{"embeddable":true,"href":"https:\/\/www.bergtecinternational.com\/de\/wp-json\/wp\/v2\/pages\/8584"}],"wp:attachment":[{"href":"https:\/\/www.bergtecinternational.com\/de\/wp-json\/wp\/v2\/media?parent=8585"}],"curies":[{"name":"wp","href":"https:\/\/api.w.org\/{rel}","templated":true}]}}