{"id":8577,"date":"2023-04-12T15:50:22","date_gmt":"2023-04-12T15:50:22","guid":{"rendered":"https:\/\/www.bergtecinternational.com\/equipements-eau-industrie-voirie\/regulation-hydraulique\/vanne\/vanne-de-regard-scs\/"},"modified":"2024-09-05T15:23:49","modified_gmt":"2024-09-05T15:23:49","slug":"schachtschieber","status":"publish","type":"page","link":"https:\/\/www.bergtecinternational.com\/de\/ausrustungen-wasser-hoch-tiefbau-industrie\/hydraulische-regulierung\/gewindeschieber-ruckstauklappe\/schachtschieber\/","title":{"rendered":"SCHACHTSCHIEBER"},"content":{"rendered":"<div class=\"wpb-content-wrapper\"><p>[vc_row][vc_column][vc_custom_heading text=&#8220;Experte seit 1970&#8243; font_container=&#8220;tag:h3|font_size:26|text_align:center|color:%2341b6e6&#8243; use_theme_fonts=&#8220;yes&#8220; el_class=&#8220;our_services_heading1&#8243;][vc_custom_heading text=&#8220;Schachtschieber&#8220; font_container=&#8220;tag:h2|font_size:38|text_align:center|color:%23000000&#8243; use_theme_fonts=&#8220;yes&#8220; el_class=&#8220;our_services_heading2&#8243; css=&#8220;.vc_custom_1708702950190{margin-bottom: 30px !important;}&#8220;][vc_custom_heading text=&#8220;&#8220; font_container=&#8220;tag:div|font_size:22|text_align:center|color:%23555555&#8243; use_theme_fonts=&#8220;yes&#8220; css=&#8220;.vc_custom_1666024447676{margin-bottom: 40px !important;}&#8220;][\/vc_column][\/vc_row][vc_row][vc_column][vc_tta_tour style=&#8220;modern&#8220; shape=&#8220;square&#8220; color=&#8220;white&#8220; spacing=&#8220;10&#8243; gap=&#8220;30&#8243; active_section=&#8220;1&#8243; no_fill_content_area=&#8220;true&#8220; css=&#8220;.vc_custom_1664632912749{background-color: #ffffff !important;}&#8220;][vc_tta_section i_icon_fontawesome=&#8220;far fa-file-alt&#8220; add_icon=&#8220;true&#8220; title=&#8220;Beschreibung&#8220; tab_id=&#8220;descriptiond4b9-f0b088bf-e201d70e-ae30&#8243;][vc_row_inner][vc_column_inner][vc_column_text]<\/p>\n<h3><strong>1 &#8211; Utilisation : <\/strong><\/h3>\n<p>Organe de r\u00e9tention pour ouverture ronde dans des regards ronds.<\/p>\n<p>Fonction ouvert &#8211; ferm\u00e9 et r\u00e9glage interm\u00e9diaire, avec \u00e9tanch\u00e9it\u00e9 des 2 c\u00f4t\u00e9s, pression\u00a0 d\u2019eau\u00a0 amont et aval.<\/p>\n<h3><strong>2 &#8211; Caract\u00e9ristiques techniques :<\/strong><\/h3>\n<p>Cadre avec fond cintr\u00e9 adapt\u00e9 au diam\u00e8tre du regard, \u00e0 boulonner contre paroi en b\u00e9ton avec joint extrud\u00e9 amovible, p\u00e9riph\u00e9rique, fix\u00e9 dans le cadre.<\/p>\n<p>La compression du joint d\u2019\u00e9tanch\u00e9it\u00e9 est r\u00e9alis\u00e9e par des cales.<\/p>\n<p>L\u2019 \u00e9tanch\u00e9it\u00e9 entre le cadre et l\u2019ouvrage est assur\u00e9e par un joint en caoutchouc-mousse autocollant (fourni).<\/p>\n<p>Relevage par tige filet\u00e9e trap\u00e9zo\u00efdale (non-montante)<\/p>\n<h3><strong>3 &#8211; Dimensions &#8211; sur mesure :<\/strong><\/h3>\n<p>DN 150 \u2013 DN 500.<\/p>\n<p><b>Dimensions sup\u00e9rieures sur <\/b><b>demande<\/b><b>.<\/b><\/p>\n<h3><b>4 &#8211; Types de commande :<\/b><\/h3>\n<ul>\n<li>Commande en puits de regard type AS<\/li>\n<li>Commande sur colonnette type AF<\/li>\n<\/ul>\n<p>[\/vc_column_text][\/vc_column_inner][\/vc_row_inner][\/vc_tta_section][vc_tta_section i_icon_fontawesome=&#8220;fas fa-chess-board&#8220; add_icon=&#8220;true&#8220; title=&#8220;Material&#8220; tab_id=&#8220;materiaux88bf-e201d70e-ae30&#8243;][vc_custom_heading text=&#8220;MATERIALIEN&#8220; font_container=&#8220;tag:h3|font_size:20px|text_align:left&#8220; use_theme_fonts=&#8220;yes&#8220; css=&#8220;.vc_custom_1708703029382{margin-bottom: 20px !important;}&#8220;][vc_column_text]<\/p>\n<h3>1 &#8211; Rahmen, Tafeln, Befestigungslasche und Flurs\u00e4ulen<\/h3>\n<table width=\"561\">\n<tbody>\n<tr>\n<td width=\"207\">Stahl verzinkt<\/td>\n<td width=\"169\">(St-37)<\/td>\n<td width=\"185\">N\u00b0 DIN 1.0037<\/td>\n<\/tr>\n<tr>\n<td width=\"207\">Edelstahl<\/td>\n<td width=\"169\">(304)<\/td>\n<td width=\"185\">N\u00b0 \u00a0DIN 1.4301<\/td>\n<\/tr>\n<tr>\n<td width=\"207\">Edelstahl<\/td>\n<td width=\"169\">(316TI)<\/td>\n<td width=\"185\">N\u00b0 \u00a0DIN 1.4571<\/td>\n<\/tr>\n<tr>\n<td width=\"207\">Aluminium<\/td>\n<td width=\"169\">(AlMg3)<\/td>\n<td width=\"185\">N\u00b0 \u00a0DIN 3.3535<\/td>\n<\/tr>\n<tr>\n<td width=\"207\">Gusseisen<\/td>\n<td width=\"169\">(GG25)<\/td>\n<td width=\"185\">N\u00b0 \u00a0DIN GJL250<\/td>\n<\/tr>\n<\/tbody>\n<\/table>\n<p><em>Andere Materialien auf Anfrage.<\/em><\/p>\n<h3>2 &#8211; Bolzen (Schrauben + Unterlegscheiben + Muttern)<\/h3>\n<p>Stahl VA2 und VA4<\/p>\n<p><em>Andere Materialien auf Anfrage.<\/em><\/p>\n<h3>3 &#8211; Dichtungen<\/h3>\n<p>EPDM \/ APTK &#8211; Ethylen &#8211; Propylen &#8211; Terpolymer &#8211; NBR-Gummi &#8211; Acrylnitril-Butadien.<\/p>\n<p>CR-Gummi &#8211; Neopren &#8211; Polychloropren &#8211; Gummi.<\/p>\n<p><em>Andere Materialien auf Anfrage.<\/em><\/p>\n<h3>4 &#8211; <b>Tiges<\/b> <b>filet\u00e9es<\/b><\/h3>\n<table width=\"560\">\n<tbody>\n<tr>\n<td width=\"206\">Stahl<\/td>\n<td width=\"166\">(430F)<\/td>\n<td width=\"187\">N\u00b0 \u00a0DIN 1.4104<\/td>\n<\/tr>\n<tr>\n<td width=\"206\">Edelstahl<\/td>\n<td width=\"166\">(304)<\/td>\n<td width=\"187\">N\u00b0 \u00a0DIN 1.4301<\/td>\n<\/tr>\n<tr>\n<td width=\"206\">Acier inoxydable<\/td>\n<td width=\"166\">(316TI)<\/td>\n<td width=\"187\">N\u00b0 \u00a0DIN 1.4571<\/td>\n<\/tr>\n<\/tbody>\n<\/table>\n<h3>5 &#8211; Gewindestangenmuttern<\/h3>\n<p>Rotes Kupfer &#8211; Werkstoff-Nr. &#8211; RG7 2.1090 &#8211; RG7 &#8211; Cu Sn 7 Zn Pb<\/p>\n<h3>6 &#8211; Gleit- und Druckkeile<\/h3>\n<p>PA &#8211; Polyamid, PE &#8211; Polyethylen, POM &#8211; Polyoxymethylen.<\/p>\n<p>Rotes Kupfer &#8211; Werkstoff-Nr. &#8211; RG7 2.1090 &#8211; RG7 &#8211; Cu Sn 7 Zn Pb<\/p>\n<p><em>Andere Materialien auf Anfrage.<\/em><\/p>\n<h3>7 &#8211; D\u00fcbel &#8211; Verankerungen<\/h3>\n<p>Aus rostfreiem Stahl V4[\/vc_column_text][\/vc_tta_section][vc_tta_section i_icon_fontawesome=&#8220;far fa-images&#8220; add_icon=&#8220;true&#8220; title=&#8220;Anwendungen&#8220; tab_id=&#8220;realisationsb638-9496d4b9-f0b088bf-e201d70e-ae30&#8243;][vc_custom_heading text=&#8220;&#8220; font_container=&#8220;tag:h3|font_size:20px|text_align:left&#8220; use_theme_fonts=&#8220;yes&#8220; css=&#8220;.vc_custom_1665499093625{margin-bottom: 20px !important;}&#8220;][vc_media_grid gap=&#8220;10&#8243; item=&#8220;mediaGrid_SlideInTitle&#8220; grid_id=&#8220;vc_gid:1708702886924-f683ead0-4669-6&#8243; include=&#8220;5724,5722,5720&#8243; css=&#8220;.vc_custom_1708702996791{margin-bottom: 25px !important;}&#8220;][\/vc_tta_section][\/vc_tta_tour][\/vc_column][\/vc_row][vc_row][vc_column][vc_empty_space][\/vc_column][\/vc_row][vc_row full_width=&#8220;stretch_row&#8220; css=&#8220;.vc_custom_1678737996504{padding-top: 30px !important;padding-bottom: 30px !important;background-color: #2c34a4 !important;background-position: center !important;background-repeat: no-repeat !important;background-size: cover !important;}&#8220; el_class=&#8220;home_quote&#8220;][vc_column width=&#8220;3\/4&#8243;][vc_custom_heading text=&#8220;Kontaktieren Sie uns f\u00fcr ein Angebot&#8220; font_container=&#8220;tag:div|font_size:32|text_align:left|color:%23ffffff&#8220; use_theme_fonts=&#8220;yes&#8220; css_animation=&#8220;zoomIn&#8220; el_class=&#8220;home_quote_txt&#8220;][vc_column_text css_animation=&#8220;zoomIn&#8220;]<span style=\"color: #ffffff;\">Toutes solutions sur-mesure disponibles<\/span>[\/vc_column_text][\/vc_column][vc_column width=&#8220;1\/4&#8243;][vc_empty_space][vc_btn title=&#8220;KONTAKT-TASTE&#8220; shape=&#8220;square&#8220; align=&#8220;left&#8220; i_align=&#8220;right&#8220; i_icon_fontawesome=&#8220;fas fa-arrow-right&#8220; css_animation=&#8220;slideInRight&#8220; button_block=&#8220;true&#8220; add_icon=&#8220;true&#8220; link=&#8220;url:https%3A%2F%2Fwww.bergtecinternational.com%2Fcontactez-nous%2F|title:Contactez-Nous&#8220; el_class=&#8220;home_quote_btn&#8220;][\/vc_column][\/vc_row]<\/p>\n<\/div>","protected":false},"excerpt":{"rendered":"<p>[vc_row][vc_column][vc_custom_heading text=&#8220;Experte seit 1970&#8243; font_container=&#8220;tag:h3|font_size:26|text_align:center|color:%2341b6e6&#8243; use_theme_fonts=&#8220;yes&#8220; el_class=&#8220;our_services_heading1&#8243;][vc_custom_heading text=&#8220;Schachtschieber&#8220; font_container=&#8220;tag:h2|font_size:38|text_align:center|color:%23000000&#8243; use_theme_fonts=&#8220;yes&#8220; el_class=&#8220;our_services_heading2&#8243; css=&#8220;.vc_custom_1708702950190{margin-bottom: 30px !important;}&#8220;][vc_custom_heading text=&#8220;&#8220; font_container=&#8220;tag:div|font_size:22|text_align:center|color:%23555555&#8243; use_theme_fonts=&#8220;yes&#8220; css=&#8220;.vc_custom_1666024447676{margin-bottom: 40px !important;}&#8220;][\/vc_column][\/vc_row][vc_row][vc_column][vc_tta_tour [&hellip;]<\/p>\n","protected":false},"author":1,"featured_media":0,"parent":8540,"menu_order":7,"comment_status":"closed","ping_status":"closed","template":"","meta":{"om_disable_all_campaigns":false,"_monsterinsights_skip_tracking":false,"_monsterinsights_sitenote_active":false,"_monsterinsights_sitenote_note":"","_monsterinsights_sitenote_category":0,"footnotes":""},"class_list":["post-8577","page","type-page","status-publish","hentry"],"aioseo_notices":[],"_links":{"self":[{"href":"https:\/\/www.bergtecinternational.com\/de\/wp-json\/wp\/v2\/pages\/8577","targetHints":{"allow":["GET"]}}],"collection":[{"href":"https:\/\/www.bergtecinternational.com\/de\/wp-json\/wp\/v2\/pages"}],"about":[{"href":"https:\/\/www.bergtecinternational.com\/de\/wp-json\/wp\/v2\/types\/page"}],"author":[{"embeddable":true,"href":"https:\/\/www.bergtecinternational.com\/de\/wp-json\/wp\/v2\/users\/1"}],"replies":[{"embeddable":true,"href":"https:\/\/www.bergtecinternational.com\/de\/wp-json\/wp\/v2\/comments?post=8577"}],"version-history":[{"count":0,"href":"https:\/\/www.bergtecinternational.com\/de\/wp-json\/wp\/v2\/pages\/8577\/revisions"}],"up":[{"embeddable":true,"href":"https:\/\/www.bergtecinternational.com\/de\/wp-json\/wp\/v2\/pages\/8540"}],"wp:attachment":[{"href":"https:\/\/www.bergtecinternational.com\/de\/wp-json\/wp\/v2\/media?parent=8577"}],"curies":[{"name":"wp","href":"https:\/\/api.w.org\/{rel}","templated":true}]}}