{"id":8542,"date":"2023-04-12T15:50:21","date_gmt":"2023-04-12T15:50:21","guid":{"rendered":"https:\/\/www.bergtecinternational.com\/regulation-hydraulique\/vanne\/vanne-batardeau-pelle-descendante\/"},"modified":"2024-09-05T15:14:49","modified_gmt":"2024-09-05T15:14:49","slug":"absenkrinnenschieber","status":"publish","type":"page","link":"https:\/\/www.bergtecinternational.com\/de\/ausrustungen-wasser-hoch-tiefbau-industrie\/hydraulische-regulierung\/gewindeschieber-ruckstauklappe\/absenkrinnenschieber\/","title":{"rendered":"ABSENKRINNENSCHIEBER 3-Seiten-Abdichtung"},"content":{"rendered":"<div class=\"wpb-content-wrapper\"><p>[vc_row][vc_column][vc_custom_heading text=&#8220;Experte seit 1970&#8243; font_container=&#8220;tag:h3|font_size:26|text_align:center|color:%2341b6e6&#8243; use_theme_fonts=&#8220;yes&#8220; el_class=&#8220;our_services_heading1&#8243;][vc_custom_heading text=&#8220;Absenkrinennschieber&#8220; font_container=&#8220;tag:h2|font_size:38|text_align:center|color:%23000000&#8243; use_theme_fonts=&#8220;yes&#8220; el_class=&#8220;our_services_heading2&#8243; css=&#8220;.vc_custom_1708609882886{margin-bottom: 30px !important;}&#8220;][vc_custom_heading text=&#8220;Absenkrinnenschieber 1-spindelig Art. Typ ABRS1<br \/>\noder 2-spindleig Art.Typ ABRS2&#8243; font_container=&#8220;tag:div|font_size:22|text_align:center|color:%23555555&#8243; use_theme_fonts=&#8220;yes&#8220; css=&#8220;.vc_custom_1708610068071{margin-bottom: 40px !important;}&#8220;][\/vc_column][\/vc_row][vc_row][vc_column][vc_tta_tour style=&#8220;modern&#8220; shape=&#8220;square&#8220; color=&#8220;white&#8220; spacing=&#8220;10&#8243; gap=&#8220;30&#8243; active_section=&#8220;1&#8243; no_fill_content_area=&#8220;true&#8220; css=&#8220;.vc_custom_1664632912749{background-color: #ffffff !important;}&#8220;][vc_tta_section i_icon_fontawesome=&#8220;far fa-file-alt&#8220; add_icon=&#8220;true&#8220; title=&#8220;Description&#8220; tab_id=&#8220;description7a32-9e1b&#8220;][vc_row_inner][vc_column_inner][vc_column_text]<\/p>\n<h3><strong>1 &#8211; Utilisation : <\/strong><\/h3>\n<p>Organe de r\u00e9tention ou de r\u00e9gulation pour canal ou g\u00e9nie civil ouvert.<\/p>\n<p><b>Fonction ouvert-ferm\u00e9 et r\u00e9glage interm\u00e9diaire<\/b><b>.<\/b><\/p>\n<p>Pression d\u2019eau possible des 2 c\u00f4t\u00e9s.<\/p>\n<h3><strong>2 &#8211; Caract\u00e9ristiques techniques :<\/strong><\/h3>\n<p>Cadre en profil U chanfrein\u00e9 avec plats de fixation lat\u00e9rale \u00e0 boulonner contre le voile b\u00e9ton.<\/p>\n<p>Pelle renforc\u00e9e selon charge.<\/p>\n<p>Joint extrud\u00e9 amovible sur les c\u00f4t\u00e9s et au seuil fix\u00e9s dans le cadre.<\/p>\n<p>Compression du joint d\u2019\u00e9tanch\u00e9it\u00e9 par des cales fix\u00e9es dans les glissi\u00e8res.<\/p>\n<p>L\u2019\u00e9tanch\u00e9it\u00e9 entre le cadre et l\u2019ouvrage est assur\u00e9e par un joint d\u2019\u00e9tanch\u00e9it\u00e9 en caoutchouc-mousse autocollant (fourni)<b>.<\/b><\/p>\n<p>Commande par tige filet\u00e9e trap\u00e9zo\u00efdale ( non-montante).<\/p>\n<h3><strong>3 &#8211; Dimensions &#8211; sur mesure :<\/strong><\/h3>\n<p>De 200 x 200 mm jusqu\u2019\u00e0\u00a0 2500 x 2 500 mm.<\/p>\n<p><b>Dimensions sup\u00e9rieures sur <\/b><b>demande<\/b><b>.<\/b>[\/vc_column_text][\/vc_column_inner][\/vc_row_inner][\/vc_tta_section][vc_tta_section i_icon_fontawesome=&#8220;fas fa-chess-board&#8220; add_icon=&#8220;true&#8220; title=&#8220;Material&#8220; tab_id=&#8220;materiaux7a32-9e1b&#8220;][vc_custom_heading text=&#8220;MATERIAL&#8220; font_container=&#8220;tag:h3|font_size:20px|text_align:left&#8220; use_theme_fonts=&#8220;yes&#8220; css=&#8220;.vc_custom_1708610301894{margin-bottom: 20px !important;}&#8220;][vc_column_text]<\/p>\n<h3>1 &#8211; Rahmen, Tafeln, Befestigungslasche und Flurs\u00e4ule<\/h3>\n<table class=\" aligncenter\" width=\"561\">\n<tbody>\n<tr>\n<td width=\"207\">Stahl\u2013 verzinkt<\/td>\n<td style=\"text-align: center;\" width=\"169\">(St-37)<\/td>\n<td style=\"text-align: center;\" width=\"185\">DIN 1.0037<\/td>\n<\/tr>\n<tr>\n<td width=\"207\">Rostfreier Stahl<\/td>\n<td style=\"text-align: center;\" width=\"169\">(304)<\/td>\n<td style=\"text-align: center;\" width=\"185\">\u00a0DIN 1.4301<\/td>\n<\/tr>\n<tr>\n<td width=\"207\">Rostfreier Stahl<\/td>\n<td width=\"169\">\u00a0 \u00a0 \u00a0 \u00a0 \u00a0 \u00a0 \u00a0 \u00a0(316TI)<\/td>\n<td style=\"text-align: center;\" width=\"185\">\u00a0DIN 1.4571<\/td>\n<\/tr>\n<tr>\n<td width=\"207\">Aluminium<\/td>\n<td width=\"169\">\u00a0 \u00a0 \u00a0 \u00a0 \u00a0 \u00a0 \u00a0 \u00a0(AlMg3)<\/td>\n<td style=\"text-align: center;\" width=\"185\">\u00a0DIN 3.3535<\/td>\n<\/tr>\n<tr>\n<td width=\"207\">Guss<\/td>\n<td width=\"169\">\u00a0 \u00a0 \u00a0 \u00a0 \u00a0 \u00a0 \u00a0 \u00a0(GG25)<\/td>\n<td style=\"text-align: center;\" width=\"185\">\u00a0DIN GJL250<\/td>\n<\/tr>\n<\/tbody>\n<\/table>\n<p style=\"text-align: center;\"><em>Andere Materialien auf Anfrage.<\/em><\/p>\n<h3>2 &#8211; Bolzen (Schrauben + Unterlegscheiben + Muttern)<\/h3>\n<p>Rostfreier Stahl \u00a0A2 oder A4<\/p>\n<p><em>Andere Materialien auf Anfrage.<\/em><\/p>\n<h3><b>3 &#8211; Joints <\/b><b>d\u2019\u00e9tanch\u00e9it\u00e9<\/b><\/h3>\n<p>EPDM \/ APTK \u2013 \u00c9thyl\u00e8ne \u2013 Propyl\u00e8ne \u2013 Terpolym\u00e8re \u2013 Caoutchouc NBR \u2013 Acrylonitrile Butadi\u00e8ne<\/p>\n<p>Caoutchouc\u00a0 CR \u2013 N\u00e9opr\u00e8ne \u2013 Polychloropr\u00e8ne \u2013 Caoutchouc.<\/p>\n<p><em>Andere Materialien auf Anfrage.<\/em><\/p>\n<h3>4 &#8211; Gewindestange<\/h3>\n<table width=\"560\">\n<tbody>\n<tr>\n<td width=\"206\">Rostfreier Stahl<\/td>\n<td width=\"166\">(V2A)<\/td>\n<td width=\"187\">\u00a0DIN 1.4301<\/td>\n<\/tr>\n<tr>\n<td width=\"206\">Rostfreier Stahl<\/td>\n<td width=\"166\">(316TI)<\/td>\n<td width=\"187\">\u00a0DIN 1.4571<\/td>\n<\/tr>\n<\/tbody>\n<\/table>\n<h3>5 &#8211; Gewindestangenmuttern<\/h3>\n<p>Rotes Kupfer &#8211; Werkstoff-Nr. &#8211; RG7 2.1090 &#8211; RG7 &#8211; Cu Sn 7 Zn Pb<\/p>\n<h3>6 &#8211; Gleit- und Druckkeile<\/h3>\n<p>PA &#8211; Polyamid, PE &#8211; Polyethylen, POM &#8211; Polyoxymethylen.<\/p>\n<p>Rotes Kupfer &#8211; Werkstoff-Nr. &#8211; RG7 2.1090 &#8211; RG7 &#8211; Cu Sn 7 Zn Pb<\/p>\n<p><em>Andere Materialien auf Anfrage.<\/em><\/p>\n<h3>7 &#8211; D\u00fcbel &#8211; Verankerungen<\/h3>\n<p>Rostfreier Stahl V4A[\/vc_column_text][\/vc_tta_section][vc_tta_section i_icon_fontawesome=&#8220;fas fa-sync-alt&#8220; add_icon=&#8220;true&#8220; title=&#8220;Antrieb Typ&#8220; tab_id=&#8220;types-commande7a32-9e1b&#8220;][vc_custom_heading text=&#8220;ANTRIEB TYP F\u00dcR RINNENSCHIEBER &#8220; font_container=&#8220;tag:h3|font_size:20px|text_align:left&#8220; use_theme_fonts=&#8220;yes&#8220; css=&#8220;.vc_custom_1708611281796{margin-bottom: 20px !important;}&#8220;][vc_column_text]<\/p>\n<h4 style=\"text-align: center;\"><b>\u00a0<\/b><b>ANTRIBE AUF TRAVERSE ART.<\/b><b>\u00a0<\/b><b>TYP<\/b>\u00a0<b>AT<\/b><\/h4>\n<p>&nbsp;<\/p>\n<p><img loading=\"lazy\" decoding=\"async\" class=\"size-full wp-image-5773 aligncenter\" src=\"https:\/\/www.bergtecinternational.com\/wp-content\/uploads\/sites\/2\/2023\/04\/Types-de-Commandes-vannes-batardeaux.jpg\" alt=\"\" width=\"559\" height=\"655\" srcset=\"https:\/\/www.bergtecinternational.com\/wp-content\/uploads\/sites\/2\/2023\/04\/Types-de-Commandes-vannes-batardeaux.jpg 559w, https:\/\/www.bergtecinternational.com\/wp-content\/uploads\/sites\/2\/2023\/04\/Types-de-Commandes-vannes-batardeaux-256x300.jpg 256w\" sizes=\"auto, (max-width: 559px) 100vw, 559px\" \/><\/p>\n<p>&nbsp;<\/p>\n<h4 style=\"text-align: center;\">\u00a0<b>COMMANDES SUR TRAVERSE TYPE AT<\/b><\/h4>\n<p>&nbsp;<\/p>\n<p><img loading=\"lazy\" decoding=\"async\" class=\"size-full wp-image-5775 aligncenter\" src=\"https:\/\/www.bergtecinternational.com\/wp-content\/uploads\/sites\/2\/2023\/04\/Types-de-Commandes-2-vannes-batardeaux.jpg\" alt=\"\" width=\"513\" height=\"193\" srcset=\"https:\/\/www.bergtecinternational.com\/wp-content\/uploads\/sites\/2\/2023\/04\/Types-de-Commandes-2-vannes-batardeaux.jpg 513w, https:\/\/www.bergtecinternational.com\/wp-content\/uploads\/sites\/2\/2023\/04\/Types-de-Commandes-2-vannes-batardeaux-300x113.jpg 300w\" sizes=\"auto, (max-width: 513px) 100vw, 513px\" \/>[\/vc_column_text][\/vc_tta_section][vc_tta_section i_icon_fontawesome=&#8220;far fa-images&#8220; add_icon=&#8220;true&#8220; title=&#8220;R\u00e9alisations&#8220; tab_id=&#8220;realisations7a32-9e1b&#8220;][vc_custom_heading text=&#8220;&#8220; font_container=&#8220;tag:h3|font_size:20px|text_align:left&#8220; use_theme_fonts=&#8220;yes&#8220; css=&#8220;.vc_custom_1665499093625{margin-bottom: 20px !important;}&#8220;][vc_media_grid gap=&#8220;10&#8243; item=&#8220;mediaGrid_SlideInTitle&#8220; grid_id=&#8220;vc_gid:1708609752126-f64d8bbc-95ec-7&#8243; include=&#8220;5694&#8243; css=&#8220;.vc_custom_1682673340197{margin-bottom: 25px !important;}&#8220;][\/vc_tta_section][\/vc_tta_tour][\/vc_column][\/vc_row][vc_row][vc_column][vc_empty_space][\/vc_column][\/vc_row][vc_row full_width=&#8220;stretch_row&#8220; css=&#8220;.vc_custom_1678737996504{padding-top: 30px !important;padding-bottom: 30px !important;background-color: #2c34a4 !important;background-position: center !important;background-repeat: no-repeat !important;background-size: cover !important;}&#8220; el_class=&#8220;home_quote&#8220;][vc_column width=&#8220;3\/4&#8243;][vc_custom_heading text=&#8220;Kontaktieren Sie uns f\u00fcr ein Angebot&#8220; font_container=&#8220;tag:div|font_size:32|text_align:left|color:%23ffffff&#8220; use_theme_fonts=&#8220;yes&#8220; css_animation=&#8220;zoomIn&#8220; el_class=&#8220;home_quote_txt&#8220;][vc_column_text css_animation=&#8220;zoomIn&#8220;]<span style=\"color: #ffffff;\">Toutes solutions sur-mesure disponibles<\/span>[\/vc_column_text][\/vc_column][vc_column width=&#8220;1\/4&#8243;][vc_empty_space][vc_btn title=&#8220;KONTAKTTASTE&#8220; shape=&#8220;square&#8220; align=&#8220;left&#8220; i_align=&#8220;right&#8220; i_icon_fontawesome=&#8220;fas fa-arrow-right&#8220; css_animation=&#8220;slideInRight&#8220; button_block=&#8220;true&#8220; add_icon=&#8220;true&#8220; link=&#8220;url:https%3A%2F%2Fwww.bergtecinternational.com%2Fcontactez-nous%2F|title:Contactez-Nous&#8220; el_class=&#8220;home_quote_btn&#8220;][\/vc_column][\/vc_row]<\/p>\n<\/div>","protected":false},"excerpt":{"rendered":"<p>[vc_row][vc_column][vc_custom_heading text=&#8220;Experte seit 1970&#8243; font_container=&#8220;tag:h3|font_size:26|text_align:center|color:%2341b6e6&#8243; use_theme_fonts=&#8220;yes&#8220; el_class=&#8220;our_services_heading1&#8243;][vc_custom_heading text=&#8220;Absenkrinennschieber&#8220; font_container=&#8220;tag:h2|font_size:38|text_align:center|color:%23000000&#8243; use_theme_fonts=&#8220;yes&#8220; el_class=&#8220;our_services_heading2&#8243; css=&#8220;.vc_custom_1708609882886{margin-bottom: 30px !important;}&#8220;][vc_custom_heading text=&#8220;Absenkrinnenschieber 1-spindelig Art. Typ ABRS1 oder [&hellip;]<\/p>\n","protected":false},"author":1,"featured_media":0,"parent":8540,"menu_order":2,"comment_status":"closed","ping_status":"closed","template":"","meta":{"om_disable_all_campaigns":false,"_monsterinsights_skip_tracking":false,"_monsterinsights_sitenote_active":false,"_monsterinsights_sitenote_note":"","_monsterinsights_sitenote_category":0,"footnotes":""},"class_list":["post-8542","page","type-page","status-publish","hentry"],"aioseo_notices":[],"_links":{"self":[{"href":"https:\/\/www.bergtecinternational.com\/de\/wp-json\/wp\/v2\/pages\/8542","targetHints":{"allow":["GET"]}}],"collection":[{"href":"https:\/\/www.bergtecinternational.com\/de\/wp-json\/wp\/v2\/pages"}],"about":[{"href":"https:\/\/www.bergtecinternational.com\/de\/wp-json\/wp\/v2\/types\/page"}],"author":[{"embeddable":true,"href":"https:\/\/www.bergtecinternational.com\/de\/wp-json\/wp\/v2\/users\/1"}],"replies":[{"embeddable":true,"href":"https:\/\/www.bergtecinternational.com\/de\/wp-json\/wp\/v2\/comments?post=8542"}],"version-history":[{"count":0,"href":"https:\/\/www.bergtecinternational.com\/de\/wp-json\/wp\/v2\/pages\/8542\/revisions"}],"up":[{"embeddable":true,"href":"https:\/\/www.bergtecinternational.com\/de\/wp-json\/wp\/v2\/pages\/8540"}],"wp:attachment":[{"href":"https:\/\/www.bergtecinternational.com\/de\/wp-json\/wp\/v2\/media?parent=8542"}],"curies":[{"name":"wp","href":"https:\/\/api.w.org\/{rel}","templated":true}]}}