{"id":8535,"date":"2022-10-07T15:46:42","date_gmt":"2022-10-07T15:46:42","guid":{"rendered":"https:\/\/www.bergtecinternational.com\/traitement-compact-eaux-usees\/"},"modified":"2024-09-04T20:28:40","modified_gmt":"2024-09-04T20:28:40","slug":"kompakte-wasserbehandlungen","status":"publish","type":"page","link":"https:\/\/www.bergtecinternational.com\/de\/kompakte-wasserbehandlungen\/","title":{"rendered":"KOMPAKTE, AUTONOME WASSERAUFBEREITUNGSANLAGE"},"content":{"rendered":"<div class=\"wpb-content-wrapper\"><p>[vc_row][vc_column][vc_custom_heading text=&#8220;Eine ma\u00dfgeschneiderte Antwort dank der Premier-Tech Technologie&#8220; font_container=&#8220;tag:h3|font_size:26|text_align:center|color:%2341b6e6&#8243; use_theme_fonts=&#8220;yes&#8220; el_class=&#8220;our_services_heading1&#8243;][vc_custom_heading text=&#8220;Kompakte Wasseraufbereitungsanlage&#8220; font_container=&#8220;tag:h2|font_size:38|text_align:center|color:%23000000&#8243; use_theme_fonts=&#8220;yes&#8220; el_class=&#8220;our_services_heading2&#8243; css=&#8220;.vc_custom_1708422521512{margin-bottom: 30px !important;}&#8220;][vc_custom_heading text=&#8220;F\u00fcr die lokale und vollst\u00e4ndige Reinigung von st\u00e4dtischem Abwasser, Trinkwasser oder Industrieabw\u00e4ssern.&#8220; font_container=&#8220;tag:div|font_size:22|text_align:center|color:%23555555&#8243; use_theme_fonts=&#8220;yes&#8220; css=&#8220;.vc_custom_1708422551289{margin-bottom: 40px !important;}&#8220;][\/vc_column][\/vc_row][vc_row][vc_column][vc_tta_tour style=&#8220;modern&#8220; shape=&#8220;square&#8220; color=&#8220;white&#8220; spacing=&#8220;10&#8243; gap=&#8220;30&#8243; active_section=&#8220;1&#8243; no_fill_content_area=&#8220;true&#8220; css=&#8220;.vc_custom_1664632912749{background-color: #ffffff !important;}&#8220;][vc_tta_section i_icon_fontawesome=&#8220;far fa-file-alt&#8220; add_icon=&#8220;true&#8220; title=&#8220;Beschreibung&#8220; tab_id=&#8220;description&#8220;][vc_custom_heading text=&#8220;EINE INDIVIDUELLE WASSERAUFBEREITUNG UNTER EINHALTUNG DER NORMEN F\u00dcR EINEN UNIVERSELLEN UMWELTSCHUTZ&#8220; font_container=&#8220;tag:h3|font_size:20px|text_align:left&#8220; use_theme_fonts=&#8220;yes&#8220; css=&#8220;.vc_custom_1708424248475{padding-bottom: 15px !important;}&#8220;][vc_column_text]Umfassende L\u00f6sungen f\u00fcr die lokale und individuelle Abwasserbehandlung zum Schutz der Umwelt ohne Standortzwang.<\/p>\n<p>Mit einem Team von 1300 Mitarbeitern, die seit 1995 in mehr als 12 L\u00e4ndern t\u00e4tig sind, haben wir es uns zur Aufgabe gemacht, unsere Umwelt durch innovative L\u00f6sungen f\u00fcr die Behandlung von Abwasser, Regenwasser und verschmutzten Abfl\u00fcssen zu sch\u00fctzen und gleichzeitig organische Abf\u00e4lle in nutzbare Ressourcen umzuwandeln.<\/p>\n<p>Dank der Partnerschaft mit Spezialisten auf ihrem jeweiligen Gebiet (Hersteller von Pumpen, Filtern usw.) verf\u00fcgen wir \u00fcber v\u00f6llig autonome Produktionskapazit\u00e4ten und exportieren in die ganze Welt, wobei wir uns auf ein Netzwerk lokaler Akteure und Kompetenzen st\u00fctzen.<\/p>\n<p>Wir haben uns der st\u00e4ndigen Forschung und Innovation neuer L\u00f6sungen verschrieben, um die Technologien zur Wasseraufbereitung gr\u00fcner zu machen und so die Natur besser zu sch\u00fctzen.[\/vc_column_text][\/vc_tta_section][vc_tta_section i_icon_fontawesome=&#8220;fas fa-key&#8220; add_icon=&#8220;true&#8220; title=&#8220;Schl\u00fcsselfertige L\u00f6sung&#8220; tab_id=&#8220;L\u00f6sung&#8220;][vc_custom_heading text=&#8220;Schl\u00fcsselfertige L\u00f6sungen&#8220; font_container=&#8220;tag:h3|font_size:20px|text_align:left&#8220; use_theme_fonts=&#8220;yes&#8220; css=&#8220;.vc_custom_1708424569236{padding-bottom: 15px !important;}&#8220;][vc_column_text css=&#8220;.vc_custom_1708424580141{padding-bottom: 30px !important;}&#8220;]<i class=\"fa fa-angle-double-right\"><\/i><strong>Ecoflo<\/strong>: F\u00fcr die Behandlung von 5 bis 200 Einwohnergleichwerten mit einer maximalen Kapazit\u00e4t von 20 m3\/Stunde.<br \/>\n<strong>Extended Aeration<\/strong>: Biologische Standardbehandlung durch Bel\u00fcftung und Kl\u00e4rung<br \/>\n<strong>SBR<\/strong>: Sequentielle biologische Behandlung<br \/>\n<strong>MBBR:<\/strong> Moving Bed Biological Reactor (Bewegliches Bett)<br \/>\n<strong>MBR<\/strong>: Membrane Biological Reactor (Biologischer Reaktor)<br \/>\nEntsalzungs-, Desinfektions-, Ph-Korrektur- und Reinigungseinhe<\/p>\n<p><strong>Anwendungen<\/strong><\/p>\n<p><i class=\"fa fa-angle-double-right\"><\/i>Wohnsiedlung oder gewerbliche oder industrielle Geb\u00e4ude (Krankenhaus usw.)<br \/>\nGewerbe- und Industriegebiete<br \/>\nBehandlung von Abw\u00e4ssern aus Arbeitersiedlungen (Bergbau, Gro\u00dfbaustelle usw.)<br \/>\nAusbau oder Verbesserung bestehender Kl\u00e4ranlagen<br \/>\nDesinfektion<br \/>\nEnteisenung<br \/>\nEntsalzung durch Umkehrosmose<br \/>\nEntmineralisierung<br \/>\nEntkalkung[\/vc_column_text][vc_custom_heading text=&#8220;Flockungseinheit&#8220; font_container=&#8220;tag:h3|font_size:20px|text_align:left&#8220; use_theme_fonts=&#8220;yes&#8220; css=&#8220;.vc_custom_1708425067542{padding-bottom: 15px !important;}&#8220;][vc_media_grid item=&#8220;mediaGrid_SlideInTitle&#8220; grid_id=&#8220;vc_gid:1708424931525-5d9d2927-ed54-3&#8243; include=&#8220;3509,3513,3511,3507&#8243; css=&#8220;.vc_custom_1708424716004{margin-bottom: 25px !important;}&#8220;][vc_custom_heading text=&#8220;Anschluss an die Pumpstation mit Steueranlage&#8220; font_container=&#8220;tag:h3|font_size:20px|text_align:left&#8220; use_theme_fonts=&#8220;yes&#8220; css=&#8220;.vc_custom_1708424747405{padding-bottom: 15px !important;}&#8220;][vc_media_grid item=&#8220;mediaGrid_SlideInTitle&#8220; grid_id=&#8220;vc_gid:1708424931531-20f6930a-8217-3&#8243; include=&#8220;3523,3521,3519,3517,3515&#8243; css=&#8220;.vc_custom_1708424754226{margin-bottom: 25px !important;}&#8220;][\/vc_tta_section][vc_tta_section i_icon_fontawesome=&#8220;fas fa-industry&#8220; add_icon=&#8220;true&#8220; title=&#8220;Kommunal &amp; Industrie&#8220; tab_id=&#8220;Kommunal-Industrie&#8220;][vc_custom_heading text=&#8220;Haus- und Industrieabw\u00e4sser&#8220; font_container=&#8220;tag:h3|font_size:20px|text_align:left&#8220; use_theme_fonts=&#8220;yes&#8220; css=&#8220;.vc_custom_1708422719947{padding-bottom: 15px !important;}&#8220;][vc_cta h2=&#8220;Abwasserbehandlung durch MBBR \/ MB&#8220; shape=&#8220;square&#8220;]<strong>Das MBBR-System wurde entwickelt, um h\u00e4usliche und industrielle Abw\u00e4sser im Rahmen einer Gruppen- oder Kleinkl\u00e4ranlage von 50 bis 400 Einwohnerwerten effektiv zu reinigen (bei einem Bedarf von mehr als 400 EW wenden Sie sich bitte an uns).<\/strong><\/p>\n<p><strong>INTENSIVBEHANDLUNG :<\/strong><\/p>\n<p>Aerobe biologische Behandlung mit fixierter Kultur in Bewegung :<br \/>\nBiomasse, die auf einer unver\u00e4nderlichen synthetischen F\u00fcllung fixiert ist, die durch Fluidisierung in Bewegung gehalten wird.<br \/>\nLuft wird eingeblasen, um den Filter zu durchmischen und abzubauen.<\/p>\n<p>1 &#8211; Prim\u00e4res Absetzbecken<br \/>\n2 &#8211; Durchgang mit Filter PF-525 und Schutzgitter.<br \/>\n3 &#8211; Biologischer Reaktor<br \/>\n4 &#8211; Luftnetz DN 90<br \/>\n5 &#8211; Luftnetz mit dickblasigen Ausl\u00e4ssen<br \/>\n6 &#8211; F\u00fcllmedium<br \/>\n7 &#8211; Nachkl\u00e4rbecken (MBBR) oder Membrandekantierer mit hohem Reinigungsgrad (MBR).<br \/>\n8 &#8211; Pumpe zur R\u00fcckf\u00fchrung von \u00fcbersch\u00fcssigem Schlamm<br \/>\n9 &#8211; Wasserentlader vom Typ Thompson<br \/>\n10 &#8211; Ableitung des aufbereiteten Wassers<br \/>\n11 &#8211; Seitenkanalverdichter<br \/>\n12 &#8211; Schaltschrank f\u00fcr die Steuerung<\/p>\n<p>Behandlung mit integrierter unterirdischer Wasserhebe-\/Pumpstation, wenn die Topografie des Gel\u00e4ndes dies erfordert.<br \/>\nDie gezielten Abw\u00e4sser sind :<br \/>\n&#8211; Rohabwasser (unbehandeltes Abwasser)<br \/>\n&#8211; entschleimtes Abwasser (am Ausgang der Vorkl\u00e4rung)[\/vc_cta][vc_cta h2=&#8220;SBR-Abwasserbehandlung: Behandlung mit gro\u00dfer Kapazit\u00e4t&#8220; shape=&#8220;square&#8220;]<strong>Vorgefertigter PE-Container in jeder Gr\u00f6\u00dfe.<\/strong><\/p>\n<p>Das SBR-System (sequenzielle biologische Behandlung) ist in einen Beh\u00e4lter integriert, der aus einer Absetzkammer und einer Behandlungskammer besteht. Die Mikrostation behandelt das Abwasser in mehreren Zyklen. Das Wasser wird zu 99 % gereinigt. Die Leistung der Mikrostation liegt weit unter den in der Norm festgelegten H\u00f6chstwe<\/p>\n<p><strong>Die Kl\u00e4rung in 4 Phase :<\/strong><\/p>\n<p><strong>1. Phase der Zuf\u00fchrung des Abwassers.<\/strong><br \/>\nDas Abwasser gelangt in die Absetzkammer, wo der Schlamm gelagert wird (Kammer 1), und wird dann in die SBR-Behandlungskammer (Kammer 2) geleitet.<\/p>\n<p><strong>2. Phase der Bel\u00fcftung<\/strong><br \/>\nIn dieser Phase wird das Abwasser periodisch bel\u00fcftet. Die Bel\u00fcftung wird durch die Membranplatte erzeugt, die sich am Boden des Beh\u00e4lters befindet. So werden die Bakterien als &#8222;aktiviert&#8220; bezeichnet und ern\u00e4hren sich von dem zu behandelnden Material. Die Bel\u00fcftung erm\u00f6glicht auch die Durchmischung des zu behandelnden Wassers.<\/p>\n<p><strong>3. Phase des Absetzens<\/strong><br \/>\nW\u00e4hrend der Absetzphase ruht die gesamte Anlage, sodass das behandelte Wasser in der Bel\u00fcftungskammer an die Oberfl\u00e4che steigt und sich der restliche Schlamm am Boden absetzt.<\/p>\n<p><strong>4. Phase der Ableitung des klaren Wassers.<\/strong><br \/>\nIn dieser Phase wird das biologisch behandelte Wasser abgeleitet. Dann wird der am Boden abgesetzte Restschlamm von Kammer 2 zur\u00fcck in Kammer 1 geleitet.[\/vc_cta][\/vc_tta_section][vc_tta_section i_icon_fontawesome=&#8220;fas fa-users&#8220; add_icon=&#8220;true&#8220; title=&#8220;Individuell&#8220; tab_id=&#8220;Individuell&#8220;][vc_custom_heading text=&#8220;Einzelsanierung&#8220; font_container=&#8220;tag:h3|font_size:20px|text_align:left&#8220; use_theme_fonts=&#8220;yes&#8220; css=&#8220;.vc_custom_1708424460660{padding-bottom: 15px !important;}&#8220;][vc_cta h2=&#8220;ECOFLO-Behandlung&#8220; h4=&#8220;\u00d6kologische Filterung auf Kokosnussbasis&#8220; shape=&#8220;square&#8220;]<strong>ECOFLO, con\u00e7u pour d\u00e9polluer efficacement les eaux us\u00e9es domestiques dans le cadre de l&#8217;assainissement regroup\u00e9 ou petit collectif, de 25 \u00e0 200 EH (pour une demande sup\u00e9rieure \u00e0 200 EH, nous consulter). Rejets sans impact n\u00e9faste sur l&#8217;environnement.<\/strong><\/p>\n<p><strong>TRAITEMENT PASSIF (sans \u00e9nergie)<\/strong><\/p>\n<p>Pr\u00e9-traitement par d\u00e9cantation dans la fosse toutes eaux, \u00e9quip\u00e9e d&#8217;un pr\u00e9filtre.<br \/>\nEaux pr\u00e9trait\u00e9es recueillies dans le filtre \u00e0 fragments de coco ECOFLO et r\u00e9parties \u00e0 l&#8217;aide d&#8217;auget basculant.<br \/>\n\u00c9vacuation des eaux trait\u00e9es soit directement dans le milieu naturel (cours d\u2019eau) soit par infiltration dans le sol.<\/p>\n<p><strong>10 ans de garantie l\u00e9gale<\/strong> : Sur la solidit\u00e9 du conteneur PEHD, sur la qualit\u00e9 des divers \u00e9quipements n\u00e9cessaires au bon fonctionnement du processus de traitement (pr\u00e9filtre, auget, plaques de distribution et m\u00e9dia filtrant coco).<\/p>\n<p><strong>Garantie sur les performances \u00e9puratoires<\/strong> : si vous nous confiez l\u2019entretien de votre filtre compact ECOFLO, vous b\u00e9n\u00e9ficierez, pendant toute la dur\u00e9e du contrat d\u2019entretien, d\u2019une garantie commerciale compl\u00e9mentaire sur les performances \u00e9puratoires du filtre compact ECOFLO. Nous sommes le seul fabricant capable de vos proposer une telle garantie.[\/vc_cta][vc_cta h2=&#8220;Behandlung AERATION+&#8220; shape=&#8220;square&#8220;]Ideal f\u00fcr die Behandlung von Haushaltswasser durch einen biologischen Reaktor und Nachkl\u00e4rbecken.[\/vc_cta][\/vc_tta_section][vc_tta_section i_icon_fontawesome=&#8220;far fa-images&#8220; add_icon=&#8220;true&#8220; title=&#8220;Anwendungen&#8220; tab_id=&#8220;Anwendungen&#8220;][vc_custom_heading text=&#8220;SBR-VERARBEITUNG &#8211; Kommunale und industrielle Abwasserentsorgung&#8220; font_container=&#8220;tag:h3|font_size:20px|text_align:left&#8220; use_theme_fonts=&#8220;yes&#8220; css=&#8220;.vc_custom_1708423946521{padding-bottom: 25px !important;}&#8220;][vc_media_grid gap=&#8220;10&#8243; item=&#8220;mediaGrid_SlideInTitle&#8220; grid_id=&#8220;vc_gid:1708424931539-fd60462a-0f7f-5&#8243; include=&#8220;3491,3493,3495,3497,3499,3501,3503,3505&#8243; css=&#8220;.vc_custom_1708423958567{margin-bottom: 25px !important;}&#8220;][vc_custom_heading text=&#8220;ECOFLO-VERARBEITUNG &#8211; Individuelle Abwasserentsorgung&#8220; font_container=&#8220;tag:h3|font_size:20px|text_align:left&#8220; use_theme_fonts=&#8220;yes&#8220; css=&#8220;.vc_custom_1708423987331{padding-bottom: 25px !important;}&#8220;][vc_media_grid gap=&#8220;10&#8243; item=&#8220;mediaGrid_SlideInTitle&#8220; grid_id=&#8220;vc_gid:1708424931547-de472e00-1ee4-2&#8243; include=&#8220;3479,3485,3483,3481,3487,3489&#8243; css=&#8220;.vc_custom_1665499327912{margin-bottom: 25px !important;}&#8220;][vc_custom_heading text=&#8220;BEHANDLUNG &#8222;AERATION+&#8222; Reduziertes Volume&#8220; font_container=&#8220;tag:h3|font_size:20px|text_align:left&#8220; use_theme_fonts=&#8220;yes&#8220; css=&#8220;.vc_custom_1708424058651{padding-bottom: 25px !important;}&#8220;][vc_media_grid gap=&#8220;10&#8243; item=&#8220;mediaGrid_SlideInTitle&#8220; grid_id=&#8220;vc_gid:1708424931554-94a6f483-2cca-2&#8243; include=&#8220;3463,3465,3467,3469,3471,3473,3475,3477&#8243; css=&#8220;.vc_custom_1665499335234{margin-bottom: 25px !important;}&#8220;][\/vc_tta_section][\/vc_tta_tour][\/vc_column][\/vc_row][vc_row][vc_column][vc_empty_space][\/vc_column][\/vc_row][vc_row full_width=&#8220;stretch_row&#8220; css=&#8220;.vc_custom_1678736764667{padding-top: 30px !important;padding-bottom: 30px !important;background-color: #2c34a4 !important;background-position: center !important;background-repeat: no-repeat !important;background-size: cover !important;}&#8220; el_class=&#8220;home_quote&#8220;][vc_column width=&#8220;3\/4&#8243;][vc_custom_heading text=&#8220;Kontaktieren Sie uns f\u00fcr ein Angebot&#8220; font_container=&#8220;tag:div|font_size:32|text_align:left|color:%23ffffff&#8220; use_theme_fonts=&#8220;yes&#8220; css_animation=&#8220;zoomIn&#8220; el_class=&#8220;home_quote_txt&#8220;][vc_column_text css_animation=&#8220;zoomIn&#8220;]<span style=\"color: #ffffff;\">Toutes solutions sur-mesure disponibles<\/span>[\/vc_column_text][\/vc_column][vc_column width=&#8220;1\/4&#8243;][vc_empty_space][vc_btn title=&#8220;Kontaktieren Sie uns&#8220; shape=&#8220;square&#8220; align=&#8220;left&#8220; i_align=&#8220;right&#8220; i_icon_fontawesome=&#8220;fas fa-arrow-right&#8220; css_animation=&#8220;slideInRight&#8220; button_block=&#8220;true&#8220; add_icon=&#8220;true&#8220; link=&#8220;url:https%3A%2F%2Fwww.bergtecinternational.com%2Fcontactez-nous%2F|title:Contactez-Nous&#8220; el_class=&#8220;home_quote_btn&#8220;][\/vc_column][\/vc_row]<\/p>\n<\/div>","protected":false},"excerpt":{"rendered":"<p>[vc_row][vc_column][vc_custom_heading text=&#8220;Eine ma\u00dfgeschneiderte Antwort dank der Premier-Tech Technologie&#8220; font_container=&#8220;tag:h3|font_size:26|text_align:center|color:%2341b6e6&#8243; use_theme_fonts=&#8220;yes&#8220; el_class=&#8220;our_services_heading1&#8243;][vc_custom_heading text=&#8220;Kompakte Wasseraufbereitungsanlage&#8220; font_container=&#8220;tag:h2|font_size:38|text_align:center|color:%23000000&#8243; use_theme_fonts=&#8220;yes&#8220; el_class=&#8220;our_services_heading2&#8243; css=&#8220;.vc_custom_1708422521512{margin-bottom: 30px !important;}&#8220;][vc_custom_heading text=&#8220;F\u00fcr [&hellip;]<\/p>\n","protected":false},"author":2,"featured_media":0,"parent":0,"menu_order":6,"comment_status":"closed","ping_status":"closed","template":"","meta":{"om_disable_all_campaigns":false,"_monsterinsights_skip_tracking":false,"_monsterinsights_sitenote_active":false,"_monsterinsights_sitenote_note":"","_monsterinsights_sitenote_category":0,"footnotes":""},"class_list":["post-8535","page","type-page","status-publish","hentry"],"aioseo_notices":[],"_links":{"self":[{"href":"https:\/\/www.bergtecinternational.com\/de\/wp-json\/wp\/v2\/pages\/8535","targetHints":{"allow":["GET"]}}],"collection":[{"href":"https:\/\/www.bergtecinternational.com\/de\/wp-json\/wp\/v2\/pages"}],"about":[{"href":"https:\/\/www.bergtecinternational.com\/de\/wp-json\/wp\/v2\/types\/page"}],"author":[{"embeddable":true,"href":"https:\/\/www.bergtecinternational.com\/de\/wp-json\/wp\/v2\/users\/2"}],"replies":[{"embeddable":true,"href":"https:\/\/www.bergtecinternational.com\/de\/wp-json\/wp\/v2\/comments?post=8535"}],"version-history":[{"count":0,"href":"https:\/\/www.bergtecinternational.com\/de\/wp-json\/wp\/v2\/pages\/8535\/revisions"}],"wp:attachment":[{"href":"https:\/\/www.bergtecinternational.com\/de\/wp-json\/wp\/v2\/media?parent=8535"}],"curies":[{"name":"wp","href":"https:\/\/api.w.org\/{rel}","templated":true}]}}