{"id":8526,"date":"2021-05-24T15:58:09","date_gmt":"2021-05-24T15:58:09","guid":{"rendered":"https:\/\/www.bergtecinternational.com\/traitement-des-odeurs\/"},"modified":"2024-09-04T20:25:03","modified_gmt":"2024-09-04T20:25:03","slug":"neutralisation-von-geruchsimmissionen","status":"publish","type":"page","link":"https:\/\/www.bergtecinternational.com\/de\/neutralisation-von-geruchsimmissionen\/","title":{"rendered":"NEUTRALISATION VON GERUCHSIMMISSIONEN"},"content":{"rendered":"<div class=\"wpb-content-wrapper\"><p>[vc_row][vc_column][vc_custom_heading text=&#8220;&#8220; font_container=&#8220;tag:h3|font_size:26|text_align:center|color:%2341b6e6&#8243; use_theme_fonts=&#8220;yes&#8220; el_class=&#8220;our_services_heading1&#8243;][vc_custom_heading text=&#8220;Ma\u00dfgeschneiderte L\u00f6sungen gegen schlechte Ger\u00fcche&#8220; font_container=&#8220;tag:h2|font_size:38|text_align:center|color:%23000000&#8243; use_theme_fonts=&#8220;yes&#8220; el_class=&#8220;our_services_heading2&#8243; css=&#8220;.vc_custom_1708418873476{margin-bottom: 30px !important;}&#8220;][vc_custom_heading text=&#8220;Patentierte Reagenzien und umfassende Spritzausr\u00fcstung f\u00fcr effektive Neutralisierungen.&#8220; font_container=&#8220;tag:div|font_size:22|text_align:center|color:%23555555&#8243; use_theme_fonts=&#8220;yes&#8220; css=&#8220;.vc_custom_1708418978098{margin-bottom: 40px !important;}&#8220;][\/vc_column][\/vc_row][vc_row][vc_column][vc_tta_tour style=&#8220;modern&#8220; shape=&#8220;square&#8220; color=&#8220;white&#8220; spacing=&#8220;10&#8243; gap=&#8220;30&#8243; active_section=&#8220;1&#8243; no_fill_content_area=&#8220;true&#8220; css=&#8220;.vc_custom_1664632912749{background-color: #ffffff !important;}&#8220;][vc_tta_section i_icon_fontawesome=&#8220;far fa-file-alt&#8220; add_icon=&#8220;true&#8220; title=&#8220;Beschreibung&#8220; tab_id=&#8220;description&#8220;][vc_custom_heading text=&#8220;WIRKSAME UND GETESTETE, UNGIFTIGE UND UMWELTFREUNDLICHE BEHANDLUNGEN&#8220; font_container=&#8220;tag:h3|font_size:20px|text_align:left&#8220; use_theme_fonts=&#8220;yes&#8220; css=&#8220;.vc_custom_1708419945941{padding-bottom: 20px !important;}&#8220;][vc_column_text css=&#8220;.vc_custom_1709217177106{margin-bottom: 20px !important;}&#8220;]Unsere Reagenzien sind nicht toxisch, sie sind umweltfreundlich und werden durch folgende Tests garantiert:<\/p>\n<ul>\n<li><strong>Nichttoxizit\u00e4t f\u00fcr Augen und Haut, nichttoxische Inhalation<\/strong>: Zulassung des Arbeitsministeriums f\u00fcr die Verwendung in geschlossenen R\u00e4umen.<\/li>\n<li><strong>Biologische Abbaubarkeit und Phytotoxizit\u00e4t<\/strong>: Tests der A.D.E.M.E. (Autorit\u00e9 Nationale de l&#8217;Environnement et de l&#8217;Energie) sowie privater Betreiber wie VEOLIA und SUEZ.<\/li>\n<li><strong>Unsere Wirkstoffe sind f\u00fcr die Gesundheit von Mensch und Tier unsch\u00e4dlich:<\/strong>\u00a0Unsere Produkte entsprechen den europ\u00e4ischen Vorschriften \u00a0(Tests liegen vor)<\/li>\n<\/ul>\n<p><strong>Die Ziele unserer Technik zur Geruchsneutralisierung sind einfach<\/strong>:Wiederherstellung ges\u00fcnderer und angenehmerer Arbeitsbedingungen f\u00fcr das Personal und Erhaltung der Lebensqualit\u00e4t der Anwohner von geruchsbelasteten Standorten.<\/p>\n<p>Alle von unserer Entwicklungsabteilung entwickelten L\u00f6sungen basieren auf diesen Grundprinzipien.<\/p>\n<p>Die verschiedenen Molek\u00fcle, aus denen sie bestehen, vermischen sich mit den in der Luft vorhandenen Geruchsmolek\u00fclen und bilden so neue, geruchsneutrale chemische Kombinationen.[\/vc_column_text][vc_custom_heading text=&#8220;UNSER ZIEL: IHNEN EINE SPEZIFISCHE UND EFFIZIENTE L\u00d6SUNG ZU BIETEN&#8220; font_container=&#8220;tag:h3|font_size:20px|text_align:left&#8220; use_theme_fonts=&#8220;yes&#8220; css=&#8220;.vc_custom_1708420150287{margin-bottom: 20px !important;}&#8220;][vc_column_text css=&#8220;.vc_custom_1708420110262{margin-bottom: 20px !important;}&#8220;]F\u00fcr jeden Standort und jede Problematik entwirft unsere Entwicklungsabteilung eine ma\u00dfgeschneiderte Behandlung, um die Ziele einer effektiven Neutralisierung der schlechten Ger\u00fcche zu erreichen.<\/p>\n<p>Die von unseren Ingenieuren entwickelten chemischen Verbindungen sollen die Entstehung von schlechten Ger\u00fcchen (z. B. H2S) unter Ber\u00fccksichtigung der sozio-\u00f6kologischen Gegebenheiten (offene oder geschlossene R\u00e4ume, Wetterbedingungen usw.) verhindern.<\/p>\n<p>Die Wirksamkeit unserer Behandlung wird durch die Beherrschung und den Einsatz verschiedener Ger\u00e4te zur Kontrolle und Verteilung der Geruchsbeseitigungsprodukte (siehe unten) gew\u00e4hrleistet. Diese Ausr\u00fcstungen stammen alle aus den neuesten Technologien.[\/vc_column_text][vc_custom_heading text=&#8220;AUSR\u00dcSTUNGEN F\u00dcR MANAGEMENTKONTROLLE UND STEUERRUNG&#8220; font_container=&#8220;tag:h3|font_size:20px|text_align:left&#8220; use_theme_fonts=&#8220;yes&#8220; css=&#8220;.vc_custom_1708420190244{margin-bottom: 20px !important;}&#8220;][vc_column_text css=&#8220;.vc_custom_1708420256680{margin-bottom: 20px !important;}&#8220;]<\/p>\n<ul>\n<li>Wetterstation<\/li>\n<li>Hochdruck-Spr\u00fchbalken<\/li>\n<li>Einheit aus Kanone und Traktor<\/li>\n<li>St\u00fctzpfosten f\u00fcr IDRAGEL-Gelplatten<\/li>\n<li>Einarbeitung in die Masse<\/li>\n<\/ul>\n<p>[\/vc_column_text][vc_media_grid item=&#8220;mediaGrid_SlideInTitle&#8220; grid_id=&#8220;vc_gid:1709217053758-6e23d4f0-6251-6&#8243; include=&#8220;6360,5341,5335,5339&#8243;][vc_column_text css=&#8220;.vc_custom_1679229535467{margin-bottom: 20px !important;}&#8220;]<\/p>\n<p><img loading=\"lazy\" decoding=\"async\" class=\"aligncenter wp-image-5343 size-medium\" src=\"https:\/\/www.bergtecinternational.com\/wp-content\/uploads\/sites\/2\/2023\/03\/logo_westrand_en_GB-300x69.png\" alt=\"\" width=\"300\" height=\"69\" srcset=\"https:\/\/www.bergtecinternational.com\/wp-content\/uploads\/sites\/2\/2023\/03\/logo_westrand_en_GB-300x69.png 300w, https:\/\/www.bergtecinternational.com\/wp-content\/uploads\/sites\/2\/2023\/03\/logo_westrand_en_GB.png 360w\" sizes=\"auto, (max-width: 300px) 100vw, 300px\" \/>[\/vc_column_text][\/vc_tta_section][vc_tta_section i_icon_fontawesome=&#8220;far fa-plus-square&#8220; add_icon=&#8220;true&#8220; title=&#8220;Unsere St\u00e4rken&#8220; tab_id=&#8220;plus&#8220;][vc_cta h2=&#8220;&#8220; shape=&#8220;square&#8220; style=&#8220;outline&#8220; add_icon=&#8220;top&#8220; i_icon_fontawesome=&#8220;fas fa-plus-circle&#8220; i_color=&#8220;custom&#8220; i_size=&#8220;lg&#8220; i_css_animation=&#8220;lightSpeedIn&#8220; i_custom_color=&#8220;#003164&#8243;]Ein seit 1993 erworbenes Know-how<\/p>\n<p>Eine Reihe von patentierten Wirkstoffen<\/p>\n<p>Eine getestete und best\u00e4tigte Wirksamkeit<\/p>\n<p>Eine angepasste Anwendung<\/p>\n<p>Eine ma\u00dfgeschneiderte Diagnose<\/p>\n<p>Mehr als 1.500 Referenzen auf der ganzen Welt[\/vc_cta][\/vc_tta_section][vc_tta_section i_icon_fontawesome=&#8220;far fa-images&#8220; add_icon=&#8220;true&#8220; title=&#8220;R\u00e9alisations&#8220; tab_id=&#8220;realisations&#8220;][vc_custom_heading text=&#8220;Verschiedene Behandlungsm\u00f6glichkeiten&#8220; font_container=&#8220;tag:h3|font_size:20px|text_align:left&#8220; use_theme_fonts=&#8220;yes&#8220; css=&#8220;.vc_custom_1708419220631{padding-bottom: 15px !important;}&#8220;][vc_column_text css=&#8220;.vc_custom_1708419252823{padding-bottom: 30px !important;}&#8220;]Mit unserer Erfahrung, die wir seit 1993 in der ma\u00dfgeschneiderten Behandlung von Ger\u00fcchen durch die Definition eines spezifischen Protokolls gesammelt haben, beherrschen wir alle Techniken zur Behandlung verschmutzter Standorte weltweit perfekt.[\/vc_column_text][vc_row_inner][vc_column_inner width=&#8220;1\/2&#8243;][vc_single_image image=&#8220;3311&#8243; img_size=&#8220;full&#8220; css=&#8220;.vc_custom_1664811012981{padding-bottom: 10px !important;}&#8220;][vc_custom_heading text=&#8220;Kl\u00e4ranlage von Banska-Bystrica (Slowakei)&#8220; font_container=&#8220;tag:h5|font_size:18|text_align:left|color:%23000000&#8243; use_theme_fonts=&#8220;yes&#8220; css=&#8220;.vc_custom_1708419327214{padding-bottom: 10px !important;}&#8220;][vc_column_text css=&#8220;.vc_custom_1708419298102{margin-bottom: 40px !important;}&#8220;]Desodorierung der Kl\u00e4ranlage.<br \/>\nKapazit\u00e4t: 190.000 Einwohnergleichwerte Installation von 530 m Hochdruckrampe.[\/vc_column_text][\/vc_column_inner][vc_column_inner width=&#8220;1\/2&#8243;][vc_single_image image=&#8220;3320&#8243; img_size=&#8220;full&#8220; css=&#8220;.vc_custom_1664811290923{padding-bottom: 10px !important;}&#8220;][vc_custom_heading text=&#8220;Kompostieranlage in Frankreich&#8220; font_container=&#8220;tag:h5|font_size:18|text_align:left|color:%23000000&#8243; use_theme_fonts=&#8220;yes&#8220; css=&#8220;.vc_custom_1708419363150{padding-bottom: 10px !important;}&#8220;][vc_column_text css=&#8220;.vc_custom_1708419416574{margin-bottom: 40px !important;}&#8220;]Desodorierung der 14.000 Tonnen schweren Kompostierungsplattform f\u00fcr Schlamm und Gr\u00fcnabf\u00e4lle durch &#8222;IDRAGEL Produkt&#8220; auf Pfosten.[\/vc_column_text][\/vc_column_inner][\/vc_row_inner][vc_row_inner css=&#8220;.vc_custom_1685702602748{margin-bottom: 40px !important;}&#8220;][vc_column_inner width=&#8220;1\/2&#8243;][vc_single_image image=&#8220;5349&#8243; img_size=&#8220;full&#8220; css=&#8220;.vc_custom_1679228483606{padding-bottom: 10px !important;}&#8220;][vc_custom_heading text=&#8220;Entgiftung einer alten kohlebetriebenen Gasfabrik in Villefranche-sur-Sa\u00f4ne (Frankreich)&#8220; font_container=&#8220;tag:h5|font_size:18|text_align:left|color:%23000000&#8243; use_theme_fonts=&#8220;yes&#8220; css=&#8220;.vc_custom_1708419473036{padding-bottom: 10px !important;}&#8220;][vc_column_text]Aushub von 5000 m3 Erde. Verschmutzung mit Teer, Naphthalin (fester Kohlenwasserstoff), Ammoniak und H2S. Einrichtung von 150 m Hochdruck-Spr\u00fchbalken und 2 mobilen Spr\u00fchger\u00e4ten vom Typ UNIPRO5 (220-V-Spr\u00fchger\u00e4t).[\/vc_column_text][\/vc_column_inner][vc_column_inner width=&#8220;1\/2&#8243;][vc_single_image image=&#8220;5351&#8243; img_size=&#8220;full&#8220; css=&#8220;.vc_custom_1679228556353{padding-bottom: 10px !important;}&#8220;][vc_custom_heading text=&#8220;Geruchsbehandlung der Anlage zur thermischen und elektrischen Verwertung von Abf\u00e4llen in Lausanne (Schweiz)&#8220; font_container=&#8220;tag:h5|font_size:18|text_align:left|color:%23000000&#8243; use_theme_fonts=&#8220;yes&#8220; css=&#8220;.vc_custom_1708419610787{padding-bottom: 10px !important;}&#8220;][vc_column_text]Behandlung von Ger\u00fcchen durch Verspr\u00fchen eines neutralisierenden Reagenz bei geringer Durchflussrate (60 ml\/h).<br \/>\nDie Anlage besteht aus einem Trockendampfschrank VS200P und einer D\u00fcse sowie einem Ventilator mit einer Leistung von 6700 m3\/h.[\/vc_column_text][\/vc_column_inner][\/vc_row_inner][vc_row_inner css=&#8220;.vc_custom_1685702609404{margin-bottom: 40px !important;}&#8220;][vc_column_inner width=&#8220;1\/2&#8243;][vc_single_image image=&#8220;6363&#8243; img_size=&#8220;full&#8220; css=&#8220;.vc_custom_1690212612263{padding-bottom: 10px !important;}&#8220;][vc_custom_heading text=&#8220;Behandlung von 3 Hallen mit je 10.000 Enten (Frankreich).&#8220; font_container=&#8220;tag:h5|font_size:18|text_align:left|color:%23000000&#8243; use_theme_fonts=&#8220;yes&#8220; css=&#8220;.vc_custom_1708419693418{padding-bottom: 10px !important;}&#8220;][vc_column_text]Lieferung mit einer Pumpe, die die Neutralisationsmittel in Form von Trockendampf verspr\u00fcht, sowie einem Steuerschrank.[\/vc_column_text][\/vc_column_inner][vc_column_inner width=&#8220;1\/2&#8243;][vc_single_image image=&#8220;6369&#8243; img_size=&#8220;full&#8220; css=&#8220;.vc_custom_1690212623995{padding-bottom: 10px !important;}&#8220;][vc_custom_heading text=&#8220;Geruchsbehandlung von 2 Schweinefarmen in Rum\u00e4nien.&#8220; font_container=&#8220;tag:h5|font_size:18|text_align:left|color:%23000000&#8243; use_theme_fonts=&#8220;yes&#8220; css=&#8220;.vc_custom_1708419741922{padding-bottom: 10px !important;}&#8220;][vc_column_text]Geb\u00e4ude f\u00fcr 26.000 und 37.000 Tiere durch ein System, bei dem die abgestandene Luft abgesaugt und die Neutralisierungsmittel in Form von Trockendampf in das Geb\u00e4udeinnere gespr\u00fcht werden.[\/vc_column_text][\/vc_column_inner][\/vc_row_inner][\/vc_tta_section][\/vc_tta_tour][\/vc_column][\/vc_row][vc_row][vc_column][vc_empty_space][\/vc_column][\/vc_row][vc_row full_width=&#8220;stretch_row&#8220; css=&#8220;.vc_custom_1678722809630{padding-top: 30px !important;padding-bottom: 30px !important;background-color: #2c34a4 !important;background-position: center !important;background-repeat: no-repeat !important;background-size: cover !important;}&#8220; el_class=&#8220;home_quote&#8220;][vc_column width=&#8220;3\/4&#8243;][vc_custom_heading text=&#8220;Kontaktieren Sie uns f\u00fcr ein Angebot&#8220; font_container=&#8220;tag:div|font_size:32|text_align:left|color:%23ffffff&#8220; use_theme_fonts=&#8220;yes&#8220; css_animation=&#8220;zoomIn&#8220; el_class=&#8220;home_quote_txt&#8220;][vc_column_text css_animation=&#8220;zoomIn&#8220;]<span style=\"color: #ffffff;\">Toutes solutions sur-mesure disponibles<\/span>[\/vc_column_text][\/vc_column][vc_column width=&#8220;1\/4&#8243;][vc_empty_space][vc_btn title=&#8220;KONTAKTIEREN SIE UNS&#8220; shape=&#8220;square&#8220; align=&#8220;left&#8220; i_align=&#8220;right&#8220; i_icon_fontawesome=&#8220;fas fa-arrow-right&#8220; css_animation=&#8220;slideInRight&#8220; button_block=&#8220;true&#8220; add_icon=&#8220;true&#8220; link=&#8220;url:https%3A%2F%2Fwww.bergtecinternational.com%2Fcontactez-nous%2F|title:Contactez-Nous&#8220; el_class=&#8220;home_quote_btn&#8220;][\/vc_column][\/vc_row]<\/p>\n<\/div>","protected":false},"excerpt":{"rendered":"<p>[vc_row][vc_column][vc_custom_heading text=&#8220;&#8220; font_container=&#8220;tag:h3|font_size:26|text_align:center|color:%2341b6e6&#8243; use_theme_fonts=&#8220;yes&#8220; el_class=&#8220;our_services_heading1&#8243;][vc_custom_heading text=&#8220;Ma\u00dfgeschneiderte L\u00f6sungen gegen schlechte Ger\u00fcche&#8220; font_container=&#8220;tag:h2|font_size:38|text_align:center|color:%23000000&#8243; use_theme_fonts=&#8220;yes&#8220; el_class=&#8220;our_services_heading2&#8243; css=&#8220;.vc_custom_1708418873476{margin-bottom: 30px !important;}&#8220;][vc_custom_heading text=&#8220;Patentierte Reagenzien und umfassende [&hellip;]<\/p>\n","protected":false},"author":1,"featured_media":0,"parent":0,"menu_order":5,"comment_status":"closed","ping_status":"closed","template":"","meta":{"om_disable_all_campaigns":false,"_monsterinsights_skip_tracking":false,"_monsterinsights_sitenote_active":false,"_monsterinsights_sitenote_note":"","_monsterinsights_sitenote_category":0,"footnotes":""},"class_list":["post-8526","page","type-page","status-publish","hentry"],"aioseo_notices":[],"_links":{"self":[{"href":"https:\/\/www.bergtecinternational.com\/de\/wp-json\/wp\/v2\/pages\/8526","targetHints":{"allow":["GET"]}}],"collection":[{"href":"https:\/\/www.bergtecinternational.com\/de\/wp-json\/wp\/v2\/pages"}],"about":[{"href":"https:\/\/www.bergtecinternational.com\/de\/wp-json\/wp\/v2\/types\/page"}],"author":[{"embeddable":true,"href":"https:\/\/www.bergtecinternational.com\/de\/wp-json\/wp\/v2\/users\/1"}],"replies":[{"embeddable":true,"href":"https:\/\/www.bergtecinternational.com\/de\/wp-json\/wp\/v2\/comments?post=8526"}],"version-history":[{"count":0,"href":"https:\/\/www.bergtecinternational.com\/de\/wp-json\/wp\/v2\/pages\/8526\/revisions"}],"wp:attachment":[{"href":"https:\/\/www.bergtecinternational.com\/de\/wp-json\/wp\/v2\/media?parent=8526"}],"curies":[{"name":"wp","href":"https:\/\/api.w.org\/{rel}","templated":true}]}}