{"id":8278,"date":"2020-12-16T09:05:21","date_gmt":"2020-12-16T09:05:21","guid":{"rendered":"https:\/\/www.bergtecinternational.com\/accueil\/"},"modified":"2026-03-27T12:36:59","modified_gmt":"2026-03-27T12:36:59","slug":"accueil","status":"publish","type":"page","link":"https:\/\/www.bergtecinternational.com\/de\/","title":{"rendered":"Startseite"},"content":{"rendered":"<div class=\"wpb-content-wrapper\"><p>[vc_row][vc_column][rev_slider_vc alias=&#8220;home_fr-11&#8243;][\/vc_column][\/vc_row][vc_row full_width=&#8220;stretch_row&#8220; el_id=&#8220;home_quote&#8220; el_class=&#8220;home_quote&#8220; css=&#8220;.vc_custom_1678286944519{padding-top: 30px !important;padding-bottom: 30px !important;background-color: #2c34a4 !important;}&#8220;][vc_column width=&#8220;4\/5&#8243;][vc_custom_heading text=&#8220;Wir sind Ihre Spezialisten f\u00fcr die Beratung, die Entwicklung und den Verkauf von ma\u00dfgeschneiderten und langlebigen Ausr\u00fcstungen f\u00fcr aggressive Umgebungen.&#8220; font_container=&#8220;tag:div|font_size:28|text_align:left|color:%23ffffff&#8220; use_theme_fonts=&#8220;yes&#8220; css_animation=&#8220;none&#8220; el_class=&#8220;home_quote_txt&#8220;][\/vc_column][vc_column width=&#8220;1\/5&#8243;][vc_empty_space height=&#8220;30px&#8220;][vc_btn title=&#8220;\u00dcber uns&#8220; shape=&#8220;square&#8220; size=&#8220;sm&#8220; align=&#8220;right&#8220; css=&#8220;&#8220; el_class=&#8220;home_quote_btn&#8220; link=&#8220;url:https%3A%2F%2Fwww.bergtecinternational.com%2Fde%2Fuber-uns%2F&#8220;][\/vc_column][\/vc_row][vc_row el_id=&#8220;home_our_solutions&#8220; css=&#8220;.vc_custom_1621888884192{padding-top: 50px !important;}&#8220;][vc_column][vc_column_text css=&#8220;.vc_custom_1708358792442{margin-bottom: 30px !important;}&#8220; el_class=&#8220;projects_btn&#8220;]Unser Sortiment an Produkten und Behandlungsl\u00f6sungen[\/vc_column_text][vc_column_text css=&#8220;.vc_custom_1708358856696{margin-bottom: 40px !important;}&#8220;]Im Folgenden finden Sie eine \u00dcbersicht \u00fcber unsere Ausr\u00fcstung f\u00fcr die M\u00e4rkte Wasser, Abwasserbehandlung sowie Landwirtschaft und Viehzucht.[\/vc_column_text][\/vc_column][\/vc_row][vc_row][vc_column width=&#8220;1\/3&#8243;][vc_single_image image=&#8220;3222&#8243; img_size=&#8220;full&#8220; onclick=&#8220;custom_link&#8220; css_animation=&#8220;none&#8220; css=&#8220;&#8220; link=&#8220;https:\/\/www.bergtecinternational.com\/de\/ausrustungen-wasser-hoch-tiefbau-industrie\/&#8220;][vc_btn title=&#8220;Ausr\u00fcstungen f\u00fcr Wasser, Hoch-und Tiefbau und Industrie&#8220; shape=&#8220;square&#8220; color=&#8220;primary&#8220; size=&#8220;lg&#8220; align=&#8220;left&#8220; i_align=&#8220;right&#8220; i_icon_fontawesome=&#8220;fas fa-arrow-right&#8220; css_animation=&#8220;none&#8220; css=&#8220;.vc_custom_1726646325164{padding-bottom: 40px !important;}&#8220; button_block=&#8220;true&#8220; add_icon=&#8220;true&#8220; link=&#8220;url:https%3A%2F%2Fwww.bergtecinternational.com%2Fde%2Fausrustungen-wasser-hoch-tiefbau-industrie%2F&#8220;][\/vc_column][vc_column width=&#8220;1\/3&#8243;][vc_single_image image=&#8220;3210&#8243; img_size=&#8220;full&#8220; onclick=&#8220;custom_link&#8220; css_animation=&#8220;none&#8220; css=&#8220;&#8220; link=&#8220;https:\/\/www.bergtecinternational.com\/de\/neutralisation-von-geruchsimmissionen\/&#8220;][vc_btn title=&#8220;Neutralisation von Geruchsimmission&#8220; shape=&#8220;square&#8220; color=&#8220;primary&#8220; size=&#8220;lg&#8220; align=&#8220;left&#8220; i_align=&#8220;right&#8220; i_icon_fontawesome=&#8220;fas fa-arrow-right&#8220; css_animation=&#8220;none&#8220; css=&#8220;.vc_custom_1726646362875{margin-bottom: 40px !important;}&#8220; button_block=&#8220;true&#8220; add_icon=&#8220;true&#8220; link=&#8220;url:https%3A%2F%2Fwww.bergtecinternational.com%2Fde%2Fneutralisation-von-geruchsimmissionen%2F&#8220;][\/vc_column][vc_column width=&#8220;1\/3&#8243;][vc_single_image image=&#8220;3527&#8243; img_size=&#8220;full&#8220; onclick=&#8220;custom_link&#8220; css_animation=&#8220;none&#8220; css=&#8220;&#8220; link=&#8220;https:\/\/www.bergtecinternational.com\/de\/kompakte-wasserbehandlungen\/&#8220;][vc_btn title=&#8220;Kompakte Abwasserbehandlun&#8220; shape=&#8220;square&#8220; color=&#8220;primary&#8220; size=&#8220;lg&#8220; align=&#8220;left&#8220; i_align=&#8220;right&#8220; i_icon_fontawesome=&#8220;fas fa-arrow-right&#8220; css_animation=&#8220;none&#8220; css=&#8220;.vc_custom_1726646385542{padding-bottom: 40px !important;}&#8220; button_block=&#8220;true&#8220; add_icon=&#8220;true&#8220; link=&#8220;url:https%3A%2F%2Fwww.bergtecinternational.com%2Fde%2Fkompakte-wasserbehandlungen%2F&#8220;][\/vc_column][\/vc_row][vc_row full_width=&#8220;stretch_row&#8220; css=&#8220;.vc_custom_1645721123575{padding-top: 50px !important;padding-bottom: 50px !important;background-image: url(https:\/\/www.bergtecinternational.com\/wp-content\/uploads\/sites\/2\/2022\/02\/home_pj_bg.jpg?id=1003) !important;}&#8220; el_id=&#8220;home_our_projects&#8220; el_class=&#8220;home_our_projects&#8220;][vc_column][vc_column_text css=&#8220;.vc_custom_1708359337205{margin-bottom: 30px !important;}&#8220; el_class=&#8220;projects_btn&#8220;]Unsere Referenzen: Unsere L\u00f6sungen f\u00fcr Ihre Problem[\/vc_column_text][vc_column_text css=&#8220;.vc_custom_1708359434708{margin-bottom: 40px !important;}&#8220;]Entdecken Sie unser umfassendes Angebot an L\u00f6sungen f\u00fcr die Bewirtschaftung von Wasserl\u00e4ufen (Fl\u00fcsse, Kan\u00e4le, Stauseen usw.), die Wasser- und Abfallbehandlung sowie die Beseitigung von unangenehmen Ger\u00fcchen.[\/vc_column_text][vc_btn title=&#8220;Siehe unsere Referenzen&#8220; shape=&#8220;square&#8220; color=&#8220;primary&#8220; size=&#8220;lg&#8220; align=&#8220;center&#8220; i_icon_fontawesome=&#8220;far fa-file-pdf&#8220; css=&#8220;&#8220; add_icon=&#8220;true&#8220; link=&#8220;url:https%3A%2F%2Fwww.bergtecinternational.com%2Fde%2Freferenzen%2F&#8220;][\/vc_column][\/vc_row]<\/p>\n<\/div>","protected":false},"excerpt":{"rendered":"<p>[vc_row][vc_column][rev_slider_vc alias=&#8220;home_fr-11&#8243;][\/vc_column][\/vc_row][vc_row full_width=&#8220;stretch_row&#8220; el_id=&#8220;home_quote&#8220; el_class=&#8220;home_quote&#8220; css=&#8220;.vc_custom_1678286944519{padding-top: 30px !important;padding-bottom: 30px !important;background-color: #2c34a4 !important;}&#8220;][vc_column width=&#8220;4\/5&#8243;][vc_custom_heading text=&#8220;Wir sind Ihre Spezialisten f\u00fcr die Beratung, [&hellip;]<\/p>\n","protected":false},"author":2,"featured_media":0,"parent":0,"menu_order":0,"comment_status":"closed","ping_status":"closed","template":"","meta":{"om_disable_all_campaigns":false,"_monsterinsights_skip_tracking":false,"_monsterinsights_sitenote_active":false,"_monsterinsights_sitenote_note":"","_monsterinsights_sitenote_category":0,"footnotes":""},"class_list":["post-8278","page","type-page","status-publish","hentry"],"aioseo_notices":[],"_links":{"self":[{"href":"https:\/\/www.bergtecinternational.com\/de\/wp-json\/wp\/v2\/pages\/8278","targetHints":{"allow":["GET"]}}],"collection":[{"href":"https:\/\/www.bergtecinternational.com\/de\/wp-json\/wp\/v2\/pages"}],"about":[{"href":"https:\/\/www.bergtecinternational.com\/de\/wp-json\/wp\/v2\/types\/page"}],"author":[{"embeddable":true,"href":"https:\/\/www.bergtecinternational.com\/de\/wp-json\/wp\/v2\/users\/2"}],"replies":[{"embeddable":true,"href":"https:\/\/www.bergtecinternational.com\/de\/wp-json\/wp\/v2\/comments?post=8278"}],"version-history":[{"count":0,"href":"https:\/\/www.bergtecinternational.com\/de\/wp-json\/wp\/v2\/pages\/8278\/revisions"}],"wp:attachment":[{"href":"https:\/\/www.bergtecinternational.com\/de\/wp-json\/wp\/v2\/media?parent=8278"}],"curies":[{"name":"wp","href":"https:\/\/api.w.org\/{rel}","templated":true}]}}