{"id":8128,"date":"2020-12-16T08:54:08","date_gmt":"2020-12-16T08:54:08","guid":{"rendered":"https:\/\/www.bergtecinternational.com\/societe\/"},"modified":"2024-09-18T07:51:16","modified_gmt":"2024-09-18T07:51:16","slug":"uber-uns","status":"publish","type":"page","link":"https:\/\/www.bergtecinternational.com\/de\/uber-uns\/","title":{"rendered":"\u00dcber Uns"},"content":{"rendered":"<div class=\"wpb-content-wrapper\"><p>[vc_row][vc_column][vc_custom_heading text=&#8220;Experte seit 1970&#8243; font_container=&#8220;tag:h3|font_size:26|text_align:center|color:%2341b6e6&#8243; use_theme_fonts=&#8220;yes&#8220; el_class=&#8220;our_services_heading1&#8243;][vc_custom_heading text=&#8220; Fachwissen und Leidenschaft um den Unterschied zu machen.&#8220; font_container=&#8220;tag:h2|font_size:38|text_align:center|color:%23000000&#8243; use_theme_fonts=&#8220;yes&#8220; el_class=&#8220;our_services_heading2&#8243; css=&#8220;.vc_custom_1702996356386{margin-bottom: 30px !important;}&#8220;][vc_custom_heading text=&#8220;Wir sind spezialisiert auf die Entwicklung und den Verkauf von Ausr\u00fcstungen f\u00fcr das Management von Wasserl\u00e4ufen, die Behandlung von h\u00e4uslichem und industriellem Abwasser sowie die Beseitigung von unangenehmen Ger\u00fcchen.<\/p>\n<p>Die jeweiligen Produktionsst\u00e4tten f\u00fcr die einzelnen Spezialgebiete sind ganz auf die erfolgreiche Umsetzung Ihrer Projekte ausgerichtet.&#8220; font_container=&#8220;tag:div|font_size:22|text_align:center|color:%23555555&#8243; use_theme_fonts=&#8220;yes&#8220; css=&#8220;.vc_custom_1702996430410{margin-bottom: 40px !important;}&#8220;][vc_column_text css=&#8220;.vc_custom_1702996866252{padding-bottom: 60px !important;}&#8220;]<\/p>\n<h3>Wer sind wir?<\/h3>\n<p>1970 wurde die Firma MSU (Mat\u00e9riel de S\u00e9curit\u00e9 Urbain) gegr\u00fcndet, die sich im Laufe der Jahre bei gro\u00dfen \u00f6ffentlichen und privaten Auftraggebern einen Namen als Spezialist f\u00fcr die Planung und Lieferung von Ausr\u00fcstungen f\u00fcr Wasseraufbereitungs- und Wassermanagementprojekte in der Industrie und im \u00f6ffentlichen Bauwesen gemacht hat.<\/p>\n<p>Die Bergtec International AG wurde gegr\u00fcndet, um das internationale Gesch\u00e4ft mit zus\u00e4tzlichen externen Fachkr\u00e4ften zu entwickeln, die alle Spezialisten in ihrem jeweiligen Bereich sind (hydraulische Ausr\u00fcstung, Wasser- und Geruchsbehandlung).<\/p>\n<p>Wir kpnzipieren und vermarkten Ausr\u00fcstungen f\u00fcr die Aufbereitung und Verwaltung von Trink-und Abwasser, sowie industriellen Abw\u00e4ssern.<\/p>\n<p>Unser Verkaufsprogramm umfasst eine breite Palette von Schlosser- und Kesselbauausr\u00fcstungen, die dank der sorgf\u00e4ltigen Auswahl der Materialien speziell f\u00fcr aggressive Umgebungen konzipiert wurden.<\/p>\n<p>Alle unsere Produkte entsprechen den aktuellen Normen und Umweltanforderungen und f\u00fcgen sich dank ihrer ma\u00dfgeschneiderten Ausf\u00fchrung perfekt in jedes Bauwerk ein.<\/p>\n<p>Dank der Auswahl innovativer technischer L\u00f6sungen und speziell ausgew\u00e4hlter Materialien sind unsere Anlagen sowohl in ihrer Leistung als auch in ihrer Haltbarkeit garantiert.<\/p>\n<p>Unsere L\u00f6sungen sind besonders geeignet f\u00fcr aggressive Umgebungen in der Wasser- und Abfallaufbereitung sowie in Meeresumgebungen (an der K\u00fcste oder in Entsalzungsanlagen).<\/p>\n<p>Unser mehrsprachiges Team mit Erfahrung im internationalen Projektmanagement wird Sie von der Planung bis zur Fertigstellung Ihres Projekts begleiten, die Baustelle \u00fcberwachen und die internationale Transportlogistik verwalten.<\/p>\n<h3>Unsere Philosophie und Ziele<\/h3>\n<p>Wir wollen das Unternehmen sein, das in unserem Bereich Projekte gewinnt, indem wir unser Know-how st\u00e4ndig weiterentwickeln.<\/p>\n<p>Wir wollen unseren Kunden ein treuer Partner sein, unabh\u00e4ngig von ihrem Projekt, ihrer Gr\u00f6\u00dfe oder ihrer Entfernung, indem wir ihnen die besten Beratungsleistungen und Ausr\u00fcstungslieferungen bieten.<\/p>\n<p>Unser Ziel ist es, auf allen Kontinenten pr\u00e4sent zu sein und jede Gelegenheit zu nutzen, um Partnerschaften oder Kunden-Lieferanten-Beziehungen aufzub<\/p>\n<h3>Nachhaltigkeit und Umweltschutz<\/h3>\n<p>Wir suchen und bevorzugen immer die L\u00f6sungen, die am besten zu unserem Umweltschutzgedanken passen. Die Materialien, die f\u00fcr die Herstellung der Ger\u00e4te verwendet werden, sind in der Regel Aluminium, das in einem nach ISO 14000 zertifizierten Werk hergestellt wird.<\/p>\n<h3><strong>Allianzen<\/strong><\/h3>\n<p>Dank unserer Aktivit\u00e4ten auf einem dynamischen Markt mit vielf\u00e4ltigen Kompetenzen haben wir vertrauensvolle Beziehungen zu einigen der gr\u00f6\u00dften Namen im Bereich des Umweltschutzes aufgebaut, sei es bei der kompakten Wasser- und Abfallbehandlung oder der Beseitigung unangenehmer Ger\u00fcche.<\/p>\n<p>[\/vc_column_text][vc_single_image image=&#8220;1232&#8243; img_size=&#8220;full&#8220;][vc_empty_space][\/vc_column][\/vc_row]<\/p>\n<\/div>","protected":false},"excerpt":{"rendered":"<p>[vc_row][vc_column][vc_custom_heading text=&#8220;Experte seit 1970&#8243; font_container=&#8220;tag:h3|font_size:26|text_align:center|color:%2341b6e6&#8243; use_theme_fonts=&#8220;yes&#8220; el_class=&#8220;our_services_heading1&#8243;][vc_custom_heading text=&#8220; Fachwissen und Leidenschaft um den Unterschied zu machen.&#8220; font_container=&#8220;tag:h2|font_size:38|text_align:center|color:%23000000&#8243; use_theme_fonts=&#8220;yes&#8220; el_class=&#8220;our_services_heading2&#8243; css=&#8220;.vc_custom_1702996356386{margin-bottom: [&hellip;]<\/p>\n","protected":false},"author":1,"featured_media":0,"parent":0,"menu_order":1,"comment_status":"closed","ping_status":"closed","template":"","meta":{"om_disable_all_campaigns":false,"_monsterinsights_skip_tracking":false,"_monsterinsights_sitenote_active":false,"_monsterinsights_sitenote_note":"","_monsterinsights_sitenote_category":0,"footnotes":""},"class_list":["post-8128","page","type-page","status-publish","hentry"],"aioseo_notices":[],"_links":{"self":[{"href":"https:\/\/www.bergtecinternational.com\/de\/wp-json\/wp\/v2\/pages\/8128","targetHints":{"allow":["GET"]}}],"collection":[{"href":"https:\/\/www.bergtecinternational.com\/de\/wp-json\/wp\/v2\/pages"}],"about":[{"href":"https:\/\/www.bergtecinternational.com\/de\/wp-json\/wp\/v2\/types\/page"}],"author":[{"embeddable":true,"href":"https:\/\/www.bergtecinternational.com\/de\/wp-json\/wp\/v2\/users\/1"}],"replies":[{"embeddable":true,"href":"https:\/\/www.bergtecinternational.com\/de\/wp-json\/wp\/v2\/comments?post=8128"}],"version-history":[{"count":0,"href":"https:\/\/www.bergtecinternational.com\/de\/wp-json\/wp\/v2\/pages\/8128\/revisions"}],"wp:attachment":[{"href":"https:\/\/www.bergtecinternational.com\/de\/wp-json\/wp\/v2\/media?parent=8128"}],"curies":[{"name":"wp","href":"https:\/\/api.w.org\/{rel}","templated":true}]}}